{"id":1809108,"date":"2025-03-28T21:10:04","date_gmt":"2025-03-28T19:10:04","guid":{"rendered":"https:\/\/liquidmaster.pl\/soft99-glaco-roll-on-instant-dry-75ml-niewidzialna-wycieraczka\/"},"modified":"2026-04-20T08:26:27","modified_gmt":"2026-04-20T06:26:27","slug":"soft99-glaco-roll-on-instant-dry-75ml-niewidzialna-wycieraczka","status":"publish","type":"product","link":"https:\/\/liquidmaster.pl\/en\/soft99-glaco-roll-on-instant-dry-75ml-niewidzialna-wycieraczka\/","title":{"rendered":"Soft99 Glaco Roll On Instant Dry 75ml \u2013 Invisible Wiper"},"content":{"rendered":"<p>Glaco Instant Dry is a hydrophobic coating that bonds to glass surfaces in just seconds! Simply apply the product to the windshield and immediately remove any residue. Within moments, you&#039;ll be enjoying the Glaco liquid wiper effect. The coating literally repels water from the windshield, improving visibility and driving comfort in wet conditions at speeds of 45 km\/h.<\/p>\n<p>\u00a0<\/p>\n<p>Forget about using your wipers and enjoy increased resistance to dirt and smudges on your windows. Thanks to the dirt-repellent Glaco coating, you&#039;ll reduce water consumption and the need for frequent car washes, saving you time and money. Besides making it easier to keep your windows clean, Glaco Instant Dry also helps in winter by reducing the buildup of frost, ice, and snow.<\/p>\n<p>\u00a0<\/p>\n<p>Usage<\/p>\n<li>Wash the windows by hand, then clean them with Glaco Compound Roll On or Glass Compound Z.<\/li>\n<li>Spread the product onto a dry glass surface. Work in areas no larger than 50 cm x 50 cm.<\/li>\n<li>Remove any residues immediately with a dry and clean microfiber, without waiting for the agent to dry.<\/li>\n<li>Gradually cover the entire glass by repeating steps 2 and 3.<\/li>\n<p>Advice<\/p>\n<p>Do not allow the windows to come into contact with water for 10 minutes immediately after applying the agent.<\/p>\n<p>\u00a0<\/p>\n<p>Capacity 75 ml<\/p>","protected":false},"excerpt":{"rendered":"<p>Glaco Instant Dry to pow\u0142oka hydrofobowa, kt\u00f3ra wi\u0105\u017ce ze szklanymi powierzchniami w zaledwie kilka sekund! Wystarczy rozprowadzi\u0107 produkt na szybie i od razu usun\u0105\u0107 pozosta\u0142o\u015bci, by ju\u017c po kilku chwilach cieszy\u0107 si\u0119 efektem p\u0142ynnej wycieraczki Glaco. Pow\u0142oka dos\u0142ownie odpycha wod\u0119 z szyb, dzi\u0119ki czemu ju\u017c przy pr\u0119dko\u015bci 45 km\/h poprawia si\u0119 widoczno\u015b\u0107 i komfort jazdy&hellip;&nbsp;<a href=\"https:\/\/liquidmaster.pl\/en\/soft99-glaco-roll-on-instant-dry-75ml-niewidzialna-wycieraczka\/\" rel=\"bookmark\">Read More \u00bb<span class=\"screen-reader-text\">Soft99 Glaco Roll On Instant Dry 75ml \u2013 Invisible Wiper<\/span><\/a><\/p>","protected":false},"featured_media":1850118,"comment_status":"open","ping_status":"open","template":"","meta":{"neve_meta_sidebar":"","neve_meta_container":"","neve_meta_enable_content_width":"","neve_meta_content_width":0,"neve_meta_title_alignment":"","neve_meta_author_avatar":"","neve_post_elements_order":"","neve_meta_disable_header":"","neve_meta_disable_footer":"","neve_meta_disable_title":"","_themeisle_gutenberg_block_has_review":false},"product_brand":[],"product_cat":[733,794,773],"product_tag":[362],"class_list":{"0":"post-1809108","1":"product","2":"type-product","3":"status-publish","4":"has-post-thumbnail","6":"product_cat-na-zewnatrz","7":"product_cat-niewidzialna-wycieraczka","8":"product_cat-szyby","9":"product_tag-soft99","11":"first","12":"instock","13":"taxable","14":"shipping-taxable","15":"purchasable","16":"product-type-simple"},"_links":{"self":[{"href":"https:\/\/liquidmaster.pl\/en\/wp-json\/wp\/v2\/product\/1809108","targetHints":{"allow":["GET"]}}],"collection":[{"href":"https:\/\/liquidmaster.pl\/en\/wp-json\/wp\/v2\/product"}],"about":[{"href":"https:\/\/liquidmaster.pl\/en\/wp-json\/wp\/v2\/types\/product"}],"replies":[{"embeddable":true,"href":"https:\/\/liquidmaster.pl\/en\/wp-json\/wp\/v2\/comments?post=1809108"}],"wp:featuredmedia":[{"embeddable":true,"href":"https:\/\/liquidmaster.pl\/en\/wp-json\/wp\/v2\/media\/1850118"}],"wp:attachment":[{"href":"https:\/\/liquidmaster.pl\/en\/wp-json\/wp\/v2\/media?parent=1809108"}],"wp:term":[{"taxonomy":"product_brand","embeddable":true,"href":"https:\/\/liquidmaster.pl\/en\/wp-json\/wp\/v2\/product_brand?post=1809108"},{"taxonomy":"product_cat","embeddable":true,"href":"https:\/\/liquidmaster.pl\/en\/wp-json\/wp\/v2\/product_cat?post=1809108"},{"taxonomy":"product_tag","embeddable":true,"href":"https:\/\/liquidmaster.pl\/en\/wp-json\/wp\/v2\/product_tag?post=1809108"}],"curies":[{"name":"wp","href":"https:\/\/api.w.org\/{rel}","templated":true}]}}