{"id":1809105,"date":"2025-03-28T21:10:04","date_gmt":"2025-03-28T19:10:04","guid":{"rendered":"https:\/\/liquidmaster.pl\/good-stuff-icebreaker-500ml-odmrazacz-do-szyb\/"},"modified":"2026-04-21T08:27:55","modified_gmt":"2026-04-21T06:27:55","slug":"good-stuff-icebreaker-500ml-odmrazacz-do-szyb","status":"publish","type":"product","link":"https:\/\/liquidmaster.pl\/en\/good-stuff-icebreaker-500ml-odmrazacz-do-szyb\/","title":{"rendered":"Good Stuff Icebreaker 500ml \u2013 Window De-icer"},"content":{"rendered":"<p>Ice Breaker to gotowy produkt do u\u017cycia, dzia\u0142a szybko i skutecznie, bo to w\u0142a\u015bnie liczy si\u0119 w praktyce. Nie m\u00f3wimy o sekundowych efektach jak z bajki, ale o realnej wygodzie. Spryskujesz szyb\u0119, czekasz kilkana\u015bcie sekund, a l\u00f3d p\u0119ka i sp\u0142ywa jak wiosenna kra. Bez skrobania, bez frustracji, bez zb\u0119dnych opowie\u015bci o arktycznych warunkach. Nie pr\u00f3bujemy sprzedawa\u0107 niemo\u017cliwego \u2013 nie b\u0119dziemy czarowa\u0107, \u017ce Ice Breaker dzia\u0142a do -70\u00b0C, bo szczerze m\u00f3wi\u0105c, kto z nas widzia\u0142 tak\u0105 temperatur\u0119. Dzia\u0142a, bo ma dzia\u0142a\u0107 \u2013 w warunkach, kt\u00f3re znamy i kt\u00f3rych mo\u017cemy si\u0119 spodziewa\u0107. Jest wydajny, prosty w u\u017cyciu i dostosowany do tego, co najwa\u017cniejsze: codziennego \u017cycia, kapry\u015bnych, solidnych mroz\u00f3w, zmiennych temperatur i porannego po\u015bpiechu.<\/p>\n<p>Przy mniejszych mrozach zapobiega ponownemu zamarzaniu. Nie zostawia bia\u0142ego nalotu ani smug, bo wiemy, \u017ce czysto\u015b\u0107 szyby to nie luksus, a konieczno\u015b\u0107. Dodatkowo chroni wycieraczki i uszczelki przed mrozem dzi\u0119ki glikolowemu nawil\u017ceniu. Najwa\u017cniejsz\u0105 cech\u0105 tego odmra\u017cacza jest jego bezpiecze\u0144stwo dla powierzchni \u2013 nie powoduje matowienia szk\u0142a, nie narusza uszczelek ani pow\u0142ok ochronnych na szybach.<\/p>\n<p>Czy wiesz, \u017ce mo\u017ce by\u0107 stosowany do odmra\u017cania r\u00f3wnie\u017c lusterek, reflektor\u00f3w, zamk\u00f3w a\u00a0nawet\u00a0schod\u00f3w?<\/p>\n<p>Usage:<\/p>\n<li>Przed u\u017cyciem odmra\u017cacza usu\u0144 lu\u017any \u015bnieg z powierzchni szyby.<\/li>\n<li>Nast\u0119pnie r\u00f3wnomiernie spryskaj zamarzni\u0119t\u0105 powierzchni\u0119 preparatem.<\/li>\n<li>Odczekaj od kilkunastu sekund do kilku minut, w zale\u017cno\u015bci od grubo\u015bci lodu.<\/li>\n<li>Gdy l\u00f3d zacznie si\u0119 topi\u0107, usu\u0144 go za pomoc\u0105 wycieraczek, \u015bciereczki z mikrofibry lub \u015bci\u0105gaczki do szyb.<\/li>\n<p>Capacity: 500 ml<\/p>","protected":false},"excerpt":{"rendered":"<p>Ice Breaker to gotowy produkt do u\u017cycia, dzia\u0142a szybko i skutecznie, bo to w\u0142a\u015bnie liczy si\u0119 w praktyce. Nie m\u00f3wimy o sekundowych efektach jak z bajki, ale o realnej wygodzie. Spryskujesz szyb\u0119, czekasz kilkana\u015bcie sekund, a l\u00f3d p\u0119ka i sp\u0142ywa jak wiosenna kra. Bez skrobania, bez frustracji, bez zb\u0119dnych opowie\u015bci o arktycznych warunkach. Nie pr\u00f3bujemy&hellip;&nbsp;<a href=\"https:\/\/liquidmaster.pl\/en\/good-stuff-icebreaker-500ml-odmrazacz-do-szyb\/\" rel=\"bookmark\">Read More \u00bb<span class=\"screen-reader-text\">Good Stuff Icebreaker 500ml \u2013 Window De-icer<\/span><\/a><\/p>","protected":false},"featured_media":1850114,"comment_status":"open","ping_status":"open","template":"","meta":{"neve_meta_sidebar":"","neve_meta_container":"","neve_meta_enable_content_width":"","neve_meta_content_width":0,"neve_meta_title_alignment":"","neve_meta_author_avatar":"","neve_post_elements_order":"","neve_meta_disable_header":"","neve_meta_disable_footer":"","neve_meta_disable_title":"","_themeisle_gutenberg_block_has_review":false},"product_brand":[],"product_cat":[733,784,773],"product_tag":[300],"class_list":{"0":"post-1809105","1":"product","2":"type-product","3":"status-publish","4":"has-post-thumbnail","6":"product_cat-na-zewnatrz","7":"product_cat-odmrazacze-do-szyb","8":"product_cat-szyby","9":"product_tag-good-stuff","11":"first","12":"instock","13":"taxable","14":"shipping-taxable","15":"purchasable","16":"product-type-simple"},"_links":{"self":[{"href":"https:\/\/liquidmaster.pl\/en\/wp-json\/wp\/v2\/product\/1809105","targetHints":{"allow":["GET"]}}],"collection":[{"href":"https:\/\/liquidmaster.pl\/en\/wp-json\/wp\/v2\/product"}],"about":[{"href":"https:\/\/liquidmaster.pl\/en\/wp-json\/wp\/v2\/types\/product"}],"replies":[{"embeddable":true,"href":"https:\/\/liquidmaster.pl\/en\/wp-json\/wp\/v2\/comments?post=1809105"}],"wp:featuredmedia":[{"embeddable":true,"href":"https:\/\/liquidmaster.pl\/en\/wp-json\/wp\/v2\/media\/1850114"}],"wp:attachment":[{"href":"https:\/\/liquidmaster.pl\/en\/wp-json\/wp\/v2\/media?parent=1809105"}],"wp:term":[{"taxonomy":"product_brand","embeddable":true,"href":"https:\/\/liquidmaster.pl\/en\/wp-json\/wp\/v2\/product_brand?post=1809105"},{"taxonomy":"product_cat","embeddable":true,"href":"https:\/\/liquidmaster.pl\/en\/wp-json\/wp\/v2\/product_cat?post=1809105"},{"taxonomy":"product_tag","embeddable":true,"href":"https:\/\/liquidmaster.pl\/en\/wp-json\/wp\/v2\/product_tag?post=1809105"}],"curies":[{"name":"wp","href":"https:\/\/api.w.org\/{rel}","templated":true}]}}