{"id":1809087,"date":"2025-03-28T21:08:28","date_gmt":"2025-03-28T19:08:28","guid":{"rendered":"https:\/\/liquidmaster.pl\/innovacar-sc6-wet-dressing-500ml-dressing-do-opon-z-efektem-mocnego-polysku\/"},"modified":"2026-04-18T04:45:42","modified_gmt":"2026-04-18T02:45:42","slug":"innovacar-sc6-wet-dressing-500ml-dressing-do-opon-z-efektem-mocnego-polysku","status":"publish","type":"product","link":"https:\/\/liquidmaster.pl\/en\/innovacar-sc6-wet-dressing-500ml-dressing-do-opon-z-efektem-mocnego-polysku\/","title":{"rendered":"Innovacar SC6 Wet Dressing 500ml \u2013 tire dressing with a high-gloss effect"},"content":{"rendered":"<p>SC6 Wet Dressing by Innovacar is an ultra-glossy, next-generation hydrophobic treatment designed to restore intense color and shine to tires, rubber parts, seals and plastic car parts.<\/p>\n<p>The main features of this product are:<\/p>\n<ul>\n<li>Ultra-glossy finish: the perfect solution for those who want to restore intense color with an ultra-glossy and shiny effect;<\/li>\n<li>Hydrophobic and antistatic protection: creates a barrier that prevents dirt and contaminants from settling;<\/li>\n<li>Protective coating: once cured, it creates a hydrophobic and self-cleaning layer that lasts for many kilometers, is rain-resistant and protects tires from UV rays, cracking and fading;<\/li>\n<li>Fast drying: The drying time is very fast to avoid frustrating splashing phenomena when the car is moved immediately after application;<\/li>\n<li>Ease of use: the consistency of the product makes it easy to use, with minimal waste;<\/li>\n<li>Multi-purpose: can be used on seals, plastic parts, covers, dashboard and engine compartment.<\/li>\n<\/ul>\n<p>Average consumption:<\/p>\n<p>For one tire: 4-5 ml.<br \/>\nFor a set of 4 tires: 16-20 ml.<\/p>\n<p>Summary of technical data:<\/p>\n<p>Self-cleaning ability: 5\/5<br \/>\nPearling: 5\/5<br \/>\nColor Depth: 5\/5<br \/>\nDuration: 4\/5<br \/>\nSurface safety: YES<br \/>\nDrying: Within 20 minutes<br \/>\nCuring time: After 2 hours<\/p>\n<p>Usage:<\/p>\n<p>How to renovate and restore shine to tires, rubber and plastic car parts with SC6 Wet Dressing:<\/p>\n<p>If you want greater color depth and shine, a second coat can be applied again after 15-30 minutes.<\/p>\n<p>For use on tires:<\/p>\n<li>Thoroughly prepare your tires by pre-washing them with 100% DEGREASING or SP1 PREWASH, assisting with a TIRE BRUSH if necessary.<\/li>\n<li>Decontaminate and wash the tires with the SD1 IRON, assisting with the TIRE BRUSH if necessary;<\/li>\n<li>Perform a D2 CHECK pass with a dedicated microfiber to remove traces of previous protective agents and any remaining residue;<\/li>\n<li>Shake SC6 WET and apply a small amount of product to the MICRON APP microfiber applicator, then spread the product evenly over the entire tire;<\/li>\n<li>For durability, it is recommended to allow the product to absorb, removing excess after 15-30 minutes;<\/li>\n<li>If you want to achieve greater color depth and shine, a second coat can be applied again after 15-30 minutes;<\/li>\n<li>The product is fully activated after 2 hours.<\/li>\n<p>How to brighten, restore and restore shine to plastic parts, car seals, covers, dashboard and engine compartment:<\/p>\n<li>Prepare the surface thoroughly by cleaning it thoroughly, then use D2 CHECK 1:3 on the covers, external plastic parts and engine compartment or 0 AMONA 1:10 on internal plastic parts and dashboard.<\/li>\n<li>Apply the product to a MICRON APP microfiber cloth and spread evenly over the entire surface. For seals, use a small brush;<\/li>\n<li>For durability, it is recommended to leave the product to absorb, removing excess after 15-30 minutes;<\/li>\n<li>If you want to achieve greater color depth and shine, a second coat can be applied again after 15-30 minutes;<\/li>\n<li>The product is fully activated after 2 hours.<\/li>\n<p>For tire maintenance:<\/p>\n<li>Use SP1 PREWASH for touchless pre-washing;<\/li>\n<li>If necessary, perform another cleaning with SD1 IRON THIXO RAPID using a medium hardness brush.<\/li>\n<li>Precautions: Do not apply product to treads. Best results are achieved on well-maintained surfaces.<\/li>\n<p>Capacity 500 ml<\/p>\n<p>\u00a0<\/p>","protected":false},"excerpt":{"rendered":"<p>SC6 Wet Dressing firmy Innovacar to ultrab\u0142yszcz\u0105cy, najnowszej generacji hydrofobowy \u015brodek, opracowany w celu przywr\u00f3cenia intensywnego koloru i po\u0142ysku oponom, cz\u0119\u015bciom gumowym, uszczelkom i plastikowym cz\u0119\u015bciom samochodowym. G\u0142\u00f3wne cechy tego produktu to: Ultrab\u0142yszcz\u0105ce wyko\u0144czenie: doskona\u0142e rozwi\u0105zanie dla os\u00f3b, kt\u00f3re chc\u0105 przywr\u00f3ci\u0107 intensywny kolor z ultrab\u0142yszcz\u0105cym i b\u0142yszcz\u0105cym efektem; Ochrona hydrofobowa i antystatyczna: tworzy barier\u0119, kt\u00f3ra&hellip;&nbsp;<a href=\"https:\/\/liquidmaster.pl\/en\/innovacar-sc6-wet-dressing-500ml-dressing-do-opon-z-efektem-mocnego-polysku\/\" rel=\"bookmark\">Read More \u00bb<span class=\"screen-reader-text\">Innovacar SC6 Wet Dressing 500ml \u2013 tire dressing with a high-gloss effect<\/span><\/a><\/p>","protected":false},"featured_media":1850081,"comment_status":"open","ping_status":"open","template":"","meta":{"neve_meta_sidebar":"","neve_meta_container":"","neve_meta_enable_content_width":"","neve_meta_content_width":0,"neve_meta_title_alignment":"","neve_meta_author_avatar":"","neve_post_elements_order":"","neve_meta_disable_header":"","neve_meta_disable_footer":"","neve_meta_disable_title":"","_themeisle_gutenberg_block_has_review":false},"product_brand":[],"product_cat":[765,745,733],"product_tag":[310],"class_list":{"0":"post-1809087","1":"product","2":"type-product","3":"status-publish","4":"has-post-thumbnail","6":"product_cat-dressingi","7":"product_cat-kola-i-opony","8":"product_cat-na-zewnatrz","9":"product_tag-innovacar","11":"first","12":"instock","13":"taxable","14":"shipping-taxable","15":"purchasable","16":"product-type-simple"},"_links":{"self":[{"href":"https:\/\/liquidmaster.pl\/en\/wp-json\/wp\/v2\/product\/1809087","targetHints":{"allow":["GET"]}}],"collection":[{"href":"https:\/\/liquidmaster.pl\/en\/wp-json\/wp\/v2\/product"}],"about":[{"href":"https:\/\/liquidmaster.pl\/en\/wp-json\/wp\/v2\/types\/product"}],"replies":[{"embeddable":true,"href":"https:\/\/liquidmaster.pl\/en\/wp-json\/wp\/v2\/comments?post=1809087"}],"wp:featuredmedia":[{"embeddable":true,"href":"https:\/\/liquidmaster.pl\/en\/wp-json\/wp\/v2\/media\/1850081"}],"wp:attachment":[{"href":"https:\/\/liquidmaster.pl\/en\/wp-json\/wp\/v2\/media?parent=1809087"}],"wp:term":[{"taxonomy":"product_brand","embeddable":true,"href":"https:\/\/liquidmaster.pl\/en\/wp-json\/wp\/v2\/product_brand?post=1809087"},{"taxonomy":"product_cat","embeddable":true,"href":"https:\/\/liquidmaster.pl\/en\/wp-json\/wp\/v2\/product_cat?post=1809087"},{"taxonomy":"product_tag","embeddable":true,"href":"https:\/\/liquidmaster.pl\/en\/wp-json\/wp\/v2\/product_tag?post=1809087"}],"curies":[{"name":"wp","href":"https:\/\/api.w.org\/{rel}","templated":true}]}}