{"id":1809071,"date":"2025-03-28T21:06:29","date_gmt":"2025-03-28T19:06:29","guid":{"rendered":"https:\/\/liquidmaster.pl\/adbl-spirits-hays-deep-noir-30ml-perfumy-do-samochodu\/"},"modified":"2026-04-18T04:45:38","modified_gmt":"2026-04-18T02:45:38","slug":"adbl-spirits-hays-deep-noir-30ml-perfumy-do-samochodu","status":"publish","type":"product","link":"https:\/\/liquidmaster.pl\/en\/adbl-spirits-hays-deep-noir-30ml-perfumy-do-samochodu\/","title":{"rendered":"ADBL Spirits Hays Deep Noir 30ml \u2013 car perfume"},"content":{"rendered":"<p>Elegancki i zmys\u0142owy. Perfumy z dominuj\u0105cymi nutami drzewa sanda\u0142owego to wyb\u00f3r dla osoby, kt\u00f3ra ceni subtelno\u015b\u0107 i wyrafinowanie. Harmonijne po\u0142\u0105czenie g\u0142\u0119bokiej paczuli ze s\u0142odycz\u0105 pi\u017cma tworzy zmys\u0142ow\u0105 baz\u0119, wzbogacon\u0105 bursztynow\u0105 nut\u0105. W sercu kompozycji subtelne nuty bia\u0142ych kwiat\u00f3w dodaj\u0105 g\u0142\u0119bi, tworz\u0105c esencj\u0119 pewno\u015bci siebie i ponadczasowej elegancji.<\/p>\n<p>Nuty G\u0142owy: s\u0142odki, \u015bwie\u017ce owocowe<br \/>\nNuty Serca: kwiatowe, bia\u0142e kwiaty, drzewo sanda\u0142owe<br \/>\nNuty Bazowe: pi\u017cmo, paczula,fasola tonka,gourmand, bursztyn, drzewo sanda\u0142owe, drzewo cedrowe<\/p>\n<p>\nCapacity 30 ml<\/p>\n<p>\u00a0<\/p>","protected":false},"excerpt":{"rendered":"<p>Elegancki i zmys\u0142owy. Perfumy z dominuj\u0105cymi nutami drzewa sanda\u0142owego to wyb\u00f3r dla osoby, kt\u00f3ra ceni subtelno\u015b\u0107 i wyrafinowanie. Harmonijne po\u0142\u0105czenie g\u0142\u0119bokiej paczuli ze s\u0142odycz\u0105 pi\u017cma tworzy zmys\u0142ow\u0105 baz\u0119, wzbogacon\u0105 bursztynow\u0105 nut\u0105. W sercu kompozycji subtelne nuty bia\u0142ych kwiat\u00f3w dodaj\u0105 g\u0142\u0119bi, tworz\u0105c esencj\u0119 pewno\u015bci siebie i ponadczasowej elegancji. Nuty G\u0142owy: s\u0142odki, \u015bwie\u017ce owocowe Nuty Serca: kwiatowe,&hellip;&nbsp;<a href=\"https:\/\/liquidmaster.pl\/en\/adbl-spirits-hays-deep-noir-30ml-perfumy-do-samochodu\/\" rel=\"bookmark\">Read More \u00bb<span class=\"screen-reader-text\">ADBL Spirits Hays Deep Noir 30ml \u2013 car perfume<\/span><\/a><\/p>","protected":false},"featured_media":1850042,"comment_status":"open","ping_status":"open","template":"","meta":{"neve_meta_sidebar":"","neve_meta_container":"","neve_meta_enable_content_width":"","neve_meta_content_width":0,"neve_meta_title_alignment":"","neve_meta_author_avatar":"","neve_post_elements_order":"","neve_meta_disable_header":"","neve_meta_disable_footer":"","neve_meta_disable_title":"","_themeisle_gutenberg_block_has_review":false},"product_brand":[],"product_cat":[801,802,768],"product_tag":[258],"class_list":{"0":"post-1809071","1":"product","2":"type-product","3":"status-publish","4":"has-post-thumbnail","6":"product_cat-odswiezacze-powietrza","7":"product_cat-perfumy-i-spraye","8":"product_cat-wnetrze-auta","9":"product_tag-adbl","11":"first","12":"instock","13":"taxable","14":"shipping-taxable","15":"purchasable","16":"product-type-simple"},"_links":{"self":[{"href":"https:\/\/liquidmaster.pl\/en\/wp-json\/wp\/v2\/product\/1809071","targetHints":{"allow":["GET"]}}],"collection":[{"href":"https:\/\/liquidmaster.pl\/en\/wp-json\/wp\/v2\/product"}],"about":[{"href":"https:\/\/liquidmaster.pl\/en\/wp-json\/wp\/v2\/types\/product"}],"replies":[{"embeddable":true,"href":"https:\/\/liquidmaster.pl\/en\/wp-json\/wp\/v2\/comments?post=1809071"}],"wp:featuredmedia":[{"embeddable":true,"href":"https:\/\/liquidmaster.pl\/en\/wp-json\/wp\/v2\/media\/1850042"}],"wp:attachment":[{"href":"https:\/\/liquidmaster.pl\/en\/wp-json\/wp\/v2\/media?parent=1809071"}],"wp:term":[{"taxonomy":"product_brand","embeddable":true,"href":"https:\/\/liquidmaster.pl\/en\/wp-json\/wp\/v2\/product_brand?post=1809071"},{"taxonomy":"product_cat","embeddable":true,"href":"https:\/\/liquidmaster.pl\/en\/wp-json\/wp\/v2\/product_cat?post=1809071"},{"taxonomy":"product_tag","embeddable":true,"href":"https:\/\/liquidmaster.pl\/en\/wp-json\/wp\/v2\/product_tag?post=1809071"}],"curies":[{"name":"wp","href":"https:\/\/api.w.org\/{rel}","templated":true}]}}