{"id":1809067,"date":"2025-03-28T21:06:29","date_gmt":"2025-03-28T19:06:29","guid":{"rendered":"https:\/\/liquidmaster.pl\/adbl-spirits-fame-30ml-perfumy-do-samochodu\/"},"modified":"2026-04-18T04:45:37","modified_gmt":"2026-04-18T02:45:37","slug":"adbl-spirits-fame-30ml-perfumy-do-samochodu","status":"publish","type":"product","link":"https:\/\/liquidmaster.pl\/en\/adbl-spirits-fame-30ml-perfumy-do-samochodu\/","title":{"rendered":"ADBL Spirits Fame 30ml \u2013 car perfume"},"content":{"rendered":"<p>Elegant and refined. A perfume created for those who value luxury and the spotlight. A perfectly composed blend of vanilla, amber and tonka bean creates a scent that takes you to the red carpet, enveloping you in an aura of uniqueness. To complete the experience, the aroma of exotic fruits, jasmine and patchouli will make you feel like a real star.<\/p>\n<p>Top Notes: Grapefruit, Mandarin, Orange, Green Apple, Pineapple<br \/>\nHeart Notes: Jasmine, Damask Rose, Patchouli, Orris Roots<br \/>\nBase Notes: Vanilla, Tonka Bean, Cedarwood, Sandalwood, Amber, Musk<\/p>\n<p>Capacity 30 ml<\/p>","protected":false},"excerpt":{"rendered":"<p>Eleganckie i wytworne. Perfumy stworzone dla tych, kt\u00f3rzy ceni\u0105 luksus i blask reflektor\u00f3w. Doskonale skomponowana mieszanka wanilii, bursztynu i fasoli tonka tworzy zapach, kt\u00f3ry przenosi Ci\u0119 na czerwony dywan, otulaj\u0105c aur\u0105 wyj\u0105tkowo\u015bci. Dla dope\u0142nienia doznania, aromat egzotycznych owoc\u00f3w, ja\u015bminu i paczuli sprawi, \u017ce poczujesz si\u0119 jak prawdziwa gwiazda. Nuty G\u0142owy: grejpfrut, mandarynka, pomara\u0144cz, zielone jab\u0142ko,&hellip;&nbsp;<a href=\"https:\/\/liquidmaster.pl\/en\/adbl-spirits-fame-30ml-perfumy-do-samochodu\/\" rel=\"bookmark\">Read More \u00bb<span class=\"screen-reader-text\">ADBL Spirits Fame 30ml \u2013 car perfume<\/span><\/a><\/p>","protected":false},"featured_media":1850038,"comment_status":"open","ping_status":"open","template":"","meta":{"neve_meta_sidebar":"","neve_meta_container":"","neve_meta_enable_content_width":"","neve_meta_content_width":0,"neve_meta_title_alignment":"","neve_meta_author_avatar":"","neve_post_elements_order":"","neve_meta_disable_header":"","neve_meta_disable_footer":"","neve_meta_disable_title":"","_themeisle_gutenberg_block_has_review":false},"product_brand":[],"product_cat":[801,802,768],"product_tag":[258],"class_list":{"0":"post-1809067","1":"product","2":"type-product","3":"status-publish","4":"has-post-thumbnail","6":"product_cat-odswiezacze-powietrza","7":"product_cat-perfumy-i-spraye","8":"product_cat-wnetrze-auta","9":"product_tag-adbl","11":"first","12":"instock","13":"taxable","14":"shipping-taxable","15":"purchasable","16":"product-type-simple"},"_links":{"self":[{"href":"https:\/\/liquidmaster.pl\/en\/wp-json\/wp\/v2\/product\/1809067","targetHints":{"allow":["GET"]}}],"collection":[{"href":"https:\/\/liquidmaster.pl\/en\/wp-json\/wp\/v2\/product"}],"about":[{"href":"https:\/\/liquidmaster.pl\/en\/wp-json\/wp\/v2\/types\/product"}],"replies":[{"embeddable":true,"href":"https:\/\/liquidmaster.pl\/en\/wp-json\/wp\/v2\/comments?post=1809067"}],"wp:featuredmedia":[{"embeddable":true,"href":"https:\/\/liquidmaster.pl\/en\/wp-json\/wp\/v2\/media\/1850038"}],"wp:attachment":[{"href":"https:\/\/liquidmaster.pl\/en\/wp-json\/wp\/v2\/media?parent=1809067"}],"wp:term":[{"taxonomy":"product_brand","embeddable":true,"href":"https:\/\/liquidmaster.pl\/en\/wp-json\/wp\/v2\/product_brand?post=1809067"},{"taxonomy":"product_cat","embeddable":true,"href":"https:\/\/liquidmaster.pl\/en\/wp-json\/wp\/v2\/product_cat?post=1809067"},{"taxonomy":"product_tag","embeddable":true,"href":"https:\/\/liquidmaster.pl\/en\/wp-json\/wp\/v2\/product_tag?post=1809067"}],"curies":[{"name":"wp","href":"https:\/\/api.w.org\/{rel}","templated":true}]}}