{"id":1809038,"date":"2025-03-28T21:02:51","date_gmt":"2025-03-28T19:02:51","guid":{"rendered":"https:\/\/liquidmaster.pl\/kiurlab-dry-agent-20l-osuszacz-do-lakieru\/"},"modified":"2026-04-20T08:26:10","modified_gmt":"2026-04-20T06:26:10","slug":"kiurlab-dry-agent-20l-osuszacz-do-lakieru","status":"publish","type":"product","link":"https:\/\/liquidmaster.pl\/en\/kiurlab-dry-agent-20l-osuszacz-do-lakieru\/","title":{"rendered":"Kiurlab Dry Agent 20L \u2013 paint dryer"},"content":{"rendered":"<p>KiurLab Dry Agent to zaawansowany preparat do osuszania samochodu, kt\u00f3ry nie tylko przyspiesza usuwanie wody z lakieru, ale tak\u017ce zapewnia trwa\u0142\u0105 ochron\u0119 hydrofobow\u0105. Po jego zastosowaniu powierzchnia lakieru staje si\u0119 odporna na wod\u0119 i zabrudzenia, a dodatkowo zyskuje g\u0142\u0119bszy po\u0142ysk i subtelne przyciemnienie. To innowacyjne rozwi\u0105zanie dla ka\u017cdego, kto ceni sobie szybkie i skuteczne sposoby na piel\u0119gnacj\u0119 samochodu. Dry Agent jest idealny zar\u00f3wno dla os\u00f3b piel\u0119gnuj\u0105cych auto w warunkach domowych, jak i dla profesjonalnych detailer\u00f3w, kt\u00f3rzy szukaj\u0105 wydajnego i niezawodnego \u015brodka.<\/p>\n<p>Product advantages:<\/p>\n<ul>\n<li>Hydrofobowa bariera ochronna \u2013 odpycha wod\u0119, zapobiegaj\u0105c zaciekami i plamom.<\/li>\n<li>Podkre\u015blenie estetyki lakieru \u2013 g\u0142\u0119bszy kolor, wyra\u017aniejszy po\u0142ysk i efekt przyciemnienia.<\/li>\n<li>Uniwersalno\u015b\u0107 \u2013 bezpieczny dla wszystkich typ\u00f3w lakier\u00f3w i element\u00f3w karoserii.<\/li>\n<li>\u0141atwo\u015b\u0107 aplikacji \u2013 idealny zar\u00f3wno dla amator\u00f3w, jak i profesjonalist\u00f3w.<\/li>\n<li>D\u0142ugotrwa\u0142y efekt \u2013 dzia\u0142anie utrzymuje si\u0119 nawet do 3 miesi\u0119cy.<\/li>\n<\/ul>\n<p>Sposoby u\u017cycia:<\/p>\n<p>Szybka aplikacja na mokro<\/p>\n<li>Rozpyl preparat na mokry lakier (1\u20132 psikni\u0119cia na element).<\/li>\n<li>Odczekaj 30\u201340 sekund i sp\u0142ucz wod\u0105 pod wysokim ci\u015bnieniem.<\/li>\n<li>Osusz samoch\u00f3d r\u0119cznikiem z mikrofibry.<\/li>\n<p>Aplikacja z docieraniem<\/p>\n<li>Rozpyl cienk\u0105 warstw\u0119 na lakier (2\u20133 psikni\u0119cia na element).<\/li>\n<li>Dotrzyj do sucha mikrofibr\u0105, unikaj\u0105c wyschni\u0119cia preparatu na lakierze.<\/li>\n<li>Powtarzaj krok po kroku na ka\u017cdym elemencie auta.<\/li>\n<p>Capacity: 20L<\/p>","protected":false},"excerpt":{"rendered":"<p>KiurLab Dry Agent to zaawansowany preparat do osuszania samochodu, kt\u00f3ry nie tylko przyspiesza usuwanie wody z lakieru, ale tak\u017ce zapewnia trwa\u0142\u0105 ochron\u0119 hydrofobow\u0105. Po jego zastosowaniu powierzchnia lakieru staje si\u0119 odporna na wod\u0119 i zabrudzenia, a dodatkowo zyskuje g\u0142\u0119bszy po\u0142ysk i subtelne przyciemnienie. To innowacyjne rozwi\u0105zanie dla ka\u017cdego, kto ceni sobie szybkie i skuteczne sposoby&hellip;&nbsp;<a href=\"https:\/\/liquidmaster.pl\/en\/kiurlab-dry-agent-20l-osuszacz-do-lakieru\/\" rel=\"bookmark\">Read More \u00bb<span class=\"screen-reader-text\">Kiurlab Dry Agent 20L \u2013 paint dryer<\/span><\/a><\/p>","protected":false},"featured_media":1849988,"comment_status":"open","ping_status":"open","template":"","meta":{"neve_meta_sidebar":"","neve_meta_container":"","neve_meta_enable_content_width":"","neve_meta_content_width":0,"neve_meta_title_alignment":"","neve_meta_author_avatar":"","neve_post_elements_order":"","neve_meta_disable_header":"","neve_meta_disable_footer":"","neve_meta_disable_title":"","_themeisle_gutenberg_block_has_review":false},"product_brand":[],"product_cat":[734,733,821],"product_tag":[917],"class_list":{"0":"post-1809038","1":"product","2":"type-product","3":"status-publish","4":"has-post-thumbnail","6":"product_cat-mycie-i-osuszanie","7":"product_cat-na-zewnatrz","8":"product_cat-wspomaganie-osuszania","9":"product_tag-kiurlab","11":"first","12":"instock","13":"taxable","14":"shipping-taxable","15":"purchasable","16":"product-type-simple"},"_links":{"self":[{"href":"https:\/\/liquidmaster.pl\/en\/wp-json\/wp\/v2\/product\/1809038","targetHints":{"allow":["GET"]}}],"collection":[{"href":"https:\/\/liquidmaster.pl\/en\/wp-json\/wp\/v2\/product"}],"about":[{"href":"https:\/\/liquidmaster.pl\/en\/wp-json\/wp\/v2\/types\/product"}],"replies":[{"embeddable":true,"href":"https:\/\/liquidmaster.pl\/en\/wp-json\/wp\/v2\/comments?post=1809038"}],"wp:featuredmedia":[{"embeddable":true,"href":"https:\/\/liquidmaster.pl\/en\/wp-json\/wp\/v2\/media\/1849988"}],"wp:attachment":[{"href":"https:\/\/liquidmaster.pl\/en\/wp-json\/wp\/v2\/media?parent=1809038"}],"wp:term":[{"taxonomy":"product_brand","embeddable":true,"href":"https:\/\/liquidmaster.pl\/en\/wp-json\/wp\/v2\/product_brand?post=1809038"},{"taxonomy":"product_cat","embeddable":true,"href":"https:\/\/liquidmaster.pl\/en\/wp-json\/wp\/v2\/product_cat?post=1809038"},{"taxonomy":"product_tag","embeddable":true,"href":"https:\/\/liquidmaster.pl\/en\/wp-json\/wp\/v2\/product_tag?post=1809038"}],"curies":[{"name":"wp","href":"https:\/\/api.w.org\/{rel}","templated":true}]}}