{"id":1809033,"date":"2025-03-28T21:02:51","date_gmt":"2025-03-28T19:02:51","guid":{"rendered":"https:\/\/liquidmaster.pl\/adbl-interior-matt-max-500ml-matowy-dressing-do-plastikow-tworzyw-sztucznych-winylu\/"},"modified":"2026-04-18T04:45:30","modified_gmt":"2026-04-18T02:45:30","slug":"adbl-interior-matt-max-500ml-matowy-dressing-do-plastikow-tworzyw-sztucznych-winylu","status":"publish","type":"product","link":"https:\/\/liquidmaster.pl\/en\/adbl-interior-matt-max-500ml-matowy-dressing-do-plastikow-tworzyw-sztucznych-winylu\/","title":{"rendered":"ADBL Interior Matt Max 500ml \u2013 matte dressing for plastics, synthetic materials, vinyl"},"content":{"rendered":"<p>ADBL Interior Matt Max is a matte dressing for plastics. It nourishes and darkens the surface. It leaves a matte finish even on naturally glossy surfaces. It has excellent covering properties. Ideal for demanding, smooth surfaces.<\/p>\n<p>Ready to use.<\/p>\n<p>Capacity: 500 ml<\/p>","protected":false},"excerpt":{"rendered":"<p>ADBL Interior Matt Max\u00a0 matowy dressing do tworzyw sztucznych. Od\u017cywia i\u00a0przyciemnia powierzchni\u0119. Pozostawia matowe wyko\u0144czenie nawet na naturalnie b\u0142yszcz\u0105cych strukturach. Posiada doskona\u0142e w\u0142a\u015bciwo\u015bci kryj\u0105ce. Idealny dla wymagaj\u0105cych, g\u0142adkich powierzchni. Gotowy do u\u017cycia. Pojemno\u015b\u0107: 500 ml<\/p>","protected":false},"featured_media":1849984,"comment_status":"open","ping_status":"open","template":"","meta":{"neve_meta_sidebar":"","neve_meta_container":"","neve_meta_enable_content_width":"","neve_meta_content_width":0,"neve_meta_title_alignment":"","neve_meta_author_avatar":"","neve_post_elements_order":"","neve_meta_disable_header":"","neve_meta_disable_footer":"","neve_meta_disable_title":"","_themeisle_gutenberg_block_has_review":false},"product_brand":[],"product_cat":[796,795,768],"product_tag":[258],"class_list":{"0":"post-1809033","1":"product","2":"type-product","3":"status-publish","4":"has-post-thumbnail","6":"product_cat-ochrona-plastikow-wewnetrznych","7":"product_cat-plastiki-wewnetrzne","8":"product_cat-wnetrze-auta","9":"product_tag-adbl","10":"pa_promocja-promocje","12":"first","13":"instock","14":"taxable","15":"shipping-taxable","16":"purchasable","17":"product-type-simple"},"_links":{"self":[{"href":"https:\/\/liquidmaster.pl\/en\/wp-json\/wp\/v2\/product\/1809033","targetHints":{"allow":["GET"]}}],"collection":[{"href":"https:\/\/liquidmaster.pl\/en\/wp-json\/wp\/v2\/product"}],"about":[{"href":"https:\/\/liquidmaster.pl\/en\/wp-json\/wp\/v2\/types\/product"}],"replies":[{"embeddable":true,"href":"https:\/\/liquidmaster.pl\/en\/wp-json\/wp\/v2\/comments?post=1809033"}],"wp:featuredmedia":[{"embeddable":true,"href":"https:\/\/liquidmaster.pl\/en\/wp-json\/wp\/v2\/media\/1849984"}],"wp:attachment":[{"href":"https:\/\/liquidmaster.pl\/en\/wp-json\/wp\/v2\/media?parent=1809033"}],"wp:term":[{"taxonomy":"product_brand","embeddable":true,"href":"https:\/\/liquidmaster.pl\/en\/wp-json\/wp\/v2\/product_brand?post=1809033"},{"taxonomy":"product_cat","embeddable":true,"href":"https:\/\/liquidmaster.pl\/en\/wp-json\/wp\/v2\/product_cat?post=1809033"},{"taxonomy":"product_tag","embeddable":true,"href":"https:\/\/liquidmaster.pl\/en\/wp-json\/wp\/v2\/product_tag?post=1809033"}],"curies":[{"name":"wp","href":"https:\/\/api.w.org\/{rel}","templated":true}]}}