{"id":1809027,"date":"2025-03-28T21:02:29","date_gmt":"2025-03-28T19:02:29","guid":{"rendered":"https:\/\/liquidmaster.pl\/adbl-clay-bar-rainbow-set-3x50g-zestaw-trzech-glinek-do-lakieru\/"},"modified":"2026-04-18T04:45:29","modified_gmt":"2026-04-18T02:45:29","slug":"adbl-clay-bar-rainbow-set-3x50g-zestaw-trzech-glinek-do-lakieru","status":"publish","type":"product","link":"https:\/\/liquidmaster.pl\/en\/adbl-clay-bar-rainbow-set-3x50g-zestaw-trzech-glinek-do-lakieru\/","title":{"rendered":"ADBL Clay Bar Rainbow Set 3x50g \u2013 a set of three clays for nail polish"},"content":{"rendered":"<p>High-quality paint clay bars in various hardnesses: soft (orange)\/medium (purple)\/hard (gray) for removing dirt from paintwork and windows, including resin, tar, airborne rust, paint dust, and mineral deposits. Note: Before use, soak briefly in lukewarm\/warm water. Always use with a clay lubricant, such as ADBL Slippy. Match the clay bar to the hardness of the paint and the degree of contamination.<\/p>\n<ul>\n<li>Easy to use, high plasticity \u00a0<\/li>\n<li>Safe for paintwork<\/li>\n<li>They thoroughly collect dirt<\/li>\n<\/ul>\n<p>The set contains three clays of different hardness, 50g each.<\/p>","protected":false},"excerpt":{"rendered":"<p>Wysokiej jako\u015bci glinki lakiernicze o r\u00f3\u017cnej twardo\u015bci: mi\u0119kka (pomara\u0144czowa)\/\u015brednio twarda (fioletowa)\/twarda (szara) do usuwania zabrudze\u0144 z lakieru oraz szyb obejmuj\u0105cych m.in.: \u017cywic\u0119, smo\u0142\u0119, lotn\u0105 rdz\u0119, odkurz lakierniczy, osady mineralne. Uwaga: przed zastosowaniem zamocz na chwil\u0119 w letniej\/cieplej wodzie. Stosuj zawsze z lubrykantem do glinkowania np. ADBL Slippy. Dostosuj rodzaj glinki do twardo\u015bci lakieru oraz stopnia&hellip;&nbsp;<a href=\"https:\/\/liquidmaster.pl\/en\/adbl-clay-bar-rainbow-set-3x50g-zestaw-trzech-glinek-do-lakieru\/\" rel=\"bookmark\">Read More \u00bb<span class=\"screen-reader-text\">ADBL Clay Bar Rainbow Set 3x50g \u2013 a set of three clays for nail polish<\/span><\/a><\/p>","protected":false},"featured_media":1849974,"comment_status":"open","ping_status":"open","template":"","meta":{"neve_meta_sidebar":"","neve_meta_container":"","neve_meta_enable_content_width":"","neve_meta_content_width":0,"neve_meta_title_alignment":"","neve_meta_author_avatar":"","neve_post_elements_order":"","neve_meta_disable_header":"","neve_meta_disable_footer":"","neve_meta_disable_title":"","_themeisle_gutenberg_block_has_review":false},"product_brand":[],"product_cat":[743,763,733],"product_tag":[258],"class_list":{"0":"post-1809027","1":"product","2":"type-product","3":"status-publish","4":"has-post-thumbnail","6":"product_cat-dekontaminacja","7":"product_cat-glinki-i-lubrykanty","8":"product_cat-na-zewnatrz","9":"product_tag-adbl","11":"first","12":"instock","13":"taxable","14":"shipping-taxable","15":"purchasable","16":"product-type-simple"},"_links":{"self":[{"href":"https:\/\/liquidmaster.pl\/en\/wp-json\/wp\/v2\/product\/1809027","targetHints":{"allow":["GET"]}}],"collection":[{"href":"https:\/\/liquidmaster.pl\/en\/wp-json\/wp\/v2\/product"}],"about":[{"href":"https:\/\/liquidmaster.pl\/en\/wp-json\/wp\/v2\/types\/product"}],"replies":[{"embeddable":true,"href":"https:\/\/liquidmaster.pl\/en\/wp-json\/wp\/v2\/comments?post=1809027"}],"wp:featuredmedia":[{"embeddable":true,"href":"https:\/\/liquidmaster.pl\/en\/wp-json\/wp\/v2\/media\/1849974"}],"wp:attachment":[{"href":"https:\/\/liquidmaster.pl\/en\/wp-json\/wp\/v2\/media?parent=1809027"}],"wp:term":[{"taxonomy":"product_brand","embeddable":true,"href":"https:\/\/liquidmaster.pl\/en\/wp-json\/wp\/v2\/product_brand?post=1809027"},{"taxonomy":"product_cat","embeddable":true,"href":"https:\/\/liquidmaster.pl\/en\/wp-json\/wp\/v2\/product_cat?post=1809027"},{"taxonomy":"product_tag","embeddable":true,"href":"https:\/\/liquidmaster.pl\/en\/wp-json\/wp\/v2\/product_tag?post=1809027"}],"curies":[{"name":"wp","href":"https:\/\/api.w.org\/{rel}","templated":true}]}}