{"id":1809013,"date":"2025-03-28T21:00:28","date_gmt":"2025-03-28T19:00:28","guid":{"rendered":"https:\/\/liquidmaster.pl\/detailing-house-szczotka-do-tapicerki-czerwona\/"},"modified":"2026-04-20T08:26:03","modified_gmt":"2026-04-20T06:26:03","slug":"detailing-house-szczotka-do-tapicerki-czerwona","status":"publish","type":"product","link":"https:\/\/liquidmaster.pl\/en\/detailing-house-szczotka-do-tapicerki-czerwona\/","title":{"rendered":"Detailing House Red Upholstery Brush"},"content":{"rendered":"<p>Szczotka do dywanik\u00f3w i tapicerki materia\u0142owej to produkt polskiej produkcji z czerwonym, sztucznym w\u0142osiem PP o \u015bredniej twardo\u015bci. Idealna do skutecznego czyszczenia dywanik\u00f3w i tapicerki, bez ryzyka zaci\u0105gni\u0119cia materia\u0142u. W\u0142osie o wysoko\u015bci 2,3 cm nie farbuje i jest bezpieczne w u\u017cyciu z preparatami do czyszczenia. Stylowy, czarny, b\u0142yszcz\u0105cy lakier podkre\u015bla wysok\u0105 jako\u015b\u0107 wykonania.<\/p>\n<p>Dimensions:<\/p>\n<ul>\n<li>d\u0142ugo\u015b\u0107 17,5 cm<\/li>\n<li>bristle height: 2.3 cm<\/li>\n<\/ul>","protected":false},"excerpt":{"rendered":"<p>Szczotka do dywanik\u00f3w i tapicerki materia\u0142owej to produkt polskiej produkcji z czerwonym, sztucznym w\u0142osiem PP o \u015bredniej twardo\u015bci. Idealna do skutecznego czyszczenia dywanik\u00f3w i tapicerki, bez ryzyka zaci\u0105gni\u0119cia materia\u0142u. W\u0142osie o wysoko\u015bci 2,3 cm nie farbuje i jest bezpieczne w u\u017cyciu z preparatami do czyszczenia. Stylowy, czarny, b\u0142yszcz\u0105cy lakier podkre\u015bla wysok\u0105 jako\u015b\u0107 wykonania. Wymiary: d\u0142ugo\u015b\u0107&hellip;&nbsp;<a href=\"https:\/\/liquidmaster.pl\/en\/detailing-house-szczotka-do-tapicerki-czerwona\/\" rel=\"bookmark\">Read More \u00bb<span class=\"screen-reader-text\">Detailing House Red Upholstery Brush<\/span><\/a><\/p>","protected":false},"featured_media":1849952,"comment_status":"open","ping_status":"open","template":"","meta":{"neve_meta_sidebar":"","neve_meta_container":"","neve_meta_enable_content_width":"","neve_meta_content_width":0,"neve_meta_title_alignment":"","neve_meta_author_avatar":"","neve_post_elements_order":"","neve_meta_disable_header":"","neve_meta_disable_footer":"","neve_meta_disable_title":"","_themeisle_gutenberg_block_has_review":false},"product_brand":[],"product_cat":[850,769,768],"product_tag":[286],"class_list":{"0":"post-1809013","1":"product","2":"type-product","3":"status-publish","4":"has-post-thumbnail","6":"product_cat-szczotki-i-akcesoria","7":"product_cat-tapicerka-i-dywaniki","8":"product_cat-wnetrze-auta","9":"product_tag-detailing-house","10":"pa_promocja-promocje","12":"first","13":"instock","14":"taxable","15":"shipping-taxable","16":"purchasable","17":"product-type-simple"},"_links":{"self":[{"href":"https:\/\/liquidmaster.pl\/en\/wp-json\/wp\/v2\/product\/1809013","targetHints":{"allow":["GET"]}}],"collection":[{"href":"https:\/\/liquidmaster.pl\/en\/wp-json\/wp\/v2\/product"}],"about":[{"href":"https:\/\/liquidmaster.pl\/en\/wp-json\/wp\/v2\/types\/product"}],"replies":[{"embeddable":true,"href":"https:\/\/liquidmaster.pl\/en\/wp-json\/wp\/v2\/comments?post=1809013"}],"wp:featuredmedia":[{"embeddable":true,"href":"https:\/\/liquidmaster.pl\/en\/wp-json\/wp\/v2\/media\/1849952"}],"wp:attachment":[{"href":"https:\/\/liquidmaster.pl\/en\/wp-json\/wp\/v2\/media?parent=1809013"}],"wp:term":[{"taxonomy":"product_brand","embeddable":true,"href":"https:\/\/liquidmaster.pl\/en\/wp-json\/wp\/v2\/product_brand?post=1809013"},{"taxonomy":"product_cat","embeddable":true,"href":"https:\/\/liquidmaster.pl\/en\/wp-json\/wp\/v2\/product_cat?post=1809013"},{"taxonomy":"product_tag","embeddable":true,"href":"https:\/\/liquidmaster.pl\/en\/wp-json\/wp\/v2\/product_tag?post=1809013"}],"curies":[{"name":"wp","href":"https:\/\/api.w.org\/{rel}","templated":true}]}}