{"id":1809003,"date":"2025-03-28T21:00:05","date_gmt":"2025-03-28T19:00:05","guid":{"rendered":"https:\/\/liquidmaster.pl\/detailing-house-blue-bear-aplikator-mikrofibrowy-do-powlok\/"},"modified":"2026-04-18T04:45:23","modified_gmt":"2026-04-18T02:45:23","slug":"detailing-house-blue-bear-aplikator-mikrofibrowy-do-powlok","status":"publish","type":"product","link":"https:\/\/liquidmaster.pl\/en\/detailing-house-blue-bear-aplikator-mikrofibrowy-do-powlok\/","title":{"rendered":"Detailing House Blue Bear &#8211; aplikator mikrofibrowy do pow\u0142ok"},"content":{"rendered":"<p>Aplikator mikrofibrowy Blue Bear to prostok\u0105tny, wygodny w u\u017cyciu g\u0105bkowy aplikator obszyty delikatn\u0105 mikrofibr\u0105. Perfekcyjny do precyzyjnego nak\u0142adania dressing\u00f3w, cleaner\u00f3w, wosk\u00f3w oraz politur, gwarantuj\u0105cy r\u00f3wnomierne i bezpieczne rozprowadzenie produkt\u00f3w.<\/p>\n<p>Wymiary: 12 x 9 x 4 cm<\/p>","protected":false},"excerpt":{"rendered":"<p>Aplikator mikrofibrowy Blue Bear to prostok\u0105tny, wygodny w u\u017cyciu g\u0105bkowy aplikator obszyty delikatn\u0105 mikrofibr\u0105. Perfekcyjny do precyzyjnego nak\u0142adania dressing\u00f3w, cleaner\u00f3w, wosk\u00f3w oraz politur, gwarantuj\u0105cy r\u00f3wnomierne i bezpieczne rozprowadzenie produkt\u00f3w. Wymiary: 12 x 9 x 4 cm<\/p>","protected":false},"featured_media":1849937,"comment_status":"open","ping_status":"open","template":"","meta":{"neve_meta_sidebar":"","neve_meta_container":"","neve_meta_enable_content_width":"","neve_meta_content_width":0,"neve_meta_title_alignment":"","neve_meta_author_avatar":"","neve_post_elements_order":"","neve_meta_disable_header":"","neve_meta_disable_footer":"","neve_meta_disable_title":"","_themeisle_gutenberg_block_has_review":false},"product_brand":[],"product_cat":[757,786,787],"product_tag":[286],"class_list":{"0":"post-1809003","1":"product","2":"type-product","3":"status-publish","4":"has-post-thumbnail","6":"product_cat-akcesoria","7":"product_cat-aplikatory","8":"product_cat-aplikatory-do-ceramiki","9":"product_tag-detailing-house","11":"first","12":"outofstock","13":"taxable","14":"shipping-taxable","15":"purchasable","16":"product-type-simple"},"_links":{"self":[{"href":"https:\/\/liquidmaster.pl\/en\/wp-json\/wp\/v2\/product\/1809003","targetHints":{"allow":["GET"]}}],"collection":[{"href":"https:\/\/liquidmaster.pl\/en\/wp-json\/wp\/v2\/product"}],"about":[{"href":"https:\/\/liquidmaster.pl\/en\/wp-json\/wp\/v2\/types\/product"}],"replies":[{"embeddable":true,"href":"https:\/\/liquidmaster.pl\/en\/wp-json\/wp\/v2\/comments?post=1809003"}],"wp:featuredmedia":[{"embeddable":true,"href":"https:\/\/liquidmaster.pl\/en\/wp-json\/wp\/v2\/media\/1849937"}],"wp:attachment":[{"href":"https:\/\/liquidmaster.pl\/en\/wp-json\/wp\/v2\/media?parent=1809003"}],"wp:term":[{"taxonomy":"product_brand","embeddable":true,"href":"https:\/\/liquidmaster.pl\/en\/wp-json\/wp\/v2\/product_brand?post=1809003"},{"taxonomy":"product_cat","embeddable":true,"href":"https:\/\/liquidmaster.pl\/en\/wp-json\/wp\/v2\/product_cat?post=1809003"},{"taxonomy":"product_tag","embeddable":true,"href":"https:\/\/liquidmaster.pl\/en\/wp-json\/wp\/v2\/product_tag?post=1809003"}],"curies":[{"name":"wp","href":"https:\/\/api.w.org\/{rel}","templated":true}]}}