{"id":1808997,"date":"2025-03-28T20:58:48","date_gmt":"2025-03-28T18:58:48","guid":{"rendered":"https:\/\/liquidmaster.pl\/fresso-home-plyn-do-mycia-uniwersalny-500ml\/"},"modified":"2026-04-19T03:33:10","modified_gmt":"2026-04-19T01:33:10","slug":"fresso-home-plyn-do-mycia-uniwersalny-500ml","status":"publish","type":"product","link":"https:\/\/liquidmaster.pl\/en\/fresso-home-plyn-do-mycia-uniwersalny-500ml\/","title":{"rendered":"Fresso Home Universal Cleaner 500ml"},"content":{"rendered":"<p>P\u0142yn uniwersalny przeznaczony do czyszczenia r\u00f3\u017cnorodnych powierzchni. Doskonale sprawdzi si\u0119 na elementach ceramicznych, chromowanych, stali nierdzewnej, tworzywach sztucznych oraz drewnie. Usuwa wszystkie rodzaje zabrudze\u0144 nie pozostawiaj\u0105c smug. Perfumeryjna, bezpieczna formu\u0142a zapewnia czysto\u015b\u0107, po\u0142ysk i \u015bwie\u017cy zapach. Skutecznie zast\u0105pi wiele produkt\u00f3w czyszcz\u0105cych, pozwalaj\u0105c zaoszcz\u0119dzi\u0107 czas i czyni\u0105c sprz\u0105tanie przyjemniejszym. Idealny do u\u017cytkowania w przestrzeni domowej, ale tak\u017ce na zewn\u0105trz.<\/p>\n<p>Zapach, kt\u00f3ry przywo\u0142uje lekko\u015b\u0107 wodnego lotosu i rozprowadza aur\u0119 zielonej, kwiatowej \u015bwie\u017co\u015bci, delikatnie wzmocnionej przeplataj\u0105cymi si\u0119 pi\u017cmem i drzewem sanda\u0142owym.<\/p>\n<p>Key product features:<\/p>\n<ul>\n<li>Z powodzeniem czy\u015bci r\u00f3\u017cne powierzchnie, wewn\u0105trz jak i na zewn\u0105trz domu.<\/li>\n<li>Bezpieczny dla czyszczonych obiekt\u00f3w oraz u\u017cytkownik\u00f3w.<\/li>\n<li>Z \u0142atwo\u015bci\u0105 usuwa codzienne zabrudzenia.<\/li>\n<li>Nie pozostawia smug.<\/li>\n<li>Nadaje po\u0142ysk.<\/li>\n<li>Pozostawia \u015bwie\u017cy zapach uprzyjemniaj\u0105cy sprz\u0105tanie.<\/li>\n<li>Made with over 95% of natural ingredients.<\/li>\n<li>W 100% biodegradable.<\/li>\n<\/ul>\n<p>Usage:<\/p>\n<ul>\n<li>Spray the dirty surface.<\/li>\n<li>For more difficult stains, leave the product on for 30-60 seconds for a stronger effect.<\/li>\n<li>Przetrzyj spryskan\u0105 powierzchni\u0119 \u015bciereczk\u0105 lub r\u0119cznikiem papierowym.<\/li>\n<\/ul>\n<p>Capacity 500 ml<\/p>","protected":false},"excerpt":{"rendered":"<p>P\u0142yn uniwersalny przeznaczony do czyszczenia r\u00f3\u017cnorodnych powierzchni. Doskonale sprawdzi si\u0119 na elementach ceramicznych, chromowanych, stali nierdzewnej, tworzywach sztucznych oraz drewnie. Usuwa wszystkie rodzaje zabrudze\u0144 nie pozostawiaj\u0105c smug. Perfumeryjna, bezpieczna formu\u0142a zapewnia czysto\u015b\u0107, po\u0142ysk i \u015bwie\u017cy zapach. Skutecznie zast\u0105pi wiele produkt\u00f3w czyszcz\u0105cych, pozwalaj\u0105c zaoszcz\u0119dzi\u0107 czas i czyni\u0105c sprz\u0105tanie przyjemniejszym. Idealny do u\u017cytkowania w przestrzeni domowej, ale&hellip;&nbsp;<a href=\"https:\/\/liquidmaster.pl\/en\/fresso-home-plyn-do-mycia-uniwersalny-500ml\/\" rel=\"bookmark\">Read More \u00bb<span class=\"screen-reader-text\">Fresso Home Universal Cleaner 500ml<\/span><\/a><\/p>","protected":false},"featured_media":1849929,"comment_status":"open","ping_status":"open","template":"","meta":{"neve_meta_sidebar":"","neve_meta_container":"","neve_meta_enable_content_width":"","neve_meta_content_width":0,"neve_meta_title_alignment":"","neve_meta_author_avatar":"","neve_post_elements_order":"","neve_meta_disable_header":"","neve_meta_disable_footer":"","neve_meta_disable_title":"","_themeisle_gutenberg_block_has_review":false},"product_brand":[],"product_cat":[804,795,768],"product_tag":[296],"class_list":{"0":"post-1808997","1":"product","2":"type-product","3":"status-publish","4":"has-post-thumbnail","6":"product_cat-czyszczenie-plastikow-wewnetrznych","7":"product_cat-plastiki-wewnetrzne","8":"product_cat-wnetrze-auta","9":"product_tag-fresso","10":"pa_promocja-promocje","12":"first","13":"instock","14":"taxable","15":"shipping-taxable","16":"purchasable","17":"product-type-simple"},"_links":{"self":[{"href":"https:\/\/liquidmaster.pl\/en\/wp-json\/wp\/v2\/product\/1808997","targetHints":{"allow":["GET"]}}],"collection":[{"href":"https:\/\/liquidmaster.pl\/en\/wp-json\/wp\/v2\/product"}],"about":[{"href":"https:\/\/liquidmaster.pl\/en\/wp-json\/wp\/v2\/types\/product"}],"replies":[{"embeddable":true,"href":"https:\/\/liquidmaster.pl\/en\/wp-json\/wp\/v2\/comments?post=1808997"}],"wp:featuredmedia":[{"embeddable":true,"href":"https:\/\/liquidmaster.pl\/en\/wp-json\/wp\/v2\/media\/1849929"}],"wp:attachment":[{"href":"https:\/\/liquidmaster.pl\/en\/wp-json\/wp\/v2\/media?parent=1808997"}],"wp:term":[{"taxonomy":"product_brand","embeddable":true,"href":"https:\/\/liquidmaster.pl\/en\/wp-json\/wp\/v2\/product_brand?post=1808997"},{"taxonomy":"product_cat","embeddable":true,"href":"https:\/\/liquidmaster.pl\/en\/wp-json\/wp\/v2\/product_cat?post=1808997"},{"taxonomy":"product_tag","embeddable":true,"href":"https:\/\/liquidmaster.pl\/en\/wp-json\/wp\/v2\/product_tag?post=1808997"}],"curies":[{"name":"wp","href":"https:\/\/api.w.org\/{rel}","templated":true}]}}