{"id":1808995,"date":"2025-03-28T20:58:27","date_gmt":"2025-03-28T18:58:27","guid":{"rendered":"https:\/\/liquidmaster.pl\/fresso-home-plyn-do-mycia-szyb-500ml\/"},"modified":"2026-04-20T08:25:58","modified_gmt":"2026-04-20T06:25:58","slug":"fresso-home-plyn-do-mycia-szyb-500ml","status":"publish","type":"product","link":"https:\/\/liquidmaster.pl\/en\/fresso-home-plyn-do-mycia-szyb-500ml\/","title":{"rendered":"Fresso Home Window Cleaner 500ml"},"content":{"rendered":"<p>P\u0142yn do mycia wszystkich powierzchni szklanych. Doskonale usuwa zabrudzenia z okien, luster, szklanych blat\u00f3w czy glazury. Skutecznie oczyszcza i odt\u0142uszcza oraz b\u0142yskawicznie odparowuje, nie pozostawiaj\u0105c smug i zaciek\u00f3w. Perfumeryjna kompozycja zapachowa uprzyjemnia sprz\u0105tanie, pozostawiaj\u0105c rze\u015bki aromat. Pozwala cieszy\u0107 si\u0119 krystaliczn\u0105 czysto\u015bci\u0105 i wpu\u015bci\u0107 do Twojego domu wi\u0119cej \u015bwiat\u0142a, aby aura ka\u017cdego dnia by\u0142a jeszcze pi\u0119kniejsza.<\/p>\n<p>Istot\u0105 tego zapachu s\u0105 \u0142\u0105cz\u0105ce si\u0119 \u015bwie\u017co\u015b\u0107 lawendy i eukaliptusa, z koj\u0105c\u0105 mi\u0119kko\u015bci\u0105 czystego lnu, okraszonego ciep\u0142ymi nutami bobu tonka, kwiatowym akcentem r\u00f3\u017cy i tiare.<\/p>\n<p>Key product features:<\/p>\n<ul>\n<li>Skutecznie usuwa zabrudzenia z powierzchni szklanych, a tak\u017ce chromowanych.<\/li>\n<li>Odt\u0142uszcza czyszczone obszary.<\/li>\n<li>Nie pozostawia smug.<\/li>\n<li>Nadaje po\u0142ysk.<\/li>\n<li>B\u0142yskawiczne dzia\u0142anie.<\/li>\n<li>Stworzony w ponad 91% ze sk\u0142adnik\u00f3w naturalnych.<\/li>\n<li>W 100% biodegradable.<\/li>\n<\/ul>\n<p>Usage:<\/p>\n<ul>\n<li>Spryska\u0107 powierzchni\u0119 p\u0142ynem.<\/li>\n<li>Przetrze\u0107 do sucha r\u0119cznikiem papierowym lub such\u0105 \u015bciereczk\u0105.<\/li>\n<\/ul>\n<p>Capacity 500 ml<\/p>","protected":false},"excerpt":{"rendered":"<p>P\u0142yn do mycia wszystkich powierzchni szklanych. Doskonale usuwa zabrudzenia z okien, luster, szklanych blat\u00f3w czy glazury. Skutecznie oczyszcza i odt\u0142uszcza oraz b\u0142yskawicznie odparowuje, nie pozostawiaj\u0105c smug i zaciek\u00f3w. Perfumeryjna kompozycja zapachowa uprzyjemnia sprz\u0105tanie, pozostawiaj\u0105c rze\u015bki aromat. Pozwala cieszy\u0107 si\u0119 krystaliczn\u0105 czysto\u015bci\u0105 i wpu\u015bci\u0107 do Twojego domu wi\u0119cej \u015bwiat\u0142a, aby aura ka\u017cdego dnia by\u0142a jeszcze pi\u0119kniejsza.&hellip;&nbsp;<a href=\"https:\/\/liquidmaster.pl\/en\/fresso-home-plyn-do-mycia-szyb-500ml\/\" rel=\"bookmark\">Read More \u00bb<span class=\"screen-reader-text\">Fresso Home Window Cleaner 500ml<\/span><\/a><\/p>","protected":false},"featured_media":1849923,"comment_status":"open","ping_status":"open","template":"","meta":{"neve_meta_sidebar":"","neve_meta_container":"","neve_meta_enable_content_width":"","neve_meta_content_width":0,"neve_meta_title_alignment":"","neve_meta_author_avatar":"","neve_post_elements_order":"","neve_meta_disable_header":"","neve_meta_disable_footer":"","neve_meta_disable_title":"","_themeisle_gutenberg_block_has_review":false},"product_brand":[],"product_cat":[733,774,773],"product_tag":[296],"class_list":{"0":"post-1808995","1":"product","2":"type-product","3":"status-publish","4":"has-post-thumbnail","6":"product_cat-na-zewnatrz","7":"product_cat-plyny-do-szyb","8":"product_cat-szyby","9":"product_tag-fresso","11":"first","12":"instock","13":"taxable","14":"shipping-taxable","15":"purchasable","16":"product-type-simple"},"_links":{"self":[{"href":"https:\/\/liquidmaster.pl\/en\/wp-json\/wp\/v2\/product\/1808995","targetHints":{"allow":["GET"]}}],"collection":[{"href":"https:\/\/liquidmaster.pl\/en\/wp-json\/wp\/v2\/product"}],"about":[{"href":"https:\/\/liquidmaster.pl\/en\/wp-json\/wp\/v2\/types\/product"}],"replies":[{"embeddable":true,"href":"https:\/\/liquidmaster.pl\/en\/wp-json\/wp\/v2\/comments?post=1808995"}],"wp:featuredmedia":[{"embeddable":true,"href":"https:\/\/liquidmaster.pl\/en\/wp-json\/wp\/v2\/media\/1849923"}],"wp:attachment":[{"href":"https:\/\/liquidmaster.pl\/en\/wp-json\/wp\/v2\/media?parent=1808995"}],"wp:term":[{"taxonomy":"product_brand","embeddable":true,"href":"https:\/\/liquidmaster.pl\/en\/wp-json\/wp\/v2\/product_brand?post=1808995"},{"taxonomy":"product_cat","embeddable":true,"href":"https:\/\/liquidmaster.pl\/en\/wp-json\/wp\/v2\/product_cat?post=1808995"},{"taxonomy":"product_tag","embeddable":true,"href":"https:\/\/liquidmaster.pl\/en\/wp-json\/wp\/v2\/product_tag?post=1808995"}],"curies":[{"name":"wp","href":"https:\/\/api.w.org\/{rel}","templated":true}]}}