{"id":1808987,"date":"2025-03-28T20:58:04","date_gmt":"2025-03-28T18:58:04","guid":{"rendered":"https:\/\/liquidmaster.pl\/fresso-home-plyn-do-mycia-lazienki-500ml\/"},"modified":"2026-04-19T03:33:07","modified_gmt":"2026-04-19T01:33:07","slug":"fresso-home-plyn-do-mycia-lazienki-500ml","status":"publish","type":"product","link":"https:\/\/liquidmaster.pl\/en\/fresso-home-plyn-do-mycia-lazienki-500ml\/","title":{"rendered":"Fresso Home Bathroom Cleaner 500ml"},"content":{"rendered":"<p>Uniwersalny p\u0142yn do \u0142azienki. Idealnie czy\u015bci: umywalki, wanny, kabiny prysznicowe, kafelki, toalety, szk\u0142o, powierzchnie ceramiczne, armatur\u0119. Receptura skoncentrowana na naturalnym kwasku cytrynowym usuwa 100% osad\u00f3w z kamienia, a substancje aktywne skutecznie eliminuj\u0105 r\u00f3\u017cne rodzaje zabrudze\u0144, w tym naloty wapienne i mydlane. \u015arodek jest delikatny dla czyszczonych powierzchni. Perfumeryjna kompozycja zapachowa uprzyjemnia sprz\u0105tanie, pozostawiaj\u0105c wyj\u0105tkowy aromat, co bez w\u0105tpienia pozwoli jeszcze bardziej cieszy\u0107 si\u0119 relaksuj\u0105cym przeznaczeniem \u0142azienki.<\/p>\n<p>Delikatne po\u0142\u0105czenie r\u00f3\u017cy ods\u0142aniaj\u0105cej owocowe nuty truskawki i rabarbaru, ze smakowitym akcentem wanilii i kremowej czekolady.<\/p>\n<p>Key product features:<\/p>\n<ul>\n<li>Idealny do czyszczenia wszystkich powierzchni \u0142azienkowych.<\/li>\n<li>Skutecznie usuwa kamie\u0144 i osady z myd\u0142a.<\/li>\n<li>Bezpieczny dla czyszczonych powierzchni.<\/li>\n<li>Easy to use.<\/li>\n<li>Przywraca blask, \u015bwie\u017co\u015b\u0107 i pozostawia przyjemny zapach .<\/li>\n<li>Made with over 95% of natural ingredients.<\/li>\n<li>W 100% biodegradable.<\/li>\n<\/ul>\n<p>Usage:<\/p>\n<ul>\n<li>Spray the dirty surface.<\/li>\n<li>Pozostaw na 30 &#8211; 60 sekund dla silniejszego dzia\u0142ania produktu.<\/li>\n<li>Wyczy\u015b\u0107 i sp\u0142ucz powierzchnie.<\/li>\n<\/ul>\n<p>Zalecenia: Przed u\u017cyciem na nietypowych lub zniszczonych powierzchniach, przetestuj najpierw na ma\u0142o widocznym obszarze.<\/p>\n<p>Capacity 500 ml<\/p>","protected":false},"excerpt":{"rendered":"<p>Uniwersalny p\u0142yn do \u0142azienki. Idealnie czy\u015bci: umywalki, wanny, kabiny prysznicowe, kafelki, toalety, szk\u0142o, powierzchnie ceramiczne, armatur\u0119. Receptura skoncentrowana na naturalnym kwasku cytrynowym usuwa 100% osad\u00f3w z kamienia, a substancje aktywne skutecznie eliminuj\u0105 r\u00f3\u017cne rodzaje zabrudze\u0144, w tym naloty wapienne i mydlane. \u015arodek jest delikatny dla czyszczonych powierzchni. Perfumeryjna kompozycja zapachowa uprzyjemnia sprz\u0105tanie, pozostawiaj\u0105c wyj\u0105tkowy aromat,&hellip;&nbsp;<a href=\"https:\/\/liquidmaster.pl\/en\/fresso-home-plyn-do-mycia-lazienki-500ml\/\" rel=\"bookmark\">Read More \u00bb<span class=\"screen-reader-text\">Fresso Home Bathroom Cleaner 500ml<\/span><\/a><\/p>","protected":false},"featured_media":1849913,"comment_status":"open","ping_status":"open","template":"","meta":{"neve_meta_sidebar":"","neve_meta_container":"","neve_meta_enable_content_width":"","neve_meta_content_width":0,"neve_meta_title_alignment":"","neve_meta_author_avatar":"","neve_post_elements_order":"","neve_meta_disable_header":"","neve_meta_disable_footer":"","neve_meta_disable_title":"","_themeisle_gutenberg_block_has_review":false},"product_brand":[],"product_cat":[757,893,846],"product_tag":[296],"class_list":{"0":"post-1808987","1":"product","2":"type-product","3":"status-publish","4":"has-post-thumbnail","6":"product_cat-akcesoria","7":"product_cat-inne","8":"product_cat-reszta","9":"product_tag-fresso","11":"first","12":"instock","13":"taxable","14":"shipping-taxable","15":"purchasable","16":"product-type-simple"},"_links":{"self":[{"href":"https:\/\/liquidmaster.pl\/en\/wp-json\/wp\/v2\/product\/1808987","targetHints":{"allow":["GET"]}}],"collection":[{"href":"https:\/\/liquidmaster.pl\/en\/wp-json\/wp\/v2\/product"}],"about":[{"href":"https:\/\/liquidmaster.pl\/en\/wp-json\/wp\/v2\/types\/product"}],"replies":[{"embeddable":true,"href":"https:\/\/liquidmaster.pl\/en\/wp-json\/wp\/v2\/comments?post=1808987"}],"wp:featuredmedia":[{"embeddable":true,"href":"https:\/\/liquidmaster.pl\/en\/wp-json\/wp\/v2\/media\/1849913"}],"wp:attachment":[{"href":"https:\/\/liquidmaster.pl\/en\/wp-json\/wp\/v2\/media?parent=1808987"}],"wp:term":[{"taxonomy":"product_brand","embeddable":true,"href":"https:\/\/liquidmaster.pl\/en\/wp-json\/wp\/v2\/product_brand?post=1808987"},{"taxonomy":"product_cat","embeddable":true,"href":"https:\/\/liquidmaster.pl\/en\/wp-json\/wp\/v2\/product_cat?post=1808987"},{"taxonomy":"product_tag","embeddable":true,"href":"https:\/\/liquidmaster.pl\/en\/wp-json\/wp\/v2\/product_tag?post=1808987"}],"curies":[{"name":"wp","href":"https:\/\/api.w.org\/{rel}","templated":true}]}}