{"id":1808981,"date":"2025-03-28T20:56:47","date_gmt":"2025-03-28T18:56:47","guid":{"rendered":"https:\/\/liquidmaster.pl\/rupes-hlr15-ibrid-akumulatorowa-maszyna-polerska\/"},"modified":"2026-04-18T04:45:18","modified_gmt":"2026-04-18T02:45:18","slug":"rupes-hlr15-ibrid-akumulatorowa-maszyna-polerska","status":"publish","type":"product","link":"https:\/\/liquidmaster.pl\/en\/rupes-hlr15-ibrid-akumulatorowa-maszyna-polerska\/","title":{"rendered":"Rupes HLR15 iBrid &#8211; akumulatorowa maszyna polerska"},"content":{"rendered":"<p>The latest iBrid Dual Action polisher with a 15 mm stroke is equipped with an innovative induction motor that effectively reduces vibrations during operation. This device combines wireless and wired functions, providing the user with freedom and reliability. You&#039;ll experience unmatched performance, ergonomic design and adaptability like never before.<\/p>\n<p>An advanced 18 V battery system with a capacity of 5 Ah guarantees longer and uninterrupted operation. With an impressive battery runtime of 40 minutes at full power, the polisher is ideal for mission-critical tasks, ensuring consistent performance even in harsh conditions and short charge cycles.<\/p>\n<p>The BigFoot iBrid polisher, powered by this efficient battery, is perfect for demanding applications. The system is complemented by a dual battery charger, using the latest battery cell technology, ensuring fast charging. Prioritizes the highest voltage battery, ensuring you always have access to a fully charged, high-capacity power source.<\/p>\n<p>Characteristics:<\/p>\n<ul>\n<li>silnik bezszczotkowy in-runner<\/li>\n<li>progressive trigger allowing for smooth speed regulation<\/li>\n<li>ergonomic handle<\/li>\n<li>nowa technologia przek\u0142adni<\/li>\n<li>wska\u017anik LED<\/li>\n<li>akumulator litowo-jonowy 18V<\/li>\n<li>improved, precise speed regulator<\/li>\n<li>electronic system securing work at constant speed<\/li>\n<li>additional supports ensuring the stability of the machine when not in use<\/li>\n<li>very low noise and vibration levels<\/li>\n<li>does not leave holograms on polished surfaces<\/li>\n<li>does not heat the polished surface<\/li>\n<\/ul>\n<p>Application:<\/p>\n<ul>\n<li>polishing all surfaces<\/li>\n<li>professional surface finishing<\/li>\n<li>polishing edges, embossing<\/li>\n<\/ul>\n<p>\nIncluded:<\/p>\n<ul>\n<li style=\"text-align: left; margin: 0pt;\">2 batteries<\/li>\n<li style=\"text-align: left; margin: 0pt;\">charger<\/li>\n<\/ul>\n<p>\u00a0<\/p>","protected":false},"excerpt":{"rendered":"<p>Najnowsza polerka iBrid Dual Action ze skokiem 15 mm jest wyposa\u017cona w innowacyjny, indukcyjny silnik, kt\u00f3ry skutecznie redukuje wibracje podczas pracy. To urz\u0105dzenie \u0142\u0105czy w sobie funkcje pracy bezprzewodowej i przewodowej, zapewniaj\u0105c u\u017cytkownikowi swobod\u0119 i niezawodno\u015b\u0107. Do\u015bwiadczysz niezr\u00f3wnanej wydajno\u015bci, ergonomicznego designu i adaptacyjnych mo\u017cliwo\u015bci, jak nigdy dot\u0105d. Zaawansowany system akumulator\u00f3w o napi\u0119ciu 18 V, o&hellip;&nbsp;<a href=\"https:\/\/liquidmaster.pl\/en\/rupes-hlr15-ibrid-akumulatorowa-maszyna-polerska\/\" rel=\"bookmark\">Read More \u00bb<span class=\"screen-reader-text\">Rupes HLR15 iBrid &#8211; akumulatorowa maszyna polerska<\/span><\/a><\/p>","protected":false},"featured_media":1849903,"comment_status":"open","ping_status":"open","template":"","meta":{"neve_meta_sidebar":"","neve_meta_container":"","neve_meta_enable_content_width":"","neve_meta_content_width":0,"neve_meta_title_alignment":"","neve_meta_author_avatar":"","neve_post_elements_order":"","neve_meta_disable_header":"","neve_meta_disable_footer":"","neve_meta_disable_title":"","_themeisle_gutenberg_block_has_review":false},"product_brand":[],"product_cat":[807,806,748],"product_tag":[354],"class_list":{"0":"post-1808981","1":"product","2":"type-product","3":"status-publish","4":"has-post-thumbnail","6":"product_cat-maszyny-dual-action","7":"product_cat-maszyny-polerskie","8":"product_cat-polerowanie","9":"product_tag-rupes","11":"first","12":"outofstock","13":"taxable","14":"shipping-taxable","15":"purchasable","16":"product-type-simple"},"_links":{"self":[{"href":"https:\/\/liquidmaster.pl\/en\/wp-json\/wp\/v2\/product\/1808981","targetHints":{"allow":["GET"]}}],"collection":[{"href":"https:\/\/liquidmaster.pl\/en\/wp-json\/wp\/v2\/product"}],"about":[{"href":"https:\/\/liquidmaster.pl\/en\/wp-json\/wp\/v2\/types\/product"}],"replies":[{"embeddable":true,"href":"https:\/\/liquidmaster.pl\/en\/wp-json\/wp\/v2\/comments?post=1808981"}],"wp:featuredmedia":[{"embeddable":true,"href":"https:\/\/liquidmaster.pl\/en\/wp-json\/wp\/v2\/media\/1849903"}],"wp:attachment":[{"href":"https:\/\/liquidmaster.pl\/en\/wp-json\/wp\/v2\/media?parent=1808981"}],"wp:term":[{"taxonomy":"product_brand","embeddable":true,"href":"https:\/\/liquidmaster.pl\/en\/wp-json\/wp\/v2\/product_brand?post=1808981"},{"taxonomy":"product_cat","embeddable":true,"href":"https:\/\/liquidmaster.pl\/en\/wp-json\/wp\/v2\/product_cat?post=1808981"},{"taxonomy":"product_tag","embeddable":true,"href":"https:\/\/liquidmaster.pl\/en\/wp-json\/wp\/v2\/product_tag?post=1808981"}],"curies":[{"name":"wp","href":"https:\/\/api.w.org\/{rel}","templated":true}]}}