{"id":1808979,"date":"2025-03-28T20:56:47","date_gmt":"2025-03-28T18:56:47","guid":{"rendered":"https:\/\/liquidmaster.pl\/honey-testbox-zestaw-past-polerskich-100ml\/"},"modified":"2026-04-18T04:45:17","modified_gmt":"2026-04-18T02:45:17","slug":"honey-testbox-zestaw-past-polerskich-100ml","status":"publish","type":"product","link":"https:\/\/liquidmaster.pl\/en\/honey-testbox-zestaw-past-polerskich-100ml\/","title":{"rendered":"Honey TESTBOX &#8211; zestaw past polerskich 100ml"},"content":{"rendered":"<p>Zestaw 3 past polerskich od HoneyCOMB &#8211; ka\u017cda w pojemno\u015bci 100g.<\/p>\n<p>1 &#8211; Standardowa pasta tn\u0105ca do zastosowania na wi\u0119kszo\u015bci lakier\u00f3w. Dzi\u0119ki swojej unikalnej formule wycina nawet grube zarysowania, pozostawiaj\u0105c bardzo przyzwoite wyko\u0144czenie. Nie posiada wype\u0142niaczy, pasta na bazie wody, bez silikonu.<\/p>\n<p>Ci\u0119cie 5\/6 Po\u0142ysk 3\/6<\/p>\n<p>2 &#8211; Pasta po\u015brednia o zredukowanej sile ci\u0119cia, na rzecz pi\u0119knego wyko\u0144czenia. Idealne rozwi\u0105zanie do korekty lakieru typu ONE STEP lub jako Polishing przy pe\u0142nej korekcie lakieru. Nie posiada wype\u0142niaczy, pasta na bazie wody, bez silikonu.<\/p>\n<p>Ci\u0119cie 4\/6 Po\u0142ysk 4\/6<\/p>\n<p>3 &#8211; Pasta wyka\u0144czaj\u0105ca dedykowana twardszym lakierom. Idealna do usuwania zmatowie\u0144, hologram\u00f3w i delikatnych defekt\u00f3w lakierniczych, pozostawiaj\u0105c przy tym idealne wyko\u0144czenie.<\/p>\n<p>Ci\u0119cie 2\/6 Po\u0142ysk 5\/6<\/p>","protected":false},"excerpt":{"rendered":"<p>Zestaw 3 past polerskich od HoneyCOMB &#8211; ka\u017cda w pojemno\u015bci 100g. 1 &#8211; Standardowa pasta tn\u0105ca do zastosowania na wi\u0119kszo\u015bci lakier\u00f3w. Dzi\u0119ki swojej unikalnej formule wycina nawet grube zarysowania, pozostawiaj\u0105c bardzo przyzwoite wyko\u0144czenie. Nie posiada wype\u0142niaczy, pasta na bazie wody, bez silikonu. Ci\u0119cie 5\/6 Po\u0142ysk 3\/6 2 &#8211; Pasta po\u015brednia o zredukowanej sile ci\u0119cia, na&hellip;&nbsp;<a href=\"https:\/\/liquidmaster.pl\/en\/honey-testbox-zestaw-past-polerskich-100ml\/\" rel=\"bookmark\">Read More \u00bb<span class=\"screen-reader-text\">Honey TESTBOX &#8211; zestaw past polerskich 100ml<\/span><\/a><\/p>","protected":false},"featured_media":1849901,"comment_status":"open","ping_status":"open","template":"","meta":{"neve_meta_sidebar":"","neve_meta_container":"","neve_meta_enable_content_width":"","neve_meta_content_width":0,"neve_meta_title_alignment":"","neve_meta_author_avatar":"","neve_post_elements_order":"","neve_meta_disable_header":"","neve_meta_disable_footer":"","neve_meta_disable_title":"","_themeisle_gutenberg_block_has_review":false},"product_brand":[],"product_cat":[790,789,748],"product_tag":[304],"class_list":{"0":"post-1808979","1":"product","2":"type-product","3":"status-publish","4":"has-post-thumbnail","6":"product_cat-pasty-cuttingowe","7":"product_cat-pasty-polerskie","8":"product_cat-polerowanie","9":"product_tag-honey","11":"first","12":"instock","13":"taxable","14":"shipping-taxable","15":"purchasable","16":"product-type-simple"},"_links":{"self":[{"href":"https:\/\/liquidmaster.pl\/en\/wp-json\/wp\/v2\/product\/1808979","targetHints":{"allow":["GET"]}}],"collection":[{"href":"https:\/\/liquidmaster.pl\/en\/wp-json\/wp\/v2\/product"}],"about":[{"href":"https:\/\/liquidmaster.pl\/en\/wp-json\/wp\/v2\/types\/product"}],"replies":[{"embeddable":true,"href":"https:\/\/liquidmaster.pl\/en\/wp-json\/wp\/v2\/comments?post=1808979"}],"wp:featuredmedia":[{"embeddable":true,"href":"https:\/\/liquidmaster.pl\/en\/wp-json\/wp\/v2\/media\/1849901"}],"wp:attachment":[{"href":"https:\/\/liquidmaster.pl\/en\/wp-json\/wp\/v2\/media?parent=1808979"}],"wp:term":[{"taxonomy":"product_brand","embeddable":true,"href":"https:\/\/liquidmaster.pl\/en\/wp-json\/wp\/v2\/product_brand?post=1808979"},{"taxonomy":"product_cat","embeddable":true,"href":"https:\/\/liquidmaster.pl\/en\/wp-json\/wp\/v2\/product_cat?post=1808979"},{"taxonomy":"product_tag","embeddable":true,"href":"https:\/\/liquidmaster.pl\/en\/wp-json\/wp\/v2\/product_tag?post=1808979"}],"curies":[{"name":"wp","href":"https:\/\/api.w.org\/{rel}","templated":true}]}}