{"id":1808973,"date":"2025-03-28T20:56:26","date_gmt":"2025-03-28T18:56:26","guid":{"rendered":"https:\/\/liquidmaster.pl\/honey-combination-cut-one-step-seria-u-one-stepowy-pad-polerski-niebieski-125-140-25mm\/"},"modified":"2026-04-19T03:33:03","modified_gmt":"2026-04-19T01:33:03","slug":"honey-combination-cut-one-step-seria-u-one-stepowy-pad-polerski-niebieski-125-140-25mm","status":"publish","type":"product","link":"https:\/\/liquidmaster.pl\/en\/honey-combination-cutone-step-seria-u-one-stepowy-pad-polerski-niebieski-12514025mm\/","title":{"rendered":"Honey Combination Cut\/One Step U Series \u2013 one step polishing pad, blue 125\/140\/25mm"},"content":{"rendered":"<p>Honey U is a series of polishing pads from Honey Combination, which are made of specially selected foam intended for the paint industry. Open-cell foam (OCF TECHNOLOGY) allows you to increase cutting force while ensuring excellent ventilation during work.<\/p>\n<p>The appropriate height of the sponge and the beveled side profile enable safe work in hard-to-reach places.<\/p>\n<p>The most important features of OCF technology:<\/p>\n<ul>\n<li>higher efficiency and durability,<\/li>\n<li>ability to work at higher speeds without burning effect,<\/li>\n<li>maintaining a constant and safe temperature,<\/li>\n<li>effective air flow between the surface and the sponge,<\/li>\n<li>reducing the load on polishing machines.<\/li>\n<\/ul>\n<p>Technical data:<\/p>\n<ul>\n<li>Foam diameter: 140 mm<\/li>\n<li>Velcro diameter: 125 mm<\/li>\n<li>Foam height: 25 mm<\/li>\n<li>Polishing power: medium abrasive<\/li>\n<li>Fastening: Velcro<\/li>\n<li>Kolor pianki: niebieski<\/li>\n<\/ul>","protected":false},"excerpt":{"rendered":"<p>Honey U to seria pad\u00f3w polerskich od Honey Combination, kt\u00f3re produkowane s\u0105 ze specjalnie wyselekcjonowanej pianki przeznaczonej dla przemys\u0142u lakierniczego. Otwartokom\u00f3rkowa pianka (TECHNOLOGY O.C.F.) pozwala na zwi\u0119kszenie si\u0142y ci\u0119cia, zapewniaj\u0105c jednocze\u015bnie doskona\u0142\u0105 wentylacj\u0119 podczas pracy. Odpowiednia wysoko\u015b\u0107 g\u0105bki oraz \u015bci\u0119ty profil boczny, umo\u017cliwiaj\u0105 bezpieczn\u0105 prac\u0119 w trudno dost\u0119pnych miejscach. Najwa\u017cniejsze cechy technologii O.C.F.: wy\u017csza wydajno\u015b\u0107&hellip;&nbsp;<a href=\"https:\/\/liquidmaster.pl\/en\/honey-combination-cutone-step-seria-u-one-stepowy-pad-polerski-niebieski-12514025mm\/\" rel=\"bookmark\">Read More \u00bb<span class=\"screen-reader-text\">Honey Combination Cut\/One Step U Series \u2013 one step polishing pad, blue 125\/140\/25mm<\/span><\/a><\/p>","protected":false},"featured_media":1849892,"comment_status":"open","ping_status":"open","template":"","meta":{"neve_meta_sidebar":"","neve_meta_container":"","neve_meta_enable_content_width":"","neve_meta_content_width":0,"neve_meta_title_alignment":"","neve_meta_author_avatar":"","neve_post_elements_order":"","neve_meta_disable_header":"","neve_meta_disable_footer":"","neve_meta_disable_title":"","_themeisle_gutenberg_block_has_review":false},"product_brand":[],"product_cat":[823,822,748],"product_tag":[304],"class_list":{"0":"post-1808973","1":"product","2":"type-product","3":"status-publish","4":"has-post-thumbnail","6":"product_cat-gabki-polerskie","7":"product_cat-pady-polerskie","8":"product_cat-polerowanie","9":"product_tag-honey","11":"first","12":"instock","13":"taxable","14":"shipping-taxable","15":"purchasable","16":"product-type-simple"},"_links":{"self":[{"href":"https:\/\/liquidmaster.pl\/en\/wp-json\/wp\/v2\/product\/1808973","targetHints":{"allow":["GET"]}}],"collection":[{"href":"https:\/\/liquidmaster.pl\/en\/wp-json\/wp\/v2\/product"}],"about":[{"href":"https:\/\/liquidmaster.pl\/en\/wp-json\/wp\/v2\/types\/product"}],"replies":[{"embeddable":true,"href":"https:\/\/liquidmaster.pl\/en\/wp-json\/wp\/v2\/comments?post=1808973"}],"wp:featuredmedia":[{"embeddable":true,"href":"https:\/\/liquidmaster.pl\/en\/wp-json\/wp\/v2\/media\/1849892"}],"wp:attachment":[{"href":"https:\/\/liquidmaster.pl\/en\/wp-json\/wp\/v2\/media?parent=1808973"}],"wp:term":[{"taxonomy":"product_brand","embeddable":true,"href":"https:\/\/liquidmaster.pl\/en\/wp-json\/wp\/v2\/product_brand?post=1808973"},{"taxonomy":"product_cat","embeddable":true,"href":"https:\/\/liquidmaster.pl\/en\/wp-json\/wp\/v2\/product_cat?post=1808973"},{"taxonomy":"product_tag","embeddable":true,"href":"https:\/\/liquidmaster.pl\/en\/wp-json\/wp\/v2\/product_tag?post=1808973"}],"curies":[{"name":"wp","href":"https:\/\/api.w.org\/{rel}","templated":true}]}}