{"id":1808963,"date":"2025-03-28T20:54:49","date_gmt":"2025-03-28T18:54:49","guid":{"rendered":"https:\/\/liquidmaster.pl\/chemotion-tyre-dressing-natural-250ml-produkt-do-konserwacji-opon-uszczelek-i-tworzyw-sztucznych\/"},"modified":"2026-04-18T04:45:13","modified_gmt":"2026-04-18T02:45:13","slug":"chemotion-tyre-dressing-natural-250ml-produkt-do-konserwacji-opon-uszczelek-i-tworzyw-sztucznych","status":"publish","type":"product","link":"https:\/\/liquidmaster.pl\/en\/chemotion-tyre-dressing-natural-250ml-produkt-do-konserwacji-opon-uszczelek-i-tworzyw-sztucznych\/","title":{"rendered":"Chemotion Tyre Dressing Natural 250ml &#8211; produkt do konserwacji opon, uszczelek i tworzyw sztucznych"},"content":{"rendered":"<p class=\"p2\">A product intended for the maintenance of tires, rubber and plastics.<\/p>\n<p class=\"p1\">An advanced tire, rubber, and plastic care product with a surprising banana scent. Its safe, solvent-free formula moisturizes and protects against drying. It prevents aging, darkens, and creates a matte or satin finish. Can be applied dry or wet, leaving no greasy residue. It repels water and dirt.\u00a0<\/p>\n<p class=\"p1\">Application: ready to use<\/p>\n<li class=\"p1\">Clean the surface thoroughly before maintenance.<\/li>\n<li class=\"p1\">Apply a very small amount to the applicator and spread evenly.<\/li>\n<li class=\"p1\">Leave until fully absorbed or buff with a microfiber cloth.<\/li>\n<p class=\"p1\">Capacity 250 ml<\/p>","protected":false},"excerpt":{"rendered":"<p>Produkt przeznaczony do konserwacji opon, gumy i tworzyw sztucznych Zaawansowany preparat do konserwacji opon, gumy i tworzyw sztucznych o zaskakuj\u0105cym zapachu banana. Jego bezpieczna formu\u0142a bez rozpuszczalnik\u00f3w nawil\u017ca i chroni przed wysuszaniem. Zapobiega starzeniu, przyciemnia i nadaje matowy lub satynowy efekt. Aplikacja na sucho lub na mokro, bez pozostawiania t\u0142ustych \u015blad\u00f3w. Odpycha wod\u0119 i brud.\u00a0&hellip;&nbsp;<a href=\"https:\/\/liquidmaster.pl\/en\/chemotion-tyre-dressing-natural-250ml-produkt-do-konserwacji-opon-uszczelek-i-tworzyw-sztucznych\/\" rel=\"bookmark\">Read More \u00bb<span class=\"screen-reader-text\">Chemotion Tyre Dressing Natural 250ml &#8211; produkt do konserwacji opon, uszczelek i tworzyw sztucznych<\/span><\/a><\/p>","protected":false},"featured_media":1849874,"comment_status":"open","ping_status":"open","template":"","meta":{"neve_meta_sidebar":"","neve_meta_container":"","neve_meta_enable_content_width":"","neve_meta_content_width":0,"neve_meta_title_alignment":"","neve_meta_author_avatar":"","neve_post_elements_order":"","neve_meta_disable_header":"","neve_meta_disable_footer":"","neve_meta_disable_title":"","_themeisle_gutenberg_block_has_review":false},"product_brand":[],"product_cat":[765,745,733],"product_tag":[1113],"class_list":{"0":"post-1808963","1":"product","2":"type-product","3":"status-publish","4":"has-post-thumbnail","6":"product_cat-dressingi","7":"product_cat-kola-i-opony","8":"product_cat-na-zewnatrz","9":"product_tag-chemotion","11":"first","12":"instock","13":"taxable","14":"shipping-taxable","15":"purchasable","16":"product-type-simple"},"_links":{"self":[{"href":"https:\/\/liquidmaster.pl\/en\/wp-json\/wp\/v2\/product\/1808963","targetHints":{"allow":["GET"]}}],"collection":[{"href":"https:\/\/liquidmaster.pl\/en\/wp-json\/wp\/v2\/product"}],"about":[{"href":"https:\/\/liquidmaster.pl\/en\/wp-json\/wp\/v2\/types\/product"}],"replies":[{"embeddable":true,"href":"https:\/\/liquidmaster.pl\/en\/wp-json\/wp\/v2\/comments?post=1808963"}],"wp:featuredmedia":[{"embeddable":true,"href":"https:\/\/liquidmaster.pl\/en\/wp-json\/wp\/v2\/media\/1849874"}],"wp:attachment":[{"href":"https:\/\/liquidmaster.pl\/en\/wp-json\/wp\/v2\/media?parent=1808963"}],"wp:term":[{"taxonomy":"product_brand","embeddable":true,"href":"https:\/\/liquidmaster.pl\/en\/wp-json\/wp\/v2\/product_brand?post=1808963"},{"taxonomy":"product_cat","embeddable":true,"href":"https:\/\/liquidmaster.pl\/en\/wp-json\/wp\/v2\/product_cat?post=1808963"},{"taxonomy":"product_tag","embeddable":true,"href":"https:\/\/liquidmaster.pl\/en\/wp-json\/wp\/v2\/product_tag?post=1808963"}],"curies":[{"name":"wp","href":"https:\/\/api.w.org\/{rel}","templated":true}]}}