{"id":1808957,"date":"2025-03-28T20:54:26","date_gmt":"2025-03-28T18:54:26","guid":{"rendered":"https:\/\/liquidmaster.pl\/chemotion-tyre-and-wheel-cleaner-5l-preparat-do-biezacego-mycia-opon-oraz-felg\/"},"modified":"2026-04-19T03:32:59","modified_gmt":"2026-04-19T01:32:59","slug":"chemotion-tyre-and-wheel-cleaner-5l-preparat-do-biezacego-mycia-opon-oraz-felg","status":"publish","type":"product","link":"https:\/\/liquidmaster.pl\/en\/chemotion-tyre-and-wheel-cleaner-5l-preparat-do-biezacego-mycia-opon-oraz-felg\/","title":{"rendered":"Chemotion Tyre and Wheel Cleaner 5L \u2013 a preparation for regular cleaning of tires and rims"},"content":{"rendered":"<p>Preparation for daily cleaning of tires and rims<\/p>\n<p>Designed for cleaning car tires and rims. Effectively removes petroleum-based contaminants, oils, greases, fats, and road grime. Creates a thick foam that dissolves impurities. Designed for regular use.<\/p>\n<p>Use:<\/p>\n<ul>\n<li>Heavy soiling: concentrate<\/li>\n<li>Regular washing: 1:5<\/li>\n<\/ul>\n<li>Apply the product to the tire and cooled rim. Use a brush to scrub the tire and a paintbrush to scrub the rim. The dirt-dissolving effect will be immediate.<\/li>\n<li>Then rinse the entire wheels with a strong stream of water.<\/li>\n<li>Do not allow the preparation to dry out.<\/li>\n<p>Capacity 5 L<\/p>","protected":false},"excerpt":{"rendered":"<p>Preparat do bie\u017c\u0105cego mycia opon oraz felg Preparat przeznaczony do czyszczenia opon oraz felg samochodowych. Skutecznie usuwa zanieczyszczenia ropopochodne, oleje, smary, t\u0142uszcze oraz brud drogowy. Tworzy g\u0119st\u0105 pian\u0119, kt\u00f3ra rozpuszcza nieczysto\u015bci. Przeznaczony do regularnego stosowania. Stosowanie: Silne zabrudzenia: koncentrat Regularne mycie: 1:5 Aplikuj produkt na opon\u0119 oraz sch\u0142odzon\u0105 felg\u0119. Do szorowania opony u\u017cyj szczotki, a&hellip;&nbsp;<a href=\"https:\/\/liquidmaster.pl\/en\/chemotion-tyre-and-wheel-cleaner-5l-preparat-do-biezacego-mycia-opon-oraz-felg\/\" rel=\"bookmark\">Read More \u00bb<span class=\"screen-reader-text\">Chemotion Tyre and Wheel Cleaner 5L \u2013 a preparation for regular cleaning of tires and rims<\/span><\/a><\/p>","protected":false},"featured_media":1849864,"comment_status":"open","ping_status":"open","template":"","meta":{"neve_meta_sidebar":"","neve_meta_container":"","neve_meta_enable_content_width":"","neve_meta_content_width":0,"neve_meta_title_alignment":"","neve_meta_author_avatar":"","neve_post_elements_order":"","neve_meta_disable_header":"","neve_meta_disable_footer":"","neve_meta_disable_title":"","_themeisle_gutenberg_block_has_review":false},"product_brand":[],"product_cat":[746,745,733],"product_tag":[1113],"class_list":{"0":"post-1808957","1":"product","2":"type-product","3":"status-publish","4":"has-post-thumbnail","6":"product_cat-czyszczenie-felg","7":"product_cat-kola-i-opony","8":"product_cat-na-zewnatrz","9":"product_tag-chemotion","11":"first","12":"instock","13":"taxable","14":"shipping-taxable","15":"purchasable","16":"product-type-simple"},"_links":{"self":[{"href":"https:\/\/liquidmaster.pl\/en\/wp-json\/wp\/v2\/product\/1808957","targetHints":{"allow":["GET"]}}],"collection":[{"href":"https:\/\/liquidmaster.pl\/en\/wp-json\/wp\/v2\/product"}],"about":[{"href":"https:\/\/liquidmaster.pl\/en\/wp-json\/wp\/v2\/types\/product"}],"replies":[{"embeddable":true,"href":"https:\/\/liquidmaster.pl\/en\/wp-json\/wp\/v2\/comments?post=1808957"}],"wp:featuredmedia":[{"embeddable":true,"href":"https:\/\/liquidmaster.pl\/en\/wp-json\/wp\/v2\/media\/1849864"}],"wp:attachment":[{"href":"https:\/\/liquidmaster.pl\/en\/wp-json\/wp\/v2\/media?parent=1808957"}],"wp:term":[{"taxonomy":"product_brand","embeddable":true,"href":"https:\/\/liquidmaster.pl\/en\/wp-json\/wp\/v2\/product_brand?post=1808957"},{"taxonomy":"product_cat","embeddable":true,"href":"https:\/\/liquidmaster.pl\/en\/wp-json\/wp\/v2\/product_cat?post=1808957"},{"taxonomy":"product_tag","embeddable":true,"href":"https:\/\/liquidmaster.pl\/en\/wp-json\/wp\/v2\/product_tag?post=1808957"}],"curies":[{"name":"wp","href":"https:\/\/api.w.org\/{rel}","templated":true}]}}