{"id":1808953,"date":"2025-03-28T20:54:04","date_gmt":"2025-03-28T18:54:04","guid":{"rendered":"https:\/\/liquidmaster.pl\/chemotion-synthetic-glaze-250ml-syntetyczna-formula-polerujaca-czyszczaca\/"},"modified":"2026-04-19T03:32:58","modified_gmt":"2026-04-19T01:32:58","slug":"chemotion-synthetic-glaze-250ml-syntetyczna-formula-polerujaca-czyszczaca","status":"publish","type":"product","link":"https:\/\/liquidmaster.pl\/en\/chemotion-synthetic-glaze-250ml-syntetyczna-formula-polerujaca-czyszczaca\/","title":{"rendered":"Chemotion Synthetic Glaze 250ml \u2013 synthetic polishing and cleaning formula"},"content":{"rendered":"<p>Synthetic polishing and cleaning formula<\/p>\n<p>A thick product designed for manual or machine cleaning and protection of paintwork. Its gentle abrasive properties allow you to eliminate minor scratches and holograms. It removes discoloration and dullness. It creates a glassy polymer coating that is very slippery to the touch and fills gaps. After application, the paintwork color becomes intense. It provides an excellent base for protective waxes.<\/p>\n<p>Application: ready to use.<\/p>\n<li>Apply a small amount to an applicator or sponge pad.<\/li>\n<li>Spread it over a small section of the bodywork with gentle movements.<\/li>\n<li>For machine application, work at low speed and use a soft or medium sponge.<\/li>\n<li>After spreading, polish with a microfiber cloth to obtain the final effect.<\/li>\n<p>Capacity 250 ml<\/p>","protected":false},"excerpt":{"rendered":"<p>Syntetyczna formu\u0142a poleruj\u0105ca-czyszcz\u0105ca G\u0119sty produkt przeznaczony do r\u0119cznego lub maszynowego oczyszczania i zabezpieczania lakieru. Posiada delikatne w\u0142a\u015bciwo\u015bci \u015bcierne, dzi\u0119ki kt\u00f3rym zniwelujesz niewielkie zarysowania i hologramy. Usuwa przebarwienia i zmatowienia. Tworzy szklist\u0105 pow\u0142ok\u0119 polimerow\u0105, kt\u00f3ra jest bardzo \u015bliska w dotyku i wype\u0142nia ubytki. Po aplikacji barwa lakieru staje si\u0119 intensywna. Stanowi \u015bwietn\u0105 baz\u0119 pod woski ochronne.&hellip;&nbsp;<a href=\"https:\/\/liquidmaster.pl\/en\/chemotion-synthetic-glaze-250ml-syntetyczna-formula-polerujaca-czyszczaca\/\" rel=\"bookmark\">Read More \u00bb<span class=\"screen-reader-text\">Chemotion Synthetic Glaze 250ml \u2013 synthetic polishing and cleaning formula<\/span><\/a><\/p>","protected":false},"featured_media":1849858,"comment_status":"open","ping_status":"open","template":"","meta":{"neve_meta_sidebar":"","neve_meta_container":"","neve_meta_enable_content_width":"","neve_meta_content_width":0,"neve_meta_title_alignment":"","neve_meta_author_avatar":"","neve_post_elements_order":"","neve_meta_disable_header":"","neve_meta_disable_footer":"","neve_meta_disable_title":"","_themeisle_gutenberg_block_has_review":false},"product_brand":[],"product_cat":[733,813,808],"product_tag":[1113],"class_list":{"0":"post-1808953","1":"product","2":"type-product","3":"status-publish","4":"has-post-thumbnail","6":"product_cat-na-zewnatrz","7":"product_cat-politury-glaze","8":"product_cat-przygotowanie-lakieru","9":"product_tag-chemotion","11":"first","12":"instock","13":"taxable","14":"shipping-taxable","15":"purchasable","16":"product-type-simple"},"_links":{"self":[{"href":"https:\/\/liquidmaster.pl\/en\/wp-json\/wp\/v2\/product\/1808953","targetHints":{"allow":["GET"]}}],"collection":[{"href":"https:\/\/liquidmaster.pl\/en\/wp-json\/wp\/v2\/product"}],"about":[{"href":"https:\/\/liquidmaster.pl\/en\/wp-json\/wp\/v2\/types\/product"}],"replies":[{"embeddable":true,"href":"https:\/\/liquidmaster.pl\/en\/wp-json\/wp\/v2\/comments?post=1808953"}],"wp:featuredmedia":[{"embeddable":true,"href":"https:\/\/liquidmaster.pl\/en\/wp-json\/wp\/v2\/media\/1849858"}],"wp:attachment":[{"href":"https:\/\/liquidmaster.pl\/en\/wp-json\/wp\/v2\/media?parent=1808953"}],"wp:term":[{"taxonomy":"product_brand","embeddable":true,"href":"https:\/\/liquidmaster.pl\/en\/wp-json\/wp\/v2\/product_brand?post=1808953"},{"taxonomy":"product_cat","embeddable":true,"href":"https:\/\/liquidmaster.pl\/en\/wp-json\/wp\/v2\/product_cat?post=1808953"},{"taxonomy":"product_tag","embeddable":true,"href":"https:\/\/liquidmaster.pl\/en\/wp-json\/wp\/v2\/product_tag?post=1808953"}],"curies":[{"name":"wp","href":"https:\/\/api.w.org\/{rel}","templated":true}]}}