{"id":1808945,"date":"2025-03-28T20:52:48","date_gmt":"2025-03-28T18:52:48","guid":{"rendered":"https:\/\/liquidmaster.pl\/chemotion-spray-wax-1l-syntetyczny-wosk-w-sprayu\/"},"modified":"2026-04-18T04:45:09","modified_gmt":"2026-04-18T02:45:09","slug":"chemotion-spray-wax-1l-syntetyczny-wosk-w-sprayu","status":"publish","type":"product","link":"https:\/\/liquidmaster.pl\/en\/chemotion-spray-wax-1l-syntetyczny-wosk-w-sprayu\/","title":{"rendered":"Chemotion Spray Wax 1L \u2013 synthetic spray wax"},"content":{"rendered":"<p>Synthetic spray wax<\/p>\n<p>An exceptionally effective liquid wax. It is highly durable and easy to apply, wet or dry. It significantly darkens and enhances the car&#039;s color. It adds shine and ensures high paint slip. It has excellent hydrophobic properties, which reduce dirt adhesion and facilitate washing. The protection period is approximately 2-3 months.<\/p>\n<p>Application: ready to use.<\/p>\n<li>Shake before use.<\/li>\n<li>Apply a small amount of the product to the microfiber and spread it carefully, then polish the item with the other side of the microfiber.<\/li>\n<li>For wet application, spray the entire bodywork and wipe thoroughly with a drying towel.<\/li>\n<li>Then polish with a dry microfiber to achieve the final effect.<\/li>\n<li>Do not work on a hot surface.<\/li>\n<p>Capacity 1 L<\/p>","protected":false},"excerpt":{"rendered":"<p>Syntetyczny wosk w sprayu Wyj\u0105tkowo skuteczny wosk w p\u0142ynie. Cechuje go wysoka trwa\u0142o\u015b\u0107 i \u0142atwa aplikacja na sucho lub na mokro. Mocno przyciemnia i uwydatnia kolor samochodu. Nadaje po\u0142ysk i zapewnia du\u017cy po\u015blizg lakieru. Posiada \u015bwietne w\u0142a\u015bciwo\u015bci hydrofobowe, dzi\u0119ki kt\u00f3rym ogranicza przywieranie brudu i u\u0142atwia proces mycia. Okres zabezpieczenia to oko\u0142o 2-3 miesi\u0105ce. Stosowanie: gotowy&hellip;&nbsp;<a href=\"https:\/\/liquidmaster.pl\/en\/chemotion-spray-wax-1l-syntetyczny-wosk-w-sprayu\/\" rel=\"bookmark\">Read More \u00bb<span class=\"screen-reader-text\">Chemotion Spray Wax 1L \u2013 synthetic spray wax<\/span><\/a><\/p>","protected":false},"featured_media":1849846,"comment_status":"open","ping_status":"open","template":"","meta":{"neve_meta_sidebar":"","neve_meta_container":"","neve_meta_enable_content_width":"","neve_meta_content_width":0,"neve_meta_title_alignment":"","neve_meta_author_avatar":"","neve_post_elements_order":"","neve_meta_disable_header":"","neve_meta_disable_footer":"","neve_meta_disable_title":"","_themeisle_gutenberg_block_has_review":false},"product_brand":[],"product_cat":[733,766,788],"product_tag":[1113],"class_list":{"0":"post-1808945","1":"product","2":"type-product","3":"status-publish","4":"has-post-thumbnail","6":"product_cat-na-zewnatrz","7":"product_cat-ochrona-lakieru","8":"product_cat-woski","9":"product_tag-chemotion","11":"first","12":"instock","13":"taxable","14":"shipping-taxable","15":"purchasable","16":"product-type-simple"},"_links":{"self":[{"href":"https:\/\/liquidmaster.pl\/en\/wp-json\/wp\/v2\/product\/1808945","targetHints":{"allow":["GET"]}}],"collection":[{"href":"https:\/\/liquidmaster.pl\/en\/wp-json\/wp\/v2\/product"}],"about":[{"href":"https:\/\/liquidmaster.pl\/en\/wp-json\/wp\/v2\/types\/product"}],"replies":[{"embeddable":true,"href":"https:\/\/liquidmaster.pl\/en\/wp-json\/wp\/v2\/comments?post=1808945"}],"wp:featuredmedia":[{"embeddable":true,"href":"https:\/\/liquidmaster.pl\/en\/wp-json\/wp\/v2\/media\/1849846"}],"wp:attachment":[{"href":"https:\/\/liquidmaster.pl\/en\/wp-json\/wp\/v2\/media?parent=1808945"}],"wp:term":[{"taxonomy":"product_brand","embeddable":true,"href":"https:\/\/liquidmaster.pl\/en\/wp-json\/wp\/v2\/product_brand?post=1808945"},{"taxonomy":"product_cat","embeddable":true,"href":"https:\/\/liquidmaster.pl\/en\/wp-json\/wp\/v2\/product_cat?post=1808945"},{"taxonomy":"product_tag","embeddable":true,"href":"https:\/\/liquidmaster.pl\/en\/wp-json\/wp\/v2\/product_tag?post=1808945"}],"curies":[{"name":"wp","href":"https:\/\/api.w.org\/{rel}","templated":true}]}}