{"id":1808939,"date":"2025-03-28T20:52:27","date_gmt":"2025-03-28T18:52:27","guid":{"rendered":"https:\/\/liquidmaster.pl\/chemotion-snow-foam-1l-skoncentrowana-piana-aktywna-do-mycia-wstepnego\/"},"modified":"2026-04-18T04:45:07","modified_gmt":"2026-04-18T02:45:07","slug":"chemotion-snow-foam-1l-skoncentrowana-piana-aktywna-do-mycia-wstepnego","status":"publish","type":"product","link":"https:\/\/liquidmaster.pl\/en\/chemotion-snow-foam-1l-skoncentrowana-piana-aktywna-do-mycia-wstepnego\/","title":{"rendered":"Chemotion Snow Foam 1L \u2013 concentrated active foam for pre-washing"},"content":{"rendered":"<p>Skoncentrowana piana aktywna do mycia wst\u0119pnego<\/p>\n<p>Mocno skoncentrowana piana aktywna o lekkim odczynie zasadowym. Skutecznie zmi\u0119kcza brud przed myciem w\u0142a\u015bciwym. Pozwala usun\u0105\u0107 najci\u0119\u017csze zabrudzenia bez rysowania lakieru. Po aplikacji tworzy g\u0119st\u0105 pian\u0119 o zwartej strukturze. Bezpieczna dla ka\u017cdego rodzaju powierzchni, pow\u0142ok ceramicznych, wosk\u00f3w oraz folii ochronnych. \u0141atwo si\u0119 wyp\u0142ukuje.<\/p>\n<p>Use:<\/p>\n<ul>\n<li>Pianownice PA \u2013 1:10<\/li>\n<li>Pianownica r\u0119czna 1:15 \u2013 1:30<\/li>\n<\/ul>\n<li>Nanie\u015b pian\u0119 na ca\u0142y samoch\u00f3d<\/li>\n<li>Odczekaj kilka minut a\u017c zacznie dzia\u0142a\u0107<\/li>\n<li>Zanieczyszczenia sp\u0142ucz silnym strumieniem wody<\/li>\n<li>Umyj auto szamponem<\/li>\n<p>Zawsze pracuj na ch\u0142odnym lakierze i nie doprowadzaj do wyschni\u0119cia preparatu.<\/p>\n<p>Capacity 1 L<\/p>","protected":false},"excerpt":{"rendered":"<p>Skoncentrowana piana aktywna do mycia wst\u0119pnego Mocno skoncentrowana piana aktywna o lekkim odczynie zasadowym. Skutecznie zmi\u0119kcza brud przed myciem w\u0142a\u015bciwym. Pozwala usun\u0105\u0107 najci\u0119\u017csze zabrudzenia bez rysowania lakieru. Po aplikacji tworzy g\u0119st\u0105 pian\u0119 o zwartej strukturze. Bezpieczna dla ka\u017cdego rodzaju powierzchni, pow\u0142ok ceramicznych, wosk\u00f3w oraz folii ochronnych. \u0141atwo si\u0119 wyp\u0142ukuje. Stosowanie: Pianownice PA \u2013 1:10 Pianownica&hellip;&nbsp;<a href=\"https:\/\/liquidmaster.pl\/en\/chemotion-snow-foam-1l-skoncentrowana-piana-aktywna-do-mycia-wstepnego\/\" rel=\"bookmark\">Read More \u00bb<span class=\"screen-reader-text\">Chemotion Snow Foam 1L \u2013 concentrated active foam for pre-washing<\/span><\/a><\/p>","protected":false},"featured_media":1849837,"comment_status":"open","ping_status":"open","template":"","meta":{"neve_meta_sidebar":"","neve_meta_container":"","neve_meta_enable_content_width":"","neve_meta_content_width":0,"neve_meta_title_alignment":"","neve_meta_author_avatar":"","neve_post_elements_order":"","neve_meta_disable_header":"","neve_meta_disable_footer":"","neve_meta_disable_title":"","_themeisle_gutenberg_block_has_review":false},"product_brand":[],"product_cat":[734,733,753],"product_tag":[1113],"class_list":{"0":"post-1808939","1":"product","2":"type-product","3":"status-publish","4":"has-post-thumbnail","6":"product_cat-mycie-i-osuszanie","7":"product_cat-na-zewnatrz","8":"product_cat-piany-aktywne-i-pianownice","9":"product_tag-chemotion","11":"first","12":"instock","13":"taxable","14":"shipping-taxable","15":"purchasable","16":"product-type-simple"},"_links":{"self":[{"href":"https:\/\/liquidmaster.pl\/en\/wp-json\/wp\/v2\/product\/1808939","targetHints":{"allow":["GET"]}}],"collection":[{"href":"https:\/\/liquidmaster.pl\/en\/wp-json\/wp\/v2\/product"}],"about":[{"href":"https:\/\/liquidmaster.pl\/en\/wp-json\/wp\/v2\/types\/product"}],"replies":[{"embeddable":true,"href":"https:\/\/liquidmaster.pl\/en\/wp-json\/wp\/v2\/comments?post=1808939"}],"wp:featuredmedia":[{"embeddable":true,"href":"https:\/\/liquidmaster.pl\/en\/wp-json\/wp\/v2\/media\/1849837"}],"wp:attachment":[{"href":"https:\/\/liquidmaster.pl\/en\/wp-json\/wp\/v2\/media?parent=1808939"}],"wp:term":[{"taxonomy":"product_brand","embeddable":true,"href":"https:\/\/liquidmaster.pl\/en\/wp-json\/wp\/v2\/product_brand?post=1808939"},{"taxonomy":"product_cat","embeddable":true,"href":"https:\/\/liquidmaster.pl\/en\/wp-json\/wp\/v2\/product_cat?post=1808939"},{"taxonomy":"product_tag","embeddable":true,"href":"https:\/\/liquidmaster.pl\/en\/wp-json\/wp\/v2\/product_tag?post=1808939"}],"curies":[{"name":"wp","href":"https:\/\/api.w.org\/{rel}","templated":true}]}}