{"id":1808935,"date":"2025-03-28T20:52:05","date_gmt":"2025-03-28T18:52:05","guid":{"rendered":"https:\/\/liquidmaster.pl\/chemotion-ceramic-qd-pro-5l-zaawansowany-quick-detailer-z-sio2\/"},"modified":"2026-04-18T04:45:06","modified_gmt":"2026-04-18T02:45:06","slug":"chemotion-ceramic-qd-pro-5l-zaawansowany-quick-detailer-z-sio2","status":"publish","type":"product","link":"https:\/\/liquidmaster.pl\/en\/chemotion-ceramic-qd-pro-5l-zaawansowany-quick-detailer-z-sio2\/","title":{"rendered":"Chemotion Ceramic QD Pro 5L \u2013 Advanced Quick Detailer with SiO2"},"content":{"rendered":"<p>Advanced Quick Detailer with SiO2<\/p>\n<p>A professional product designed for polishing bodywork and rims. It significantly enhances the depth of paint and creates a glassy surface. It has strong hydrophobic properties, making regular maintenance significantly easier. The addition of SiO2 significantly improves the visual effect and durability of the protection. This product is perfect for any body color.<\/p>\n<p>Application: ready to use<\/p>\n<li>Moisten the microfiber with a small amount of the product, spread it over the item and polish with the dry side.<\/li>\n<li>You can also use it on wet polish. Apply a small amount to a drying towel and then to the polish.<\/li>\n<li>Then wipe the bodywork and give it a final shine by polishing it with a dry microfiber cloth.<\/li>\n<li>Work on cooled varnish.<\/li>\n<p>Capacity 5 L<\/p>","protected":false},"excerpt":{"rendered":"<p>Zaawansowany Quick Detailer z SiO2 Profesjonalny preparat przeznaczony do nab\u0142yszczania karoserii oraz felg. Mocno podbija g\u0142\u0119bi\u0119 lakieru i tworzy szklist\u0105 tafl\u0119. Posiada silne w\u0142a\u015bciwo\u015bci hydrofobowe, dzi\u0119ki kt\u00f3rym regularna piel\u0119gnacja staje si\u0119 zdecydowanie \u0142atwiejsza. Dodatek SiO2 znacz\u0105co poprawia efekt wizualny i trwa\u0142o\u015b\u0107 zabezpieczenia. Produkt doskona\u0142y do ka\u017cdego koloru nadwozia. Stosowanie: gotowy do u\u017cycia Nawil\u017c mikrofibr\u0119 niewielk\u0105&hellip;&nbsp;<a href=\"https:\/\/liquidmaster.pl\/en\/chemotion-ceramic-qd-pro-5l-zaawansowany-quick-detailer-z-sio2\/\" rel=\"bookmark\">Read More \u00bb<span class=\"screen-reader-text\">Chemotion Ceramic QD Pro 5L \u2013 Advanced Quick Detailer with SiO2<\/span><\/a><\/p>","protected":false},"featured_media":1849828,"comment_status":"open","ping_status":"open","template":"","meta":{"neve_meta_sidebar":"","neve_meta_container":"","neve_meta_enable_content_width":"","neve_meta_content_width":0,"neve_meta_title_alignment":"","neve_meta_author_avatar":"","neve_post_elements_order":"","neve_meta_disable_header":"","neve_meta_disable_footer":"","neve_meta_disable_title":"","_themeisle_gutenberg_block_has_review":false},"product_brand":[],"product_cat":[733,766,767],"product_tag":[1113],"class_list":{"0":"post-1808935","1":"product","2":"type-product","3":"status-publish","4":"has-post-thumbnail","6":"product_cat-na-zewnatrz","7":"product_cat-ochrona-lakieru","8":"product_cat-quick-detailery","9":"product_tag-chemotion","11":"first","12":"instock","13":"taxable","14":"shipping-taxable","15":"purchasable","16":"product-type-simple"},"_links":{"self":[{"href":"https:\/\/liquidmaster.pl\/en\/wp-json\/wp\/v2\/product\/1808935","targetHints":{"allow":["GET"]}}],"collection":[{"href":"https:\/\/liquidmaster.pl\/en\/wp-json\/wp\/v2\/product"}],"about":[{"href":"https:\/\/liquidmaster.pl\/en\/wp-json\/wp\/v2\/types\/product"}],"replies":[{"embeddable":true,"href":"https:\/\/liquidmaster.pl\/en\/wp-json\/wp\/v2\/comments?post=1808935"}],"wp:featuredmedia":[{"embeddable":true,"href":"https:\/\/liquidmaster.pl\/en\/wp-json\/wp\/v2\/media\/1849828"}],"wp:attachment":[{"href":"https:\/\/liquidmaster.pl\/en\/wp-json\/wp\/v2\/media?parent=1808935"}],"wp:term":[{"taxonomy":"product_brand","embeddable":true,"href":"https:\/\/liquidmaster.pl\/en\/wp-json\/wp\/v2\/product_brand?post=1808935"},{"taxonomy":"product_cat","embeddable":true,"href":"https:\/\/liquidmaster.pl\/en\/wp-json\/wp\/v2\/product_cat?post=1808935"},{"taxonomy":"product_tag","embeddable":true,"href":"https:\/\/liquidmaster.pl\/en\/wp-json\/wp\/v2\/product_tag?post=1808935"}],"curies":[{"name":"wp","href":"https:\/\/api.w.org\/{rel}","templated":true}]}}