{"id":1808923,"date":"2025-03-28T20:50:26","date_gmt":"2025-03-28T18:50:26","guid":{"rendered":"https:\/\/liquidmaster.pl\/chemotion-quick-detailer-1l-preparat-do-nablyszczania-lakieru\/"},"modified":"2026-04-18T04:45:02","modified_gmt":"2026-04-18T02:45:02","slug":"chemotion-quick-detailer-1l-preparat-do-nablyszczania-lakieru","status":"publish","type":"product","link":"https:\/\/liquidmaster.pl\/en\/chemotion-quick-detailer-1l-preparat-do-nablyszczania-lakieru\/","title":{"rendered":"Chemotion Quick Detailer 1L \u2013 paint polishing agent"},"content":{"rendered":"<p>Preparat do nab\u0142yszczania lakieru<\/p>\n<p>Produkt b\u0142yskawicznie nadaje efekt szklisto\u015bci. Powierzchnia po aplikacji staje si\u0119 \u015bliska i mi\u0142a w dotyku. Mo\u017ce by\u0107 stosowany r\u00f3wnie\u017c na samochody zabezpieczone woskami, pow\u0142okami czy foliami. Wyj\u0105tkowo \u0142atwy w u\u017cyciu. Nie pozostawia smug, szybko odparowuje. Chroni lakier przed dzia\u0142aniem czynnik\u00f3w zewn\u0119trznych. Skutecznie usuwa cienk\u0105 warstw\u0119 kurzu i ptasie odchody. Nie zawiera wype\u0142niaczy i silikon\u00f3w. Gotowy do u\u017cycia po ka\u017cdym myciu.<\/p>\n<p>Application: ready to use.<\/p>\n<li>Wstrz\u0105\u015bnij przed u\u017cyciem i upewnij si\u0119, \u017ce powierzchnia jest sch\u0142odzona.<\/li>\n<li>Nanie\u015b na element, rozprowad\u017a i wypoleruj such\u0105 mikrofibr\u0105.<\/li>\n<li>Produkt mo\u017ce by\u0107 stosowany na lakier, tworzywa sztuczne oraz felgi.<\/li>\n<p>Capacity 1 L<\/p>","protected":false},"excerpt":{"rendered":"<p>Preparat do nab\u0142yszczania lakieru Produkt b\u0142yskawicznie nadaje efekt szklisto\u015bci. Powierzchnia po aplikacji staje si\u0119 \u015bliska i mi\u0142a w dotyku. Mo\u017ce by\u0107 stosowany r\u00f3wnie\u017c na samochody zabezpieczone woskami, pow\u0142okami czy foliami. Wyj\u0105tkowo \u0142atwy w u\u017cyciu. Nie pozostawia smug, szybko odparowuje. Chroni lakier przed dzia\u0142aniem czynnik\u00f3w zewn\u0119trznych. Skutecznie usuwa cienk\u0105 warstw\u0119 kurzu i ptasie odchody. Nie zawiera&hellip;&nbsp;<a href=\"https:\/\/liquidmaster.pl\/en\/chemotion-quick-detailer-1l-preparat-do-nablyszczania-lakieru\/\" rel=\"bookmark\">Read More \u00bb<span class=\"screen-reader-text\">Chemotion Quick Detailer 1L \u2013 paint polishing agent<\/span><\/a><\/p>","protected":false},"featured_media":1849810,"comment_status":"open","ping_status":"open","template":"","meta":{"neve_meta_sidebar":"","neve_meta_container":"","neve_meta_enable_content_width":"","neve_meta_content_width":0,"neve_meta_title_alignment":"","neve_meta_author_avatar":"","neve_post_elements_order":"","neve_meta_disable_header":"","neve_meta_disable_footer":"","neve_meta_disable_title":"","_themeisle_gutenberg_block_has_review":false},"product_brand":[],"product_cat":[733,766,767],"product_tag":[1113],"class_list":{"0":"post-1808923","1":"product","2":"type-product","3":"status-publish","4":"has-post-thumbnail","6":"product_cat-na-zewnatrz","7":"product_cat-ochrona-lakieru","8":"product_cat-quick-detailery","9":"product_tag-chemotion","11":"first","12":"instock","13":"taxable","14":"shipping-taxable","15":"purchasable","16":"product-type-simple"},"_links":{"self":[{"href":"https:\/\/liquidmaster.pl\/en\/wp-json\/wp\/v2\/product\/1808923","targetHints":{"allow":["GET"]}}],"collection":[{"href":"https:\/\/liquidmaster.pl\/en\/wp-json\/wp\/v2\/product"}],"about":[{"href":"https:\/\/liquidmaster.pl\/en\/wp-json\/wp\/v2\/types\/product"}],"replies":[{"embeddable":true,"href":"https:\/\/liquidmaster.pl\/en\/wp-json\/wp\/v2\/comments?post=1808923"}],"wp:featuredmedia":[{"embeddable":true,"href":"https:\/\/liquidmaster.pl\/en\/wp-json\/wp\/v2\/media\/1849810"}],"wp:attachment":[{"href":"https:\/\/liquidmaster.pl\/en\/wp-json\/wp\/v2\/media?parent=1808923"}],"wp:term":[{"taxonomy":"product_brand","embeddable":true,"href":"https:\/\/liquidmaster.pl\/en\/wp-json\/wp\/v2\/product_brand?post=1808923"},{"taxonomy":"product_cat","embeddable":true,"href":"https:\/\/liquidmaster.pl\/en\/wp-json\/wp\/v2\/product_cat?post=1808923"},{"taxonomy":"product_tag","embeddable":true,"href":"https:\/\/liquidmaster.pl\/en\/wp-json\/wp\/v2\/product_tag?post=1808923"}],"curies":[{"name":"wp","href":"https:\/\/api.w.org\/{rel}","templated":true}]}}