{"id":1808921,"date":"2025-03-28T20:50:26","date_gmt":"2025-03-28T18:50:26","guid":{"rendered":"https:\/\/liquidmaster.pl\/chemotion-plastic-coat-15ml-powloka-ochronna-do-tworzyw-sztucznych\/"},"modified":"2026-04-20T08:25:39","modified_gmt":"2026-04-20T06:25:39","slug":"chemotion-plastic-coat-15ml-powloka-ochronna-do-tworzyw-sztucznych","status":"publish","type":"product","link":"https:\/\/liquidmaster.pl\/en\/chemotion-plastic-coat-15ml-powloka-ochronna-do-tworzyw-sztucznych\/","title":{"rendered":"Chemotion Plastic Coat 15ml \u2013 protective coating for plastics"},"content":{"rendered":"<p>Protective coating for protecting plastics<\/p>\n<p>An advanced protective coating designed to refresh and protect exterior surfaces. It significantly darkens and revitalizes faded plastic parts. It also works well on brand-new surfaces. It significantly simplifies ongoing maintenance and water removal. Lasts for 12 months or more. Applicator included.<\/p>\n<p>Instructions for use:<\/p>\n<li>Wash and dry the surface thoroughly.<\/li>\n<li>Apply a few drops of the preparation to the applicator and spread.<\/li>\n<li>After a few minutes, buff the surface with a clean microfiber cloth.<\/li>\n<li>Do not bring into contact with water for 24 hours after application. Full curing time is approximately one week.<\/li>\n<li>To maximize protection, we suggest you refrain from washing your car during this period.<\/li>\n<p>Efficiency:<\/p>\n<p>2-3 comprehensive regenerations.<\/p>\n<p>Tips:<\/p>\n<p>Test in an inconspicuous area. Do not apply to a hot surface. Wear gloves.<\/p>\n<p>Capacity 15 ml<\/p>","protected":false},"excerpt":{"rendered":"<p>Pow\u0142oka ochronna do zabezpieczania tworzyw sztucznych Zaawansowana pow\u0142oka ochronna przeznaczona do od\u015bwie\u017cania i zabezpieczania element\u00f3w zewn\u0119trznych. Mocno przyciemnia i od\u017cywia wyblak\u0142e elementy plastikowe. \u015awietnie sprawdzi si\u0119 r\u00f3wnie\u017c na fabrycznie nowych powierzchniach. Znacz\u0105co u\u0142atwia proces bie\u017c\u0105cej piel\u0119gnacji i odprowadzania wody. Trwa\u0142o\u015b\u0107 od 12 miesi\u0119cy wzwy\u017c. Aplikator w zestawie. Instrukcja u\u017cycia: Dok\u0142adnie umyj i osusz powierzchni\u0119. Nanie\u015b&hellip;&nbsp;<a href=\"https:\/\/liquidmaster.pl\/en\/chemotion-plastic-coat-15ml-powloka-ochronna-do-tworzyw-sztucznych\/\" rel=\"bookmark\">Read More \u00bb<span class=\"screen-reader-text\">Chemotion Plastic Coat 15ml \u2013 protective coating for plastics<\/span><\/a><\/p>","protected":false},"featured_media":1849808,"comment_status":"open","ping_status":"open","template":"","meta":{"neve_meta_sidebar":"","neve_meta_container":"","neve_meta_enable_content_width":"","neve_meta_content_width":0,"neve_meta_title_alignment":"","neve_meta_author_avatar":"","neve_post_elements_order":"","neve_meta_disable_header":"","neve_meta_disable_footer":"","neve_meta_disable_title":"","_themeisle_gutenberg_block_has_review":false},"product_brand":[],"product_cat":[814,733,815],"product_tag":[1113],"class_list":{"0":"post-1808921","1":"product","2":"type-product","3":"status-publish","4":"has-post-thumbnail","6":"product_cat-elementy-gumowe-i-plastikowe","7":"product_cat-na-zewnatrz","8":"product_cat-ochrona-gumy-i-plastikow","9":"product_tag-chemotion","11":"first","12":"instock","13":"taxable","14":"shipping-taxable","15":"purchasable","16":"product-type-simple"},"_links":{"self":[{"href":"https:\/\/liquidmaster.pl\/en\/wp-json\/wp\/v2\/product\/1808921","targetHints":{"allow":["GET"]}}],"collection":[{"href":"https:\/\/liquidmaster.pl\/en\/wp-json\/wp\/v2\/product"}],"about":[{"href":"https:\/\/liquidmaster.pl\/en\/wp-json\/wp\/v2\/types\/product"}],"replies":[{"embeddable":true,"href":"https:\/\/liquidmaster.pl\/en\/wp-json\/wp\/v2\/comments?post=1808921"}],"wp:featuredmedia":[{"embeddable":true,"href":"https:\/\/liquidmaster.pl\/en\/wp-json\/wp\/v2\/media\/1849808"}],"wp:attachment":[{"href":"https:\/\/liquidmaster.pl\/en\/wp-json\/wp\/v2\/media?parent=1808921"}],"wp:term":[{"taxonomy":"product_brand","embeddable":true,"href":"https:\/\/liquidmaster.pl\/en\/wp-json\/wp\/v2\/product_brand?post=1808921"},{"taxonomy":"product_cat","embeddable":true,"href":"https:\/\/liquidmaster.pl\/en\/wp-json\/wp\/v2\/product_cat?post=1808921"},{"taxonomy":"product_tag","embeddable":true,"href":"https:\/\/liquidmaster.pl\/en\/wp-json\/wp\/v2\/product_tag?post=1808921"}],"curies":[{"name":"wp","href":"https:\/\/api.w.org\/{rel}","templated":true}]}}