{"id":1808911,"date":"2025-03-28T20:48:46","date_gmt":"2025-03-28T18:48:46","guid":{"rendered":"https:\/\/liquidmaster.pl\/chemotion-leather-protector-500ml-preparat-do-impregnacji-tapicerki-skorzanej\/"},"modified":"2026-04-18T04:44:59","modified_gmt":"2026-04-18T02:44:59","slug":"chemotion-leather-protector-500ml-preparat-do-impregnacji-tapicerki-skorzanej","status":"publish","type":"product","link":"https:\/\/liquidmaster.pl\/en\/chemotion-leather-protector-500ml-preparat-do-impregnacji-tapicerki-skorzanej\/","title":{"rendered":"Chemotion Leather Protector 500ml \u2013 a preparation for impregnating leather upholstery"},"content":{"rendered":"<p>Preparation for impregnating leather upholstery<\/p>\n<p>This product is designed to care for and moisturize leather upholstery. Based on natural oils, it improves leather elasticity, protects against cracking and drying, and provides a matte finish.<\/p>\n<p>Application: ready to use.<\/p>\n<li>Apply to clean, dry skin using an applicator or microfiber cloth.<\/li>\n<li>Spread thoroughly over the entire surface.<\/li>\n<li>Leave until completely absorbed.<\/li>\n<li>Regular care will keep your skin in excellent condition.<\/li>\n<p>Capacity 500 ml<\/p>","protected":false},"excerpt":{"rendered":"<p>Preparat do impregnacji tapicerki sk\u00f3rzanej Produkt przeznaczony do piel\u0119gnacji i nawil\u017cania sk\u00f3rzanej tapicerki. Bazuje na olejkach pochodzenia naturalnego. Poprawia elastyczno\u015b\u0107 sk\u00f3ry, chroni przed p\u0119kaniem i wysuszeniem. Zapewnia matowy efekt wyko\u0144czenia. Stosowanie: gotowy do u\u017cycia. Nanie\u015b na czyst\u0105 i such\u0105 sk\u00f3r\u0119 za pomoc\u0105 aplikatora lub mikrofibry. Rozprowad\u017a dok\u0142adnie po ca\u0142ej powierzchni. Pozostaw do ca\u0142kowitego wch\u0142oni\u0119cia. Regularna&hellip;&nbsp;<a href=\"https:\/\/liquidmaster.pl\/en\/chemotion-leather-protector-500ml-preparat-do-impregnacji-tapicerki-skorzanej\/\" rel=\"bookmark\">Read More \u00bb<span class=\"screen-reader-text\">Chemotion Leather Protector 500ml \u2013 a preparation for impregnating leather upholstery<\/span><\/a><\/p>","protected":false},"featured_media":1849790,"comment_status":"open","ping_status":"open","template":"","meta":{"neve_meta_sidebar":"","neve_meta_container":"","neve_meta_enable_content_width":"","neve_meta_content_width":0,"neve_meta_title_alignment":"","neve_meta_author_avatar":"","neve_post_elements_order":"","neve_meta_disable_header":"","neve_meta_disable_footer":"","neve_meta_disable_title":"","_themeisle_gutenberg_block_has_review":false},"product_brand":[],"product_cat":[833,816,768],"product_tag":[1113],"class_list":{"0":"post-1808911","1":"product","2":"type-product","3":"status-publish","4":"has-post-thumbnail","6":"product_cat-ochrona-skory","7":"product_cat-tapicerka-skorzana","8":"product_cat-wnetrze-auta","9":"product_tag-chemotion","11":"first","12":"instock","13":"taxable","14":"shipping-taxable","15":"purchasable","16":"product-type-simple"},"_links":{"self":[{"href":"https:\/\/liquidmaster.pl\/en\/wp-json\/wp\/v2\/product\/1808911","targetHints":{"allow":["GET"]}}],"collection":[{"href":"https:\/\/liquidmaster.pl\/en\/wp-json\/wp\/v2\/product"}],"about":[{"href":"https:\/\/liquidmaster.pl\/en\/wp-json\/wp\/v2\/types\/product"}],"replies":[{"embeddable":true,"href":"https:\/\/liquidmaster.pl\/en\/wp-json\/wp\/v2\/comments?post=1808911"}],"wp:featuredmedia":[{"embeddable":true,"href":"https:\/\/liquidmaster.pl\/en\/wp-json\/wp\/v2\/media\/1849790"}],"wp:attachment":[{"href":"https:\/\/liquidmaster.pl\/en\/wp-json\/wp\/v2\/media?parent=1808911"}],"wp:term":[{"taxonomy":"product_brand","embeddable":true,"href":"https:\/\/liquidmaster.pl\/en\/wp-json\/wp\/v2\/product_brand?post=1808911"},{"taxonomy":"product_cat","embeddable":true,"href":"https:\/\/liquidmaster.pl\/en\/wp-json\/wp\/v2\/product_cat?post=1808911"},{"taxonomy":"product_tag","embeddable":true,"href":"https:\/\/liquidmaster.pl\/en\/wp-json\/wp\/v2\/product_tag?post=1808911"}],"curies":[{"name":"wp","href":"https:\/\/api.w.org\/{rel}","templated":true}]}}