{"id":1808897,"date":"2025-03-28T20:48:05","date_gmt":"2025-03-28T18:48:05","guid":{"rendered":"https:\/\/liquidmaster.pl\/chemotion-leather-cleaner-1l-preparat-do-czyszczenia-tapicerki-skorzanej\/"},"modified":"2026-04-18T04:44:56","modified_gmt":"2026-04-18T02:44:56","slug":"chemotion-leather-cleaner-1l-preparat-do-czyszczenia-tapicerki-skorzanej","status":"publish","type":"product","link":"https:\/\/liquidmaster.pl\/en\/chemotion-leather-cleaner-1l-preparat-do-czyszczenia-tapicerki-skorzanej\/","title":{"rendered":"Chemotion Leather Cleaner 1L \u2013 a preparation for cleaning leather upholstery"},"content":{"rendered":"<p>Leather upholstery cleaning agent<\/p>\n<p>A product for cleaning all types of leather, including car and furniture upholstery. It removes the toughest stains, improving the leather&#039;s elasticity without damaging its delicate structure. Safe for the surface being cleaned.<\/p>\n<p>Application: ready to use.<\/p>\n<li>Use directly on the dirt or pour into a foamer and spread into the form of foam.<\/li>\n<li>For cleaning, use a brush with soft bristles.<\/li>\n<li>Remove dirt with a clean microfiber cloth.<\/li>\n<li>Start with inconspicuous areas to ensure the paint structure is stable.<\/li>\n<li>After cleaning, allow the leather to dry completely.<\/li>\n<li>To protect and moisturize your leather, impregnate it with Leather Protector. This will give it a natural look and prevent dryness.<\/li>\n<p>Capacity 1 L<\/p>","protected":false},"excerpt":{"rendered":"<p>Preparat do czyszczenia tapicerki sk\u00f3rzanej Preparat do czyszczenia ka\u017cdego rodzaju sk\u00f3ry, w tym tapicerki samochodowej oraz meblowej. Usuwa najci\u0119\u017csze zabrudzenia, dodaj\u0105c sk\u00f3rze elastyczno\u015bci i nie naruszaj\u0105c jej delikatnej struktury. Bezpieczny dla czyszczonej powierzchni. Stosowanie: gotowy do u\u017cycia. U\u017cyj bezpo\u015brednio na zanieczyszczenia lub przelej do pianowniczki i rozprowadzi\u0107 w formie piany. Do czyszczenia u\u017cyj szczotki z&hellip;&nbsp;<a href=\"https:\/\/liquidmaster.pl\/en\/chemotion-leather-cleaner-1l-preparat-do-czyszczenia-tapicerki-skorzanej\/\" rel=\"bookmark\">Read More \u00bb<span class=\"screen-reader-text\">Chemotion Leather Cleaner 1L \u2013 a preparation for cleaning leather upholstery<\/span><\/a><\/p>","protected":false},"featured_media":1849770,"comment_status":"open","ping_status":"open","template":"","meta":{"neve_meta_sidebar":"","neve_meta_container":"","neve_meta_enable_content_width":"","neve_meta_content_width":0,"neve_meta_title_alignment":"","neve_meta_author_avatar":"","neve_post_elements_order":"","neve_meta_disable_header":"","neve_meta_disable_footer":"","neve_meta_disable_title":"","_themeisle_gutenberg_block_has_review":false},"product_brand":[],"product_cat":[834,816,768],"product_tag":[1113],"class_list":{"0":"post-1808897","1":"product","2":"type-product","3":"status-publish","4":"has-post-thumbnail","6":"product_cat-czyszczenie-skory","7":"product_cat-tapicerka-skorzana","8":"product_cat-wnetrze-auta","9":"product_tag-chemotion","11":"first","12":"instock","13":"taxable","14":"shipping-taxable","15":"purchasable","16":"product-type-simple"},"_links":{"self":[{"href":"https:\/\/liquidmaster.pl\/en\/wp-json\/wp\/v2\/product\/1808897","targetHints":{"allow":["GET"]}}],"collection":[{"href":"https:\/\/liquidmaster.pl\/en\/wp-json\/wp\/v2\/product"}],"about":[{"href":"https:\/\/liquidmaster.pl\/en\/wp-json\/wp\/v2\/types\/product"}],"replies":[{"embeddable":true,"href":"https:\/\/liquidmaster.pl\/en\/wp-json\/wp\/v2\/comments?post=1808897"}],"wp:featuredmedia":[{"embeddable":true,"href":"https:\/\/liquidmaster.pl\/en\/wp-json\/wp\/v2\/media\/1849770"}],"wp:attachment":[{"href":"https:\/\/liquidmaster.pl\/en\/wp-json\/wp\/v2\/media?parent=1808897"}],"wp:term":[{"taxonomy":"product_brand","embeddable":true,"href":"https:\/\/liquidmaster.pl\/en\/wp-json\/wp\/v2\/product_brand?post=1808897"},{"taxonomy":"product_cat","embeddable":true,"href":"https:\/\/liquidmaster.pl\/en\/wp-json\/wp\/v2\/product_cat?post=1808897"},{"taxonomy":"product_tag","embeddable":true,"href":"https:\/\/liquidmaster.pl\/en\/wp-json\/wp\/v2\/product_tag?post=1808897"}],"curies":[{"name":"wp","href":"https:\/\/api.w.org\/{rel}","templated":true}]}}