{"id":1808891,"date":"2025-03-28T20:46:47","date_gmt":"2025-03-28T18:46:47","guid":{"rendered":"https:\/\/liquidmaster.pl\/chemotion-iron-less-1l-deironizer-do-usuwania-lotnej-rdzy\/"},"modified":"2026-04-18T04:44:54","modified_gmt":"2026-04-18T02:44:54","slug":"chemotion-iron-less-1l-deironizer-do-usuwania-lotnej-rdzy","status":"publish","type":"product","link":"https:\/\/liquidmaster.pl\/en\/chemotion-iron-less-1l-deironizer-do-usuwania-lotnej-rdzy\/","title":{"rendered":"Chemotion Iron Less 1L \u2013 deironizer for removing volatile rust"},"content":{"rendered":"<p>Deironizer do usuwania lotnej rdzy<\/p>\n<p>Preparat przeznaczony do usuwania lotnej rdzy i zanieczyszcze\u0144 metalicznych z lakieru oraz felg. Skutecznie usuwa nagar z klock\u00f3w hamulcowych. Bezpieczny dla czyszczonych powierzchni.<\/p>\n<p>Application: ready to use.<\/p>\n<li>Nanie\u015b produkt na ch\u0142odn\u0105 powierzchni\u0119 i odczekaj 2-3 minuty.<\/li>\n<li>Rozpuszczaniu zanieczyszcze\u0144 b\u0119dzie towarzyszy\u0142 efekt krwawienia.<\/li>\n<li>W przypadku felg mo\u017cesz u\u017cy\u0107 p\u0119dzelka lub szczotki.<\/li>\n<li>Sp\u0142ucz silnym strumieniem wody.<\/li>\n<li>Nie dopuszczaj do wyschni\u0119cia. \u00a0<\/li>\n<p>Capacity 1 L<\/p>","protected":false},"excerpt":{"rendered":"<p>Deironizer do usuwania lotnej rdzy Preparat przeznaczony do usuwania lotnej rdzy i zanieczyszcze\u0144 metalicznych z lakieru oraz felg. Skutecznie usuwa nagar z klock\u00f3w hamulcowych. Bezpieczny dla czyszczonych powierzchni. Stosowanie: gotowy do u\u017cycia. Nanie\u015b produkt na ch\u0142odn\u0105 powierzchni\u0119 i odczekaj 2-3 minuty. Rozpuszczaniu zanieczyszcze\u0144 b\u0119dzie towarzyszy\u0142 efekt krwawienia. W przypadku felg mo\u017cesz u\u017cy\u0107 p\u0119dzelka lub szczotki.&hellip;&nbsp;<a href=\"https:\/\/liquidmaster.pl\/en\/chemotion-iron-less-1l-deironizer-do-usuwania-lotnej-rdzy\/\" rel=\"bookmark\">Read More \u00bb<span class=\"screen-reader-text\">Chemotion Iron Less 1L \u2013 deironizer for removing volatile rust<\/span><\/a><\/p>","protected":false},"featured_media":1849762,"comment_status":"open","ping_status":"open","template":"","meta":{"neve_meta_sidebar":"","neve_meta_container":"","neve_meta_enable_content_width":"","neve_meta_content_width":0,"neve_meta_title_alignment":"","neve_meta_author_avatar":"","neve_post_elements_order":"","neve_meta_disable_header":"","neve_meta_disable_footer":"","neve_meta_disable_title":"","_themeisle_gutenberg_block_has_review":false},"product_brand":[],"product_cat":[744,743,733],"product_tag":[1113],"class_list":{"0":"post-1808891","1":"product","2":"type-product","3":"status-publish","4":"has-post-thumbnail","6":"product_cat-deironizacja","7":"product_cat-dekontaminacja","8":"product_cat-na-zewnatrz","9":"product_tag-chemotion","11":"first","12":"instock","13":"taxable","14":"shipping-taxable","15":"purchasable","16":"product-type-simple"},"_links":{"self":[{"href":"https:\/\/liquidmaster.pl\/en\/wp-json\/wp\/v2\/product\/1808891","targetHints":{"allow":["GET"]}}],"collection":[{"href":"https:\/\/liquidmaster.pl\/en\/wp-json\/wp\/v2\/product"}],"about":[{"href":"https:\/\/liquidmaster.pl\/en\/wp-json\/wp\/v2\/types\/product"}],"replies":[{"embeddable":true,"href":"https:\/\/liquidmaster.pl\/en\/wp-json\/wp\/v2\/comments?post=1808891"}],"wp:featuredmedia":[{"embeddable":true,"href":"https:\/\/liquidmaster.pl\/en\/wp-json\/wp\/v2\/media\/1849762"}],"wp:attachment":[{"href":"https:\/\/liquidmaster.pl\/en\/wp-json\/wp\/v2\/media?parent=1808891"}],"wp:term":[{"taxonomy":"product_brand","embeddable":true,"href":"https:\/\/liquidmaster.pl\/en\/wp-json\/wp\/v2\/product_brand?post=1808891"},{"taxonomy":"product_cat","embeddable":true,"href":"https:\/\/liquidmaster.pl\/en\/wp-json\/wp\/v2\/product_cat?post=1808891"},{"taxonomy":"product_tag","embeddable":true,"href":"https:\/\/liquidmaster.pl\/en\/wp-json\/wp\/v2\/product_tag?post=1808891"}],"curies":[{"name":"wp","href":"https:\/\/api.w.org\/{rel}","templated":true}]}}