{"id":1808875,"date":"2025-03-28T20:44:46","date_gmt":"2025-03-28T18:44:46","guid":{"rendered":"https:\/\/liquidmaster.pl\/chemotion-interior-dressing-1l-preparat-do-pielegnacji-elementow-wewnetrznych\/"},"modified":"2026-04-18T04:44:50","modified_gmt":"2026-04-18T02:44:50","slug":"chemotion-interior-dressing-1l-preparat-do-pielegnacji-elementow-wewnetrznych","status":"publish","type":"product","link":"https:\/\/liquidmaster.pl\/en\/chemotion-interior-dressing-1l-preparat-do-pielegnacji-elementow-wewnetrznych\/","title":{"rendered":"Chemotion Interior Dressing 1L \u2013 preparation for the care of interior elements"},"content":{"rendered":"<p>Preparation for the care of internal elements<\/p>\n<p>A polymer-based product designed for the care and maintenance of the dashboard, plastic parts, and interior plastics. It restores freshness and provides a matte finish. It has antistatic properties. It absorbs perfectly and does not cause discoloration. It is silicone-free and prevents dust and dirt from accumulating.<\/p>\n<p>Application: ready to use.<\/p>\n<li>Apply the product to a dry microfiber cloth or applicator and spread over the entire surface.<\/li>\n<li>Buff the agent with a dry cloth or leave until completely absorbed.<\/li>\n<p>Capacity 1 L<\/p>","protected":false},"excerpt":{"rendered":"<p>Preparat do piel\u0119gnacji element\u00f3w wewn\u0119trznych Preparat na bazie polimer\u00f3w. Przeznaczony do piel\u0119gnacji i konserwacji kokpitu, element\u00f3w plastikowych oraz tworzyw sztucznych wewn\u0105trz samochodu. Przywraca \u015bwie\u017co\u015b\u0107 i nadaje matowe wyko\u0144czenie. Posiada w\u0142a\u015bciwo\u015bci antystatyczne. Doskonale wch\u0142ania si\u0119 i nie powoduje przebarwie\u0144. Nie zawiera silikon\u00f3w. Zabezpiecza przed osiadaniem kurzu i przywieraniem brudu. Stosowanie: gotowy do u\u017cycia. Nanie\u015b produkt na&hellip;&nbsp;<a href=\"https:\/\/liquidmaster.pl\/en\/chemotion-interior-dressing-1l-preparat-do-pielegnacji-elementow-wewnetrznych\/\" rel=\"bookmark\">Read More \u00bb<span class=\"screen-reader-text\">Chemotion Interior Dressing 1L \u2013 preparation for the care of interior elements<\/span><\/a><\/p>","protected":false},"featured_media":1849736,"comment_status":"open","ping_status":"open","template":"","meta":{"neve_meta_sidebar":"","neve_meta_container":"","neve_meta_enable_content_width":"","neve_meta_content_width":0,"neve_meta_title_alignment":"","neve_meta_author_avatar":"","neve_post_elements_order":"","neve_meta_disable_header":"","neve_meta_disable_footer":"","neve_meta_disable_title":"","_themeisle_gutenberg_block_has_review":false},"product_brand":[],"product_cat":[796,795,768],"product_tag":[1113],"class_list":{"0":"post-1808875","1":"product","2":"type-product","3":"status-publish","4":"has-post-thumbnail","6":"product_cat-ochrona-plastikow-wewnetrznych","7":"product_cat-plastiki-wewnetrzne","8":"product_cat-wnetrze-auta","9":"product_tag-chemotion","10":"pa_promocja-promocje","12":"first","13":"instock","14":"taxable","15":"shipping-taxable","16":"purchasable","17":"product-type-simple"},"_links":{"self":[{"href":"https:\/\/liquidmaster.pl\/en\/wp-json\/wp\/v2\/product\/1808875","targetHints":{"allow":["GET"]}}],"collection":[{"href":"https:\/\/liquidmaster.pl\/en\/wp-json\/wp\/v2\/product"}],"about":[{"href":"https:\/\/liquidmaster.pl\/en\/wp-json\/wp\/v2\/types\/product"}],"replies":[{"embeddable":true,"href":"https:\/\/liquidmaster.pl\/en\/wp-json\/wp\/v2\/comments?post=1808875"}],"wp:featuredmedia":[{"embeddable":true,"href":"https:\/\/liquidmaster.pl\/en\/wp-json\/wp\/v2\/media\/1849736"}],"wp:attachment":[{"href":"https:\/\/liquidmaster.pl\/en\/wp-json\/wp\/v2\/media?parent=1808875"}],"wp:term":[{"taxonomy":"product_brand","embeddable":true,"href":"https:\/\/liquidmaster.pl\/en\/wp-json\/wp\/v2\/product_brand?post=1808875"},{"taxonomy":"product_cat","embeddable":true,"href":"https:\/\/liquidmaster.pl\/en\/wp-json\/wp\/v2\/product_cat?post=1808875"},{"taxonomy":"product_tag","embeddable":true,"href":"https:\/\/liquidmaster.pl\/en\/wp-json\/wp\/v2\/product_tag?post=1808875"}],"curies":[{"name":"wp","href":"https:\/\/api.w.org\/{rel}","templated":true}]}}