{"id":1808871,"date":"2025-03-28T20:44:46","date_gmt":"2025-03-28T18:44:46","guid":{"rendered":"https:\/\/liquidmaster.pl\/chemotion-interior-detailer-5l-czyszczenie-i-pielegnacja-elementow-wewnetrznych\/"},"modified":"2026-04-18T04:44:49","modified_gmt":"2026-04-18T02:44:49","slug":"chemotion-interior-detailer-5l-czyszczenie-i-pielegnacja-elementow-wewnetrznych","status":"publish","type":"product","link":"https:\/\/liquidmaster.pl\/en\/chemotion-interior-detailer-5l-czyszczenie-i-pielegnacja-elementow-wewnetrznych\/","title":{"rendered":"Chemotion Interior Detailer 5L &#8211; czyszczenie i piel\u0119gnacja element\u00f3w wewn\u0119trznych"},"content":{"rendered":"<p>Preparation for cleaning and care of interior elements<\/p>\n<p>An exceptionally easy-to-use product designed for plastics, LCDs, rubber, and wood. It combines both cleaning and care functions. Its specially developed formula removes grease, dust, and minor contaminants. It leaves a natural surface finish without streaks or discoloration. It protects against re-soiling. The surface becomes pleasant to the touch, and the subtle scent enhances the feeling of freshness.<\/p>\n<p>Application: ready to use.<\/p>\n<li>Shake before use.<\/li>\n<li>Apply a small amount of the product to a microfiber cloth or directly to the interior element.<\/li>\n<li>Spread the product and gently remove any dirt.<\/li>\n<li>Finally, wipe the surface with the other side of the cloth.<\/li>\n<li>After a few seconds, the preparation will evaporate on its own.<\/li>\n<li>Work on cooled surfaces.<\/li>\n<p>Capacity 5 L<\/p>","protected":false},"excerpt":{"rendered":"<p>Preparat do czyszczenia i piel\u0119gnacji element\u00f3w wewn\u0119trznych Wyj\u0105tkowo prosty w u\u017cyciu preparat dedykowany do tworzyw sztucznych, lcd, gumy oraz drewna. \u0141\u0105czy zar\u00f3wno funkcje czyszcz\u0105ce, jak i piel\u0119gnacyjne. Specjalnie opracowana formu\u0142a pozwala usun\u0105\u0107 t\u0142uste \u015blady, kurz oraz drobne zanieczyszczenia. Pozostawia naturalne wyko\u0144czenie powierzchni bez smug i przebarwie\u0144. Zabezpiecza przed ponownym zabrudzeniem. Powierzchnia staje si\u0119 mi\u0142a w&hellip;&nbsp;<a href=\"https:\/\/liquidmaster.pl\/en\/chemotion-interior-detailer-5l-czyszczenie-i-pielegnacja-elementow-wewnetrznych\/\" rel=\"bookmark\">Read More \u00bb<span class=\"screen-reader-text\">Chemotion Interior Detailer 5L &#8211; czyszczenie i piel\u0119gnacja element\u00f3w wewn\u0119trznych<\/span><\/a><\/p>","protected":false},"featured_media":1849732,"comment_status":"open","ping_status":"open","template":"","meta":{"neve_meta_sidebar":"","neve_meta_container":"","neve_meta_enable_content_width":"","neve_meta_content_width":0,"neve_meta_title_alignment":"","neve_meta_author_avatar":"","neve_post_elements_order":"","neve_meta_disable_header":"","neve_meta_disable_footer":"","neve_meta_disable_title":"","_themeisle_gutenberg_block_has_review":false},"product_brand":[],"product_cat":[803,795,768],"product_tag":[1113],"class_list":{"0":"post-1808871","1":"product","2":"type-product","3":"status-publish","4":"has-post-thumbnail","6":"product_cat-interior-qd","7":"product_cat-plastiki-wewnetrzne","8":"product_cat-wnetrze-auta","9":"product_tag-chemotion","10":"pa_promocja-promocje","12":"first","13":"instock","14":"taxable","15":"shipping-taxable","16":"purchasable","17":"product-type-simple"},"_links":{"self":[{"href":"https:\/\/liquidmaster.pl\/en\/wp-json\/wp\/v2\/product\/1808871","targetHints":{"allow":["GET"]}}],"collection":[{"href":"https:\/\/liquidmaster.pl\/en\/wp-json\/wp\/v2\/product"}],"about":[{"href":"https:\/\/liquidmaster.pl\/en\/wp-json\/wp\/v2\/types\/product"}],"replies":[{"embeddable":true,"href":"https:\/\/liquidmaster.pl\/en\/wp-json\/wp\/v2\/comments?post=1808871"}],"wp:featuredmedia":[{"embeddable":true,"href":"https:\/\/liquidmaster.pl\/en\/wp-json\/wp\/v2\/media\/1849732"}],"wp:attachment":[{"href":"https:\/\/liquidmaster.pl\/en\/wp-json\/wp\/v2\/media?parent=1808871"}],"wp:term":[{"taxonomy":"product_brand","embeddable":true,"href":"https:\/\/liquidmaster.pl\/en\/wp-json\/wp\/v2\/product_brand?post=1808871"},{"taxonomy":"product_cat","embeddable":true,"href":"https:\/\/liquidmaster.pl\/en\/wp-json\/wp\/v2\/product_cat?post=1808871"},{"taxonomy":"product_tag","embeddable":true,"href":"https:\/\/liquidmaster.pl\/en\/wp-json\/wp\/v2\/product_tag?post=1808871"}],"curies":[{"name":"wp","href":"https:\/\/api.w.org\/{rel}","templated":true}]}}