{"id":1808867,"date":"2025-03-28T20:44:25","date_gmt":"2025-03-28T18:44:25","guid":{"rendered":"https:\/\/liquidmaster.pl\/chemotion-interior-cleaner-500ml-preparat-do-czyszczenia-kokpitu-i-elementow-wewnetrznych\/"},"modified":"2026-04-18T04:44:48","modified_gmt":"2026-04-18T02:44:48","slug":"chemotion-interior-cleaner-500ml-preparat-do-czyszczenia-kokpitu-i-elementow-wewnetrznych","status":"publish","type":"product","link":"https:\/\/liquidmaster.pl\/en\/chemotion-interior-cleaner-500ml-preparat-do-czyszczenia-kokpitu-i-elementow-wewnetrznych\/","title":{"rendered":"Chemotion Interior Cleaner 500ml &#8211; preparat do czyszczenia kokpitu i element\u00f3w wewn\u0119trznych"},"content":{"rendered":"<p>Preparat do czyszczenia kokpitu i element\u00f3w wewn\u0119trznych<\/p>\n<p>Bezpieczny i wielofunkcyjny preparat do czyszczenia wn\u0119trza. Usuwa zabrudzenia z tworzyw sztucznych, drewna, karbonu oraz tapicerki materia\u0142owej. Nie odbarwia i nie wysusza powierzchni.<\/p>\n<p>Application: ready to use<\/p>\n<li>Nanie\u015b produkt na brudn\u0105 powierzchni\u0119 lub mikrofibr\u0119.<\/li>\n<li>Przetrzyj lub wyszoruj p\u0119dzelkiem.<\/li>\n<li>Zbierz zanieczyszczenia mikrofibr\u0105.<\/li>\n<li>Produkt nie wymaga wyp\u0142ukiwania.<\/li>\n<li>Pracuj na ch\u0142odnych powierzchniach.<\/li>\n<li>Sprawd\u017a dzia\u0142anie w ma\u0142o widocznym miejscu.<\/li>\n<p>Capacity 500 ml<\/p>","protected":false},"excerpt":{"rendered":"<p>Preparat do czyszczenia kokpitu i element\u00f3w wewn\u0119trznych Bezpieczny i wielofunkcyjny preparat do czyszczenia wn\u0119trza. Usuwa zabrudzenia z tworzyw sztucznych, drewna, karbonu oraz tapicerki materia\u0142owej. Nie odbarwia i nie wysusza powierzchni. Stosowanie: gotowy do u\u017cycia Nanie\u015b produkt na brudn\u0105 powierzchni\u0119 lub mikrofibr\u0119. Przetrzyj lub wyszoruj p\u0119dzelkiem. Zbierz zanieczyszczenia mikrofibr\u0105. Produkt nie wymaga wyp\u0142ukiwania. Pracuj na ch\u0142odnych&hellip;&nbsp;<a href=\"https:\/\/liquidmaster.pl\/en\/chemotion-interior-cleaner-500ml-preparat-do-czyszczenia-kokpitu-i-elementow-wewnetrznych\/\" rel=\"bookmark\">Read More \u00bb<span class=\"screen-reader-text\">Chemotion Interior Cleaner 500ml &#8211; preparat do czyszczenia kokpitu i element\u00f3w wewn\u0119trznych<\/span><\/a><\/p>","protected":false},"featured_media":1849726,"comment_status":"open","ping_status":"open","template":"","meta":{"neve_meta_sidebar":"","neve_meta_container":"","neve_meta_enable_content_width":"","neve_meta_content_width":0,"neve_meta_title_alignment":"","neve_meta_author_avatar":"","neve_post_elements_order":"","neve_meta_disable_header":"","neve_meta_disable_footer":"","neve_meta_disable_title":"","_themeisle_gutenberg_block_has_review":false},"product_brand":[],"product_cat":[804,795,768],"product_tag":[1113],"class_list":{"0":"post-1808867","1":"product","2":"type-product","3":"status-publish","4":"has-post-thumbnail","6":"product_cat-czyszczenie-plastikow-wewnetrznych","7":"product_cat-plastiki-wewnetrzne","8":"product_cat-wnetrze-auta","9":"product_tag-chemotion","10":"pa_promocja-promocje","12":"first","13":"instock","14":"taxable","15":"shipping-taxable","16":"purchasable","17":"product-type-simple"},"_links":{"self":[{"href":"https:\/\/liquidmaster.pl\/en\/wp-json\/wp\/v2\/product\/1808867","targetHints":{"allow":["GET"]}}],"collection":[{"href":"https:\/\/liquidmaster.pl\/en\/wp-json\/wp\/v2\/product"}],"about":[{"href":"https:\/\/liquidmaster.pl\/en\/wp-json\/wp\/v2\/types\/product"}],"replies":[{"embeddable":true,"href":"https:\/\/liquidmaster.pl\/en\/wp-json\/wp\/v2\/comments?post=1808867"}],"wp:featuredmedia":[{"embeddable":true,"href":"https:\/\/liquidmaster.pl\/en\/wp-json\/wp\/v2\/media\/1849726"}],"wp:attachment":[{"href":"https:\/\/liquidmaster.pl\/en\/wp-json\/wp\/v2\/media?parent=1808867"}],"wp:term":[{"taxonomy":"product_brand","embeddable":true,"href":"https:\/\/liquidmaster.pl\/en\/wp-json\/wp\/v2\/product_brand?post=1808867"},{"taxonomy":"product_cat","embeddable":true,"href":"https:\/\/liquidmaster.pl\/en\/wp-json\/wp\/v2\/product_cat?post=1808867"},{"taxonomy":"product_tag","embeddable":true,"href":"https:\/\/liquidmaster.pl\/en\/wp-json\/wp\/v2\/product_tag?post=1808867"}],"curies":[{"name":"wp","href":"https:\/\/api.w.org\/{rel}","templated":true}]}}