{"id":1808859,"date":"2025-03-28T20:44:04","date_gmt":"2025-03-28T18:44:04","guid":{"rendered":"https:\/\/liquidmaster.pl\/chemotion-insect-remover-500ml-preparat-do-usuwania-owadow\/"},"modified":"2026-04-19T03:32:34","modified_gmt":"2026-04-19T01:32:34","slug":"chemotion-insect-remover-500ml-preparat-do-usuwania-owadow","status":"publish","type":"product","link":"https:\/\/liquidmaster.pl\/en\/chemotion-insect-remover-500ml-preparat-do-usuwania-owadow\/","title":{"rendered":"Chemotion Insect Remover 500ml &#8211; preparat do usuwania owad\u00f3w"},"content":{"rendered":"<p>Preparat do usuwania owad\u00f3w<\/p>\n<p>Bezpieczny i wydajny produkt przeznaczony do usuwania zanieczyszcze\u0144 takich jak owady, soki drzewne oraz ptasie odchody. Mo\u017ce by\u0107 stosowany na auta zabezpieczone woskami, pow\u0142okami oraz foli\u0105. Zapobiega trwa\u0142emu uszkodzeniu lakieru i powstawaniu w\u017cer\u00f3w. Dobrze si\u0119 wyp\u0142ukuje.<\/p>\n<p>Application: ready to use.<\/p>\n<li>Upewnij si\u0119, \u017ce powierzchnia jest sch\u0142odzona.<\/li>\n<li>Spryskaj zanieczyszczenia.<\/li>\n<li>Odczekaj minut\u0119 i sp\u0142ucz silnym strumieniem wody.<\/li>\n<li>Produkt mo\u017ce by\u0107 stosowany r\u00f3wnie\u017c na szyby i tworzywa sztuczne.<\/li>\n<li>Nie dopuszczaj do wyschni\u0119cia.<\/li>\n<p>Capacity 500 ml<\/p>","protected":false},"excerpt":{"rendered":"<p>Preparat do usuwania owad\u00f3w Bezpieczny i wydajny produkt przeznaczony do usuwania zanieczyszcze\u0144 takich jak owady, soki drzewne oraz ptasie odchody. Mo\u017ce by\u0107 stosowany na auta zabezpieczone woskami, pow\u0142okami oraz foli\u0105. Zapobiega trwa\u0142emu uszkodzeniu lakieru i powstawaniu w\u017cer\u00f3w. Dobrze si\u0119 wyp\u0142ukuje. Stosowanie: gotowy do u\u017cycia. Upewnij si\u0119, \u017ce powierzchnia jest sch\u0142odzona. Spryskaj zanieczyszczenia. Odczekaj minut\u0119 i&hellip;&nbsp;<a href=\"https:\/\/liquidmaster.pl\/en\/chemotion-insect-remover-500ml-preparat-do-usuwania-owadow\/\" rel=\"bookmark\">Read More \u00bb<span class=\"screen-reader-text\">Chemotion Insect Remover 500ml &#8211; preparat do usuwania owad\u00f3w<\/span><\/a><\/p>","protected":false},"featured_media":1849712,"comment_status":"open","ping_status":"open","template":"","meta":{"neve_meta_sidebar":"","neve_meta_container":"","neve_meta_enable_content_width":"","neve_meta_content_width":0,"neve_meta_title_alignment":"","neve_meta_author_avatar":"","neve_post_elements_order":"","neve_meta_disable_header":"","neve_meta_disable_footer":"","neve_meta_disable_title":"","_themeisle_gutenberg_block_has_review":false},"product_brand":[],"product_cat":[743,733,754],"product_tag":[1113],"class_list":{"0":"post-1808859","1":"product","2":"type-product","3":"status-publish","4":"has-post-thumbnail","6":"product_cat-dekontaminacja","7":"product_cat-na-zewnatrz","8":"product_cat-usuwanie-owadow","9":"product_tag-chemotion","11":"first","12":"instock","13":"taxable","14":"shipping-taxable","15":"purchasable","16":"product-type-simple"},"_links":{"self":[{"href":"https:\/\/liquidmaster.pl\/en\/wp-json\/wp\/v2\/product\/1808859","targetHints":{"allow":["GET"]}}],"collection":[{"href":"https:\/\/liquidmaster.pl\/en\/wp-json\/wp\/v2\/product"}],"about":[{"href":"https:\/\/liquidmaster.pl\/en\/wp-json\/wp\/v2\/types\/product"}],"replies":[{"embeddable":true,"href":"https:\/\/liquidmaster.pl\/en\/wp-json\/wp\/v2\/comments?post=1808859"}],"wp:featuredmedia":[{"embeddable":true,"href":"https:\/\/liquidmaster.pl\/en\/wp-json\/wp\/v2\/media\/1849712"}],"wp:attachment":[{"href":"https:\/\/liquidmaster.pl\/en\/wp-json\/wp\/v2\/media?parent=1808859"}],"wp:term":[{"taxonomy":"product_brand","embeddable":true,"href":"https:\/\/liquidmaster.pl\/en\/wp-json\/wp\/v2\/product_brand?post=1808859"},{"taxonomy":"product_cat","embeddable":true,"href":"https:\/\/liquidmaster.pl\/en\/wp-json\/wp\/v2\/product_cat?post=1808859"},{"taxonomy":"product_tag","embeddable":true,"href":"https:\/\/liquidmaster.pl\/en\/wp-json\/wp\/v2\/product_tag?post=1808859"}],"curies":[{"name":"wp","href":"https:\/\/api.w.org\/{rel}","templated":true}]}}