{"id":1808847,"date":"2025-03-28T20:42:25","date_gmt":"2025-03-28T18:42:25","guid":{"rendered":"https:\/\/liquidmaster.pl\/chemotion-hydro-dry-concentrate-1l-skoncentrowany-osuszacz-do-lakieru-z-dodatkiem-nablyszczajacym\/"},"modified":"2026-04-19T03:32:31","modified_gmt":"2026-04-19T01:32:31","slug":"chemotion-hydro-dry-concentrate-1l-skoncentrowany-osuszacz-do-lakieru-z-dodatkiem-nablyszczajacym","status":"publish","type":"product","link":"https:\/\/liquidmaster.pl\/en\/chemotion-hydro-dry-concentrate-1l-skoncentrowany-osuszacz-do-lakieru-z-dodatkiem-nablyszczajacym\/","title":{"rendered":"Chemotion Hydro Dry Concentrate 1L &#8211; skoncentrowany osuszacz do lakieru z dodatkiem nab\u0142yszczaj\u0105cym"},"content":{"rendered":"<p>Skoncentrowany osuszacz do lakieru z dodatkiem nab\u0142yszczaj\u0105cym.<\/p>\n<p>Specjalna formu\u0142a przeznaczona do b\u0142yskawicznego osuszania karoserii z dodatkiem nab\u0142yszczaj\u0105cym. Skutecznie rozbija tafl\u0119 wody po myciu i nadaje po\u0142ysk. Produkt w koncentracie.<\/p>\n<p>Stosowanie: 1:100.<\/p>\n<li>Przygotuj roztw\u00f3r 1:100 (10ml koncentratu na 1l wody).<\/li>\n<li>Po dok\u0142adnym umyciu samochodu nanie\u015b preparat na ca\u0142\u0105 powierzchni\u0119.<\/li>\n<li>Mo\u017cesz ponownie op\u0142uka\u0107 karoseri\u0119 lub od razu wysuszy\u0107 delikatnym r\u0119cznikiem.<\/li>\n<li>Mo\u017ce by\u0107 stosowany po ka\u017cdym myciu.<\/li>\n<li>Bezpieczny dla wszystkich element\u00f3w nadwozia.<\/li>\n<p>Capacity 1 L<\/p>","protected":false},"excerpt":{"rendered":"<p>Skoncentrowany osuszacz do lakieru z dodatkiem nab\u0142yszczaj\u0105cym. Specjalna formu\u0142a przeznaczona do b\u0142yskawicznego osuszania karoserii z dodatkiem nab\u0142yszczaj\u0105cym. Skutecznie rozbija tafl\u0119 wody po myciu i nadaje po\u0142ysk. Produkt w koncentracie. Stosowanie: 1:100. Przygotuj roztw\u00f3r 1:100 (10ml koncentratu na 1l wody). Po dok\u0142adnym umyciu samochodu nanie\u015b preparat na ca\u0142\u0105 powierzchni\u0119. Mo\u017cesz ponownie op\u0142uka\u0107 karoseri\u0119 lub od razu&hellip;&nbsp;<a href=\"https:\/\/liquidmaster.pl\/en\/chemotion-hydro-dry-concentrate-1l-skoncentrowany-osuszacz-do-lakieru-z-dodatkiem-nablyszczajacym\/\" rel=\"bookmark\">Read More \u00bb<span class=\"screen-reader-text\">Chemotion Hydro Dry Concentrate 1L &#8211; skoncentrowany osuszacz do lakieru z dodatkiem nab\u0142yszczaj\u0105cym<\/span><\/a><\/p>","protected":false},"featured_media":1849694,"comment_status":"open","ping_status":"open","template":"","meta":{"neve_meta_sidebar":"","neve_meta_container":"","neve_meta_enable_content_width":"","neve_meta_content_width":0,"neve_meta_title_alignment":"","neve_meta_author_avatar":"","neve_post_elements_order":"","neve_meta_disable_header":"","neve_meta_disable_footer":"","neve_meta_disable_title":"","_themeisle_gutenberg_block_has_review":false},"product_brand":[],"product_cat":[734,733,821],"product_tag":[1113],"class_list":{"0":"post-1808847","1":"product","2":"type-product","3":"status-publish","4":"has-post-thumbnail","6":"product_cat-mycie-i-osuszanie","7":"product_cat-na-zewnatrz","8":"product_cat-wspomaganie-osuszania","9":"product_tag-chemotion","11":"first","12":"instock","13":"taxable","14":"shipping-taxable","15":"purchasable","16":"product-type-simple"},"_links":{"self":[{"href":"https:\/\/liquidmaster.pl\/en\/wp-json\/wp\/v2\/product\/1808847","targetHints":{"allow":["GET"]}}],"collection":[{"href":"https:\/\/liquidmaster.pl\/en\/wp-json\/wp\/v2\/product"}],"about":[{"href":"https:\/\/liquidmaster.pl\/en\/wp-json\/wp\/v2\/types\/product"}],"replies":[{"embeddable":true,"href":"https:\/\/liquidmaster.pl\/en\/wp-json\/wp\/v2\/comments?post=1808847"}],"wp:featuredmedia":[{"embeddable":true,"href":"https:\/\/liquidmaster.pl\/en\/wp-json\/wp\/v2\/media\/1849694"}],"wp:attachment":[{"href":"https:\/\/liquidmaster.pl\/en\/wp-json\/wp\/v2\/media?parent=1808847"}],"wp:term":[{"taxonomy":"product_brand","embeddable":true,"href":"https:\/\/liquidmaster.pl\/en\/wp-json\/wp\/v2\/product_brand?post=1808847"},{"taxonomy":"product_cat","embeddable":true,"href":"https:\/\/liquidmaster.pl\/en\/wp-json\/wp\/v2\/product_cat?post=1808847"},{"taxonomy":"product_tag","embeddable":true,"href":"https:\/\/liquidmaster.pl\/en\/wp-json\/wp\/v2\/product_tag?post=1808847"}],"curies":[{"name":"wp","href":"https:\/\/api.w.org\/{rel}","templated":true}]}}