{"id":1808843,"date":"2025-03-28T20:42:04","date_gmt":"2025-03-28T18:42:04","guid":{"rendered":"https:\/\/liquidmaster.pl\/chemotion-glass-cleaner-5l-profesjonalny-srodek-do-mycia-szyb\/"},"modified":"2026-04-18T04:44:42","modified_gmt":"2026-04-18T02:44:42","slug":"chemotion-glass-cleaner-5l-profesjonalny-srodek-do-mycia-szyb","status":"publish","type":"product","link":"https:\/\/liquidmaster.pl\/en\/chemotion-glass-cleaner-5l-profesjonalny-srodek-do-mycia-szyb\/","title":{"rendered":"Chemotion Glass Cleaner 5L \u2013 professional glass cleaner"},"content":{"rendered":"<p>Professional glass cleaner<\/p>\n<p>An effective and efficient cleaner for windows, mirrors, and glass surfaces. Its advanced formula leaves no streaks. It&#039;s also perfect for cleaning chrome or nickel-plated surfaces. It leaves a high-gloss finish and improves water drainage during rain.<\/p>\n<p>Application: ready to use.<\/p>\n<li>Apply the product to the dirty surface or directly to the microfiber and spread thoroughly.<\/li>\n<li>Then use a second dedicated microfiber polishing cloth and add the final shine.<\/li>\n<li>Work on a cooled surface.<\/li>\n<p>Capacity 5 L<\/p>","protected":false},"excerpt":{"rendered":"<p>Profesjonalny \u015brodek do mycia szyb Skuteczny i wydajny \u015brodek do mycia szyb, okien, luster oraz powierzchni szklanych. Dzi\u0119ki zaawansowanej formule nie pozostawia smug. \u015awietnie sprawdza si\u0119 podczas czyszczenia element\u00f3w chromowanych lub niklowanych. Pozostawia wysoki po\u0142ysk i poprawia odprowadzanie wody podczas deszczu. Stosowanie: gotowy do u\u017cycia. Nanie\u015b produkt na zabrudzon\u0105 powierzchni\u0119 lub bezpo\u015brednio na mikrofibr\u0119 i&hellip;&nbsp;<a href=\"https:\/\/liquidmaster.pl\/en\/chemotion-glass-cleaner-5l-profesjonalny-srodek-do-mycia-szyb\/\" rel=\"bookmark\">Read More \u00bb<span class=\"screen-reader-text\">Chemotion Glass Cleaner 5L \u2013 professional glass cleaner<\/span><\/a><\/p>","protected":false},"featured_media":1849688,"comment_status":"open","ping_status":"open","template":"","meta":{"neve_meta_sidebar":"","neve_meta_container":"","neve_meta_enable_content_width":"","neve_meta_content_width":0,"neve_meta_title_alignment":"","neve_meta_author_avatar":"","neve_post_elements_order":"","neve_meta_disable_header":"","neve_meta_disable_footer":"","neve_meta_disable_title":"","_themeisle_gutenberg_block_has_review":false},"product_brand":[],"product_cat":[733,774,773],"product_tag":[1113],"class_list":{"0":"post-1808843","1":"product","2":"type-product","3":"status-publish","4":"has-post-thumbnail","6":"product_cat-na-zewnatrz","7":"product_cat-plyny-do-szyb","8":"product_cat-szyby","9":"product_tag-chemotion","11":"first","12":"instock","13":"taxable","14":"shipping-taxable","15":"purchasable","16":"product-type-simple"},"_links":{"self":[{"href":"https:\/\/liquidmaster.pl\/en\/wp-json\/wp\/v2\/product\/1808843","targetHints":{"allow":["GET"]}}],"collection":[{"href":"https:\/\/liquidmaster.pl\/en\/wp-json\/wp\/v2\/product"}],"about":[{"href":"https:\/\/liquidmaster.pl\/en\/wp-json\/wp\/v2\/types\/product"}],"replies":[{"embeddable":true,"href":"https:\/\/liquidmaster.pl\/en\/wp-json\/wp\/v2\/comments?post=1808843"}],"wp:featuredmedia":[{"embeddable":true,"href":"https:\/\/liquidmaster.pl\/en\/wp-json\/wp\/v2\/media\/1849688"}],"wp:attachment":[{"href":"https:\/\/liquidmaster.pl\/en\/wp-json\/wp\/v2\/media?parent=1808843"}],"wp:term":[{"taxonomy":"product_brand","embeddable":true,"href":"https:\/\/liquidmaster.pl\/en\/wp-json\/wp\/v2\/product_brand?post=1808843"},{"taxonomy":"product_cat","embeddable":true,"href":"https:\/\/liquidmaster.pl\/en\/wp-json\/wp\/v2\/product_cat?post=1808843"},{"taxonomy":"product_tag","embeddable":true,"href":"https:\/\/liquidmaster.pl\/en\/wp-json\/wp\/v2\/product_tag?post=1808843"}],"curies":[{"name":"wp","href":"https:\/\/api.w.org\/{rel}","templated":true}]}}