{"id":1808839,"date":"2025-03-28T20:40:49","date_gmt":"2025-03-28T18:40:49","guid":{"rendered":"https:\/\/liquidmaster.pl\/chemotion-ceramic-booster-250ml-zaawansowany-preparat-do-odswiezania-powlok-z-dodatkiem-sio2\/"},"modified":"2026-04-19T03:32:29","modified_gmt":"2026-04-19T01:32:29","slug":"chemotion-ceramic-booster-250ml-zaawansowany-preparat-do-odswiezania-powlok-z-dodatkiem-sio2","status":"publish","type":"product","link":"https:\/\/liquidmaster.pl\/en\/chemotion-ceramic-booster-250ml-zaawansowany-preparat-do-odswiezania-powlok-z-dodatkiem-sio2\/","title":{"rendered":"Chemotion Ceramic Booster 250ml \u2013 an advanced preparation for refreshing coatings with the addition of SiO2"},"content":{"rendered":"<p>An advanced preparation for refreshing coatings with the addition of SiO2<\/p>\n<p>This product is designed to refresh protective coatings. It significantly extends their lifespan and fills gaps. It creates a glassy protective layer and conceals micro-scratches. It has strong hydrophobic properties, making ongoing maintenance easier. It increases color saturation and protects against UV radiation and salt. It contains one of the main coating components \u2013 SiO2. It can also be applied over other protective coatings and foils. It lasts for approximately 2-3 months.<\/p>\n<p>Application: ready to use.<\/p>\n<p>Usage:<\/p>\n<li>Shake before use.<\/li>\n<li>Make sure the paint is clean and cool.<\/li>\n<li>Apply a small amount of the product to the microfiber and spread it thoroughly over one element.<\/li>\n<li>Use the second microfiber cloth to polish to a full shine.<\/li>\n<li>Ceramic Booster achieves its maximum durability and visual effect after 12 hours of curing. During this time, the varnish should not come into contact with water.<\/li>\n<p>Capacity 250 ml<\/p>","protected":false},"excerpt":{"rendered":"<p>Zaawansowany preparat do od\u015bwie\u017cania pow\u0142ok z dodatkiem SiO2 Produkt dedykowany do od\u015bwie\u017cania pow\u0142ok ochronnych. Znacz\u0105co przed\u0142u\u017ca ich \u017cywotno\u015b\u0107 i uzupe\u0142nia ubytki. Tworzy szklist\u0105 warstw\u0119 ochronn\u0105 i maskuje mikrorysy. Posiada silne w\u0142a\u015bciwo\u015bci hydrofobowe, kt\u00f3re u\u0142atwiaj\u0105 bie\u017c\u0105c\u0105 piel\u0119gnacj\u0119. Zwi\u0119ksza nasycenie koloru, chroni przed promieniowaniem UV oraz dzia\u0142aniem soli. Zawiera jeden z g\u0142\u00f3wnych sk\u0142adnik\u00f3w pow\u0142ok &#8211; SiO2. Mo\u017ce&hellip;&nbsp;<a href=\"https:\/\/liquidmaster.pl\/en\/chemotion-ceramic-booster-250ml-zaawansowany-preparat-do-odswiezania-powlok-z-dodatkiem-sio2\/\" rel=\"bookmark\">Read More \u00bb<span class=\"screen-reader-text\">Chemotion Ceramic Booster 250ml \u2013 an advanced preparation for refreshing coatings with the addition of SiO2<\/span><\/a><\/p>","protected":false},"featured_media":1849680,"comment_status":"open","ping_status":"open","template":"","meta":{"neve_meta_sidebar":"","neve_meta_container":"","neve_meta_enable_content_width":"","neve_meta_content_width":0,"neve_meta_title_alignment":"","neve_meta_author_avatar":"","neve_post_elements_order":"","neve_meta_disable_header":"","neve_meta_disable_footer":"","neve_meta_disable_title":"","_themeisle_gutenberg_block_has_review":false},"product_brand":[],"product_cat":[733,766,775],"product_tag":[1113],"class_list":{"0":"post-1808839","1":"product","2":"type-product","3":"status-publish","4":"has-post-thumbnail","6":"product_cat-na-zewnatrz","7":"product_cat-ochrona-lakieru","8":"product_cat-powloki-ceramiczne","9":"product_tag-chemotion","11":"first","12":"instock","13":"taxable","14":"shipping-taxable","15":"purchasable","16":"product-type-simple"},"_links":{"self":[{"href":"https:\/\/liquidmaster.pl\/en\/wp-json\/wp\/v2\/product\/1808839","targetHints":{"allow":["GET"]}}],"collection":[{"href":"https:\/\/liquidmaster.pl\/en\/wp-json\/wp\/v2\/product"}],"about":[{"href":"https:\/\/liquidmaster.pl\/en\/wp-json\/wp\/v2\/types\/product"}],"replies":[{"embeddable":true,"href":"https:\/\/liquidmaster.pl\/en\/wp-json\/wp\/v2\/comments?post=1808839"}],"wp:featuredmedia":[{"embeddable":true,"href":"https:\/\/liquidmaster.pl\/en\/wp-json\/wp\/v2\/media\/1849680"}],"wp:attachment":[{"href":"https:\/\/liquidmaster.pl\/en\/wp-json\/wp\/v2\/media?parent=1808839"}],"wp:term":[{"taxonomy":"product_brand","embeddable":true,"href":"https:\/\/liquidmaster.pl\/en\/wp-json\/wp\/v2\/product_brand?post=1808839"},{"taxonomy":"product_cat","embeddable":true,"href":"https:\/\/liquidmaster.pl\/en\/wp-json\/wp\/v2\/product_cat?post=1808839"},{"taxonomy":"product_tag","embeddable":true,"href":"https:\/\/liquidmaster.pl\/en\/wp-json\/wp\/v2\/product_tag?post=1808839"}],"curies":[{"name":"wp","href":"https:\/\/api.w.org\/{rel}","templated":true}]}}