{"id":1808835,"date":"2025-03-28T20:40:49","date_gmt":"2025-03-28T18:40:49","guid":{"rendered":"https:\/\/liquidmaster.pl\/chemotion-bubble-car-shampoo-500ml-neutralny-szampon-do-mycia-samochodu\/"},"modified":"2026-04-19T03:32:28","modified_gmt":"2026-04-19T01:32:28","slug":"chemotion-bubble-car-shampoo-500ml-neutralny-szampon-do-mycia-samochodu","status":"publish","type":"product","link":"https:\/\/liquidmaster.pl\/en\/chemotion-bubble-car-shampoo-500ml-neutralny-szampon-do-mycia-samochodu\/","title":{"rendered":"Chemotion Bubble Car Shampoo 500ml \u2013 neutral shampoo for washing cars"},"content":{"rendered":"<p>Neutralny szampon do mycia samochodu<\/p>\n<p>Skoncentrowany szampon do mycia karoserii o neutralnym pH. Dobrze odt\u0142uszcza powierzchni\u0119 i \u0142atwo si\u0119 wyp\u0142ukuje. Bezpieczny dla wosk\u00f3w ochronnych, sealant\u00f3w, pow\u0142ok oraz folii. Podczas pracy tworzy g\u0119st\u0105 pian\u0119. Pachnie \u015bwie\u017cymi owocami.<\/p>\n<p>Use:<\/p>\n<p>40 ml \u2013 80 ml szamponu na 10l ciep\u0142ej wody<\/p>\n<p>Usage:<\/p>\n<ul>\n<li>Delikatn\u0105 r\u0119kawic\u0105 nanie\u015b produkt na ch\u0142odn\u0105 karoseri\u0119 i dok\u0142adnie j\u0105 umyj.<\/li>\n<li>Nast\u0119pnie sp\u0142ucz ca\u0142y samoch\u00f3d.<\/li>\n<li>Zawsze pracuj w zamkni\u0119tym lub zacienionym miejscu. Nie doprowadzaj do wyschni\u0119cia produktu.<\/li>\n<\/ul>\n<p>Capacity 500 ml<\/p>","protected":false},"excerpt":{"rendered":"<p>Neutralny szampon do mycia samochodu Skoncentrowany szampon do mycia karoserii o neutralnym pH. Dobrze odt\u0142uszcza powierzchni\u0119 i \u0142atwo si\u0119 wyp\u0142ukuje. Bezpieczny dla wosk\u00f3w ochronnych, sealant\u00f3w, pow\u0142ok oraz folii. Podczas pracy tworzy g\u0119st\u0105 pian\u0119. Pachnie \u015bwie\u017cymi owocami. Stosowanie: 40 ml \u2013 80 ml szamponu na 10l ciep\u0142ej wody Spos\u00f3b u\u017cycia: Delikatn\u0105 r\u0119kawic\u0105 nanie\u015b produkt na ch\u0142odn\u0105&hellip;&nbsp;<a href=\"https:\/\/liquidmaster.pl\/en\/chemotion-bubble-car-shampoo-500ml-neutralny-szampon-do-mycia-samochodu\/\" rel=\"bookmark\">Read More \u00bb<span class=\"screen-reader-text\">Chemotion Bubble Car Shampoo 500ml \u2013 neutral shampoo for washing cars<\/span><\/a><\/p>","protected":false},"featured_media":1849675,"comment_status":"open","ping_status":"open","template":"","meta":{"neve_meta_sidebar":"","neve_meta_container":"","neve_meta_enable_content_width":"","neve_meta_content_width":0,"neve_meta_title_alignment":"","neve_meta_author_avatar":"","neve_post_elements_order":"","neve_meta_disable_header":"","neve_meta_disable_footer":"","neve_meta_disable_title":"","_themeisle_gutenberg_block_has_review":false},"product_brand":[],"product_cat":[734,733,740],"product_tag":[1113],"class_list":{"0":"post-1808835","1":"product","2":"type-product","3":"status-publish","4":"has-post-thumbnail","6":"product_cat-mycie-i-osuszanie","7":"product_cat-na-zewnatrz","8":"product_cat-szampony-mycie-i-osuszanie","9":"product_tag-chemotion","11":"first","12":"instock","13":"taxable","14":"shipping-taxable","15":"purchasable","16":"product-type-simple"},"_links":{"self":[{"href":"https:\/\/liquidmaster.pl\/en\/wp-json\/wp\/v2\/product\/1808835","targetHints":{"allow":["GET"]}}],"collection":[{"href":"https:\/\/liquidmaster.pl\/en\/wp-json\/wp\/v2\/product"}],"about":[{"href":"https:\/\/liquidmaster.pl\/en\/wp-json\/wp\/v2\/types\/product"}],"replies":[{"embeddable":true,"href":"https:\/\/liquidmaster.pl\/en\/wp-json\/wp\/v2\/comments?post=1808835"}],"wp:featuredmedia":[{"embeddable":true,"href":"https:\/\/liquidmaster.pl\/en\/wp-json\/wp\/v2\/media\/1849675"}],"wp:attachment":[{"href":"https:\/\/liquidmaster.pl\/en\/wp-json\/wp\/v2\/media?parent=1808835"}],"wp:term":[{"taxonomy":"product_brand","embeddable":true,"href":"https:\/\/liquidmaster.pl\/en\/wp-json\/wp\/v2\/product_brand?post=1808835"},{"taxonomy":"product_cat","embeddable":true,"href":"https:\/\/liquidmaster.pl\/en\/wp-json\/wp\/v2\/product_cat?post=1808835"},{"taxonomy":"product_tag","embeddable":true,"href":"https:\/\/liquidmaster.pl\/en\/wp-json\/wp\/v2\/product_tag?post=1808835"}],"curies":[{"name":"wp","href":"https:\/\/api.w.org\/{rel}","templated":true}]}}