{"id":1808823,"date":"2025-03-28T20:40:04","date_gmt":"2025-03-28T18:40:04","guid":{"rendered":"https:\/\/liquidmaster.pl\/chemotion-apc-1l-uniwersalny-srodek-czyszczacy\/"},"modified":"2026-04-18T04:44:37","modified_gmt":"2026-04-18T02:44:37","slug":"chemotion-apc-1l-uniwersalny-srodek-czyszczacy","status":"publish","type":"product","link":"https:\/\/liquidmaster.pl\/en\/chemotion-apc-1l-uniwersalny-srodek-czyszczacy\/","title":{"rendered":"Chemotion APC 1L \u2013 universal cleaner"},"content":{"rendered":"<p>Skoncentrowany \u015brodek czyszcz\u0105cy<\/p>\n<p>Alkaliczny \u015brodek powierzchniowo-czynny przeznaczony do silnie zabrudzonych powierzchni. Mo\u017ce by\u0107 stosowany zar\u00f3wno wewn\u0105trz, jak i na zewn\u0105trz samochodu. \u015awietnie usuwa smary, t\u0142uszcze, oleje, zanieczyszczenia ropopochodne oraz brud.<\/p>\n<p>Stosowanie: dla bardzo silnych zabrudze\u0144 \u2013 koncentrat. Silne i \u015brednie zabrudzenia: 1:1 \u2013 1:10. Lekkie zabrudzenia 1:10 \u2013 1:50.<\/p>\n<p>Usage:<\/p>\n<li>Znajd\u017a odpowiedni roztw\u00f3r i nanie\u015b na zabrudzon\u0105 powierzchni\u0119.<\/li>\n<li>U\u017cyj p\u0119dzelka lub szczotki do szorowania.<\/li>\n<li>Odczekaj oko\u0142o minut\u0119 i usu\u0144 zabrudzenia mikrofibr\u0105 lub sp\u0142ucz wod\u0105.<\/li>\n<li>Work on a cooled surface.<\/li>\n<li>Nie doprowadzaj do ca\u0142kowitego wyschni\u0119cia.<\/li>\n<li>Przed u\u017cyciem wykonaj test w ma\u0142o widocznym miejscu.<\/li>\n<p>Capacity 1 L<\/p>\n<p>\u00a0<\/p>","protected":false},"excerpt":{"rendered":"<p>Skoncentrowany \u015brodek czyszcz\u0105cy Alkaliczny \u015brodek powierzchniowo-czynny przeznaczony do silnie zabrudzonych powierzchni. Mo\u017ce by\u0107 stosowany zar\u00f3wno wewn\u0105trz, jak i na zewn\u0105trz samochodu. \u015awietnie usuwa smary, t\u0142uszcze, oleje, zanieczyszczenia ropopochodne oraz brud. Stosowanie: dla bardzo silnych zabrudze\u0144 \u2013 koncentrat. Silne i \u015brednie zabrudzenia: 1:1 \u2013 1:10. Lekkie zabrudzenia 1:10 \u2013 1:50. Spos\u00f3b u\u017cycia: Znajd\u017a odpowiedni roztw\u00f3r i&hellip;&nbsp;<a href=\"https:\/\/liquidmaster.pl\/en\/chemotion-apc-1l-uniwersalny-srodek-czyszczacy\/\" rel=\"bookmark\">Read More \u00bb<span class=\"screen-reader-text\">Chemotion APC 1L \u2013 universal cleaner<\/span><\/a><\/p>","protected":false},"featured_media":1849656,"comment_status":"open","ping_status":"open","template":"","meta":{"neve_meta_sidebar":"","neve_meta_container":"","neve_meta_enable_content_width":"","neve_meta_content_width":0,"neve_meta_title_alignment":"","neve_meta_author_avatar":"","neve_post_elements_order":"","neve_meta_disable_header":"","neve_meta_disable_footer":"","neve_meta_disable_title":"","_themeisle_gutenberg_block_has_review":false},"product_brand":[],"product_cat":[742,734,733],"product_tag":[1113],"class_list":{"0":"post-1808823","1":"product","2":"type-product","3":"status-publish","4":"has-post-thumbnail","6":"product_cat-apc-mycie-i-osuszanie","7":"product_cat-mycie-i-osuszanie","8":"product_cat-na-zewnatrz","9":"product_tag-chemotion","10":"pa_promocja-promocje","12":"first","13":"instock","14":"taxable","15":"shipping-taxable","16":"purchasable","17":"product-type-simple"},"_links":{"self":[{"href":"https:\/\/liquidmaster.pl\/en\/wp-json\/wp\/v2\/product\/1808823","targetHints":{"allow":["GET"]}}],"collection":[{"href":"https:\/\/liquidmaster.pl\/en\/wp-json\/wp\/v2\/product"}],"about":[{"href":"https:\/\/liquidmaster.pl\/en\/wp-json\/wp\/v2\/types\/product"}],"replies":[{"embeddable":true,"href":"https:\/\/liquidmaster.pl\/en\/wp-json\/wp\/v2\/comments?post=1808823"}],"wp:featuredmedia":[{"embeddable":true,"href":"https:\/\/liquidmaster.pl\/en\/wp-json\/wp\/v2\/media\/1849656"}],"wp:attachment":[{"href":"https:\/\/liquidmaster.pl\/en\/wp-json\/wp\/v2\/media?parent=1808823"}],"wp:term":[{"taxonomy":"product_brand","embeddable":true,"href":"https:\/\/liquidmaster.pl\/en\/wp-json\/wp\/v2\/product_brand?post=1808823"},{"taxonomy":"product_cat","embeddable":true,"href":"https:\/\/liquidmaster.pl\/en\/wp-json\/wp\/v2\/product_cat?post=1808823"},{"taxonomy":"product_tag","embeddable":true,"href":"https:\/\/liquidmaster.pl\/en\/wp-json\/wp\/v2\/product_tag?post=1808823"}],"curies":[{"name":"wp","href":"https:\/\/api.w.org\/{rel}","templated":true}]}}