{"id":1808819,"date":"2025-03-28T20:38:48","date_gmt":"2025-03-28T18:38:48","guid":{"rendered":"https:\/\/liquidmaster.pl\/poka-wieszak-na-dmuchawe-z-haczykiem-na-kabel\/"},"modified":"2026-04-18T04:44:36","modified_gmt":"2026-04-18T02:44:36","slug":"poka-wieszak-na-dmuchawe-z-haczykiem-na-kabel","status":"publish","type":"product","link":"https:\/\/liquidmaster.pl\/en\/poka-wieszak-na-dmuchawe-z-haczykiem-na-kabel\/","title":{"rendered":"POKA Blower Hanger with Cable Hook"},"content":{"rendered":"<p>Wysokiej jako\u015bci, metalowy wieszak na dmuchaw\u0119 z wygodnym haczykiem na kabel. Wykonany z najlepszych jako\u015bciowo i technologicznie stali konstrukcyjnych pokrytych grub\u0105 warstw\u0105 cynku, chroni\u0105c\u0105 przed rdz\u0105 oraz korozj\u0105. Wieszak finalnie zosta\u0142 dwustronnie polakierowany wysokiej jako\u015bci farb\u0105 proszkow\u0105 o drobniej strukturze zapewniaj\u0105cej ochron\u0119 przed zarysowaniami oraz p\u0142owieniem. Tak zabezpieczony wieszak pos\u0142u\u017cy nam przez wiele lat nawet w najtrudniejszych warunkach.<\/p>\n<p>Precyzyjnie wykonany, dzi\u0119ki zaawansowanej technologii CNC, nie posiada ostrych kraw\u0119dzi oraz zako\u0144cze\u0144. Wieszak jest bezpieczny w u\u017cytkowaniu, a miejsca odk\u0142adania dmuchawy s\u0105 dodatkowo zabezpieczone stabilnymi, gumowymi uszczelkami.<\/p>\n<p>Odpowiedni dla wi\u0119kszo\u015bci dmuchaw na rynku z rozstawem k\u00f3\u0142ek\/st\u00f3pek:<br \/>\n&#8211; szeroko\u015b\u0107 max 135mm<br \/>\n&#8211; d\u0142ugo\u015b\u0107 max 240mm<\/p>\n<p>* Wieszak nie zawiera uchwytu na w\u0105\u017c. Jest on dost\u0119pny do sprzeda\u017cy jako osobny produkt.<\/p>\n<p>Characteristic:<\/p>\n<li>Made of 1.5 mm thick sheet metal<\/li>\n<li>Galvanized layer - protects against rust and corrosion<\/li>\n<li>Powder coated - protection against scratches and fading<\/li>\n<li>Dostosowany do wi\u0119kszo\u015bci dost\u0119pnych na rynku dmuchaw<\/li>\n<li>Miejsce dla 1 dmuchawy \u2013 dodatkowo zabezpieczone stabilnymi, gumowymi uszczelkami<\/li>\n<li>Dodatkowy haczyk na kabel<\/li>\n<p>Black colour<\/p>\n<p>Dimensions:<\/p>\n<p>Length: 24 cm<br \/>\nWysoko\u015b\u0107: 35 cm<\/p>\n<p>* Produkt nie zawiera element\u00f3w monta\u017cowych ani dmuchawy<\/p>\n<p>\u00a0<\/p>","protected":false},"excerpt":{"rendered":"<p>Wysokiej jako\u015bci, metalowy wieszak na dmuchaw\u0119 z wygodnym haczykiem na kabel. Wykonany z najlepszych jako\u015bciowo i technologicznie stali konstrukcyjnych pokrytych grub\u0105 warstw\u0105 cynku, chroni\u0105c\u0105 przed rdz\u0105 oraz korozj\u0105. Wieszak finalnie zosta\u0142 dwustronnie polakierowany wysokiej jako\u015bci farb\u0105 proszkow\u0105 o drobniej strukturze zapewniaj\u0105cej ochron\u0119 przed zarysowaniami oraz p\u0142owieniem. Tak zabezpieczony wieszak pos\u0142u\u017cy nam przez wiele lat nawet&hellip;&nbsp;<a href=\"https:\/\/liquidmaster.pl\/en\/poka-wieszak-na-dmuchawe-z-haczykiem-na-kabel\/\" rel=\"bookmark\">Read More \u00bb<span class=\"screen-reader-text\">POKA Blower Hanger with Cable Hook<\/span><\/a><\/p>","protected":false},"featured_media":1849650,"comment_status":"open","ping_status":"open","template":"","meta":{"neve_meta_sidebar":"","neve_meta_container":"","neve_meta_enable_content_width":"","neve_meta_content_width":0,"neve_meta_title_alignment":"","neve_meta_author_avatar":"","neve_post_elements_order":"","neve_meta_disable_header":"","neve_meta_disable_footer":"","neve_meta_disable_title":"","_themeisle_gutenberg_block_has_review":false},"product_brand":[],"product_cat":[757,893,846],"product_tag":[343],"class_list":{"0":"post-1808819","1":"product","2":"type-product","3":"status-publish","4":"has-post-thumbnail","6":"product_cat-akcesoria","7":"product_cat-inne","8":"product_cat-reszta","9":"product_tag-poka-premium","11":"first","12":"instock","13":"taxable","14":"shipping-taxable","15":"purchasable","16":"product-type-simple"},"_links":{"self":[{"href":"https:\/\/liquidmaster.pl\/en\/wp-json\/wp\/v2\/product\/1808819","targetHints":{"allow":["GET"]}}],"collection":[{"href":"https:\/\/liquidmaster.pl\/en\/wp-json\/wp\/v2\/product"}],"about":[{"href":"https:\/\/liquidmaster.pl\/en\/wp-json\/wp\/v2\/types\/product"}],"replies":[{"embeddable":true,"href":"https:\/\/liquidmaster.pl\/en\/wp-json\/wp\/v2\/comments?post=1808819"}],"wp:featuredmedia":[{"embeddable":true,"href":"https:\/\/liquidmaster.pl\/en\/wp-json\/wp\/v2\/media\/1849650"}],"wp:attachment":[{"href":"https:\/\/liquidmaster.pl\/en\/wp-json\/wp\/v2\/media?parent=1808819"}],"wp:term":[{"taxonomy":"product_brand","embeddable":true,"href":"https:\/\/liquidmaster.pl\/en\/wp-json\/wp\/v2\/product_brand?post=1808819"},{"taxonomy":"product_cat","embeddable":true,"href":"https:\/\/liquidmaster.pl\/en\/wp-json\/wp\/v2\/product_cat?post=1808819"},{"taxonomy":"product_tag","embeddable":true,"href":"https:\/\/liquidmaster.pl\/en\/wp-json\/wp\/v2\/product_tag?post=1808819"}],"curies":[{"name":"wp","href":"https:\/\/api.w.org\/{rel}","templated":true}]}}