{"id":1808817,"date":"2025-03-28T20:38:48","date_gmt":"2025-03-28T18:38:48","guid":{"rendered":"https:\/\/liquidmaster.pl\/poka-uchwyt-na-waz-dmuchawy-odkurzacza-itp\/"},"modified":"2026-04-19T03:32:24","modified_gmt":"2026-04-19T01:32:24","slug":"poka-uchwyt-na-waz-dmuchawy-odkurzacza-itp","status":"publish","type":"product","link":"https:\/\/liquidmaster.pl\/en\/poka-uchwyt-na-waz-dmuchawy-odkurzacza-itp\/","title":{"rendered":"POKA Hose holder for blowers, vacuum cleaners, etc."},"content":{"rendered":"<p>Wysokiej jako\u015bci, metalowy uchwyt na w\u0105\u017c dmuchawy, odkurzacza itp. Wykonany z najlepszych jako\u015bciowo i technologicznie stali konstrukcyjnych pokrytych grub\u0105 warstw\u0105 cynku, chroni\u0105c\u0105 przed rdz\u0105 oraz korozj\u0105. Wieszak finalnie zosta\u0142 dwustronnie polakierowany wysokiej jako\u015bci farb\u0105 proszkow\u0105 o drobniej strukturze zapewniaj\u0105cej ochron\u0119 przed zarysowaniami oraz p\u0142owieniem. Tak zabezpieczony wieszak pos\u0142u\u017cy nam przez wiele lat nawet w najtrudniejszych warunkach.<\/p>\n<p>Precyzyjnie wykonany, dzi\u0119ki zaawansowanej technologii CNC, nie posiada ostrych kraw\u0119dzi oraz zako\u0144cze\u0144. Wieszak jest bezpieczny w u\u017cytkowaniu.<\/p>\n<p>Characteristic:<\/p>\n<li>Made of 1.5 mm thick sheet metal<\/li>\n<li>Galvanized layer - protects against rust and corrosion<\/li>\n<li>Powder coated - protection against scratches and fading<\/li>\n<p>Black colour<\/p>\n<p>Dimensions:<\/p>\n<p>D\u0142ugo\u015b\u0107: 29 cm<br \/>\nWysoko\u015b\u0107: 14 cm<\/p>\n<p>* The product does not contain mounting elements<\/p>","protected":false},"excerpt":{"rendered":"<p>Wysokiej jako\u015bci, metalowy uchwyt na w\u0105\u017c dmuchawy, odkurzacza itp. Wykonany z najlepszych jako\u015bciowo i technologicznie stali konstrukcyjnych pokrytych grub\u0105 warstw\u0105 cynku, chroni\u0105c\u0105 przed rdz\u0105 oraz korozj\u0105. Wieszak finalnie zosta\u0142 dwustronnie polakierowany wysokiej jako\u015bci farb\u0105 proszkow\u0105 o drobniej strukturze zapewniaj\u0105cej ochron\u0119 przed zarysowaniami oraz p\u0142owieniem. Tak zabezpieczony wieszak pos\u0142u\u017cy nam przez wiele lat nawet w najtrudniejszych&hellip;&nbsp;<a href=\"https:\/\/liquidmaster.pl\/en\/poka-uchwyt-na-waz-dmuchawy-odkurzacza-itp\/\" rel=\"bookmark\">Read More \u00bb<span class=\"screen-reader-text\">POKA Hose holder for blowers, vacuum cleaners, etc.<\/span><\/a><\/p>","protected":false},"featured_media":1849648,"comment_status":"open","ping_status":"open","template":"","meta":{"neve_meta_sidebar":"","neve_meta_container":"","neve_meta_enable_content_width":"","neve_meta_content_width":0,"neve_meta_title_alignment":"","neve_meta_author_avatar":"","neve_post_elements_order":"","neve_meta_disable_header":"","neve_meta_disable_footer":"","neve_meta_disable_title":"","_themeisle_gutenberg_block_has_review":false},"product_brand":[],"product_cat":[757,893,846],"product_tag":[343],"class_list":{"0":"post-1808817","1":"product","2":"type-product","3":"status-publish","4":"has-post-thumbnail","6":"product_cat-akcesoria","7":"product_cat-inne","8":"product_cat-reszta","9":"product_tag-poka-premium","11":"first","12":"instock","13":"taxable","14":"shipping-taxable","15":"purchasable","16":"product-type-simple"},"_links":{"self":[{"href":"https:\/\/liquidmaster.pl\/en\/wp-json\/wp\/v2\/product\/1808817","targetHints":{"allow":["GET"]}}],"collection":[{"href":"https:\/\/liquidmaster.pl\/en\/wp-json\/wp\/v2\/product"}],"about":[{"href":"https:\/\/liquidmaster.pl\/en\/wp-json\/wp\/v2\/types\/product"}],"replies":[{"embeddable":true,"href":"https:\/\/liquidmaster.pl\/en\/wp-json\/wp\/v2\/comments?post=1808817"}],"wp:featuredmedia":[{"embeddable":true,"href":"https:\/\/liquidmaster.pl\/en\/wp-json\/wp\/v2\/media\/1849648"}],"wp:attachment":[{"href":"https:\/\/liquidmaster.pl\/en\/wp-json\/wp\/v2\/media?parent=1808817"}],"wp:term":[{"taxonomy":"product_brand","embeddable":true,"href":"https:\/\/liquidmaster.pl\/en\/wp-json\/wp\/v2\/product_brand?post=1808817"},{"taxonomy":"product_cat","embeddable":true,"href":"https:\/\/liquidmaster.pl\/en\/wp-json\/wp\/v2\/product_cat?post=1808817"},{"taxonomy":"product_tag","embeddable":true,"href":"https:\/\/liquidmaster.pl\/en\/wp-json\/wp\/v2\/product_tag?post=1808817"}],"curies":[{"name":"wp","href":"https:\/\/api.w.org\/{rel}","templated":true}]}}