{"id":1808813,"date":"2025-03-28T20:38:27","date_gmt":"2025-03-28T18:38:27","guid":{"rendered":"https:\/\/liquidmaster.pl\/gtechniq-w7-tar-and-glue-remover-500ml-usuwanie-resztek-asfaltu-i-kleju-z-drewna-lakieru\/"},"modified":"2026-04-20T08:25:09","modified_gmt":"2026-04-20T06:25:09","slug":"gtechniq-w7-tar-and-glue-remover-500ml-usuwanie-resztek-asfaltu-i-kleju-z-drewna-lakieru","status":"publish","type":"product","link":"https:\/\/liquidmaster.pl\/en\/gtechniq-w7-tar-and-glue-remover-500ml-usuwanie-resztek-asfaltu-i-kleju-z-drewna-lakieru\/","title":{"rendered":"Gtechniq W7 Tar and Glue Remover 500ml \u2013 removes asphalt and glue residues from wood and varnish"},"content":{"rendered":"<p>W7 Tar and Glue Remover to \u015brodek do usuwania resztek asfaltu i kleju z karoserii. Jego skuteczne dzia\u0142anie powoduje, \u017ce po kilku minutach od spryskania lakieru, trudne do usuni\u0119cia, czarne grudki zostaj\u0105 rozpuszczone. Preparat jest bezpieczny dla lakieru i pow\u0142ok.<\/p>\n<p>Przywieranie grudek asfaltu jest nieod\u0142\u0105cznym elementem podr\u00f3\u017cowania. Gdy trzeba je usun\u0105\u0107, a tak\u017ce klej czy \u017cywic\u0119, z pomoc\u0105 przychodzi W7.<\/p>\n<p>Uwaga \u2013 Unika\u0107 pryskania na elementy z tworzyw sztucznych.<\/p>\n<p>Simple steps to help you get the best results<\/p>\n<li>Shake the bottle well before use and wear gloves<\/li>\n<li>U\u017cywaj poza bezpo\u015brednim dzia\u0142aniem promieni s\u0142onecznych<\/li>\n<li>Rozpyl na fibr\u0119 MF1\u00a0 i delikatnie przetrzyj zabrudzone miejsca<\/li>\n<li>Pozostaw na 3-5 minut<\/li>\n<li>Sp\u0142ucz i powt\u00f3rz je\u015bli to konieczne<\/li>\n<li>UWAGA: Nie u\u017cywaj preparatu W7 na elementy plastikowe, gumowe, winylowe. W przypadku kontaktu natychmiast zetrzyj nadmiar. Nie u\u017cywaj do folii PPF lub vinylowej. Mo\u017ce r\u00f3wnie\u017c usun\u0105\u0107 zaprawki lakiernicze.<\/li>\n<li>Przechowuj w ch\u0142odnym i suchym miejscu<\/li>\n<li>U\u017cyj w ci\u0105gu 12 miesi\u0119cy od otwarcia<\/li>\n<p>Capacity 500 ml<\/p>","protected":false},"excerpt":{"rendered":"<p>W7 Tar and Glue Remover to \u015brodek do usuwania resztek asfaltu i kleju z karoserii. Jego skuteczne dzia\u0142anie powoduje, \u017ce po kilku minutach od spryskania lakieru, trudne do usuni\u0119cia, czarne grudki zostaj\u0105 rozpuszczone. Preparat jest bezpieczny dla lakieru i pow\u0142ok. Przywieranie grudek asfaltu jest nieod\u0142\u0105cznym elementem podr\u00f3\u017cowania. Gdy trzeba je usun\u0105\u0107, a tak\u017ce klej czy&hellip;&nbsp;<a href=\"https:\/\/liquidmaster.pl\/en\/gtechniq-w7-tar-and-glue-remover-500ml-usuwanie-resztek-asfaltu-i-kleju-z-drewna-lakieru\/\" rel=\"bookmark\">Read More \u00bb<span class=\"screen-reader-text\">Gtechniq W7 Tar and Glue Remover 500ml \u2013 removes asphalt and glue residues from wood and varnish<\/span><\/a><\/p>","protected":false},"featured_media":1849640,"comment_status":"open","ping_status":"open","template":"","meta":{"neve_meta_sidebar":"","neve_meta_container":"","neve_meta_enable_content_width":"","neve_meta_content_width":0,"neve_meta_title_alignment":"","neve_meta_author_avatar":"","neve_post_elements_order":"","neve_meta_disable_header":"","neve_meta_disable_footer":"","neve_meta_disable_title":"","_themeisle_gutenberg_block_has_review":false},"product_brand":[],"product_cat":[743,733,793],"product_tag":[940],"class_list":{"0":"post-1808813","1":"product","2":"type-product","3":"status-publish","4":"has-post-thumbnail","6":"product_cat-dekontaminacja","7":"product_cat-na-zewnatrz","8":"product_cat-usuwanie-smoly-i-kleju","9":"product_tag-gtechniq","11":"first","12":"outofstock","13":"taxable","14":"shipping-taxable","15":"purchasable","16":"product-type-simple"},"_links":{"self":[{"href":"https:\/\/liquidmaster.pl\/en\/wp-json\/wp\/v2\/product\/1808813","targetHints":{"allow":["GET"]}}],"collection":[{"href":"https:\/\/liquidmaster.pl\/en\/wp-json\/wp\/v2\/product"}],"about":[{"href":"https:\/\/liquidmaster.pl\/en\/wp-json\/wp\/v2\/types\/product"}],"replies":[{"embeddable":true,"href":"https:\/\/liquidmaster.pl\/en\/wp-json\/wp\/v2\/comments?post=1808813"}],"wp:featuredmedia":[{"embeddable":true,"href":"https:\/\/liquidmaster.pl\/en\/wp-json\/wp\/v2\/media\/1849640"}],"wp:attachment":[{"href":"https:\/\/liquidmaster.pl\/en\/wp-json\/wp\/v2\/media?parent=1808813"}],"wp:term":[{"taxonomy":"product_brand","embeddable":true,"href":"https:\/\/liquidmaster.pl\/en\/wp-json\/wp\/v2\/product_brand?post=1808813"},{"taxonomy":"product_cat","embeddable":true,"href":"https:\/\/liquidmaster.pl\/en\/wp-json\/wp\/v2\/product_cat?post=1808813"},{"taxonomy":"product_tag","embeddable":true,"href":"https:\/\/liquidmaster.pl\/en\/wp-json\/wp\/v2\/product_tag?post=1808813"}],"curies":[{"name":"wp","href":"https:\/\/api.w.org\/{rel}","templated":true}]}}