{"id":1808809,"date":"2025-03-28T20:38:05","date_gmt":"2025-03-28T18:38:05","guid":{"rendered":"https:\/\/liquidmaster.pl\/gtechniq-w6-iron-250ml-plyn-do-felg-i-osadow-metalicznych\/"},"modified":"2026-04-20T08:25:08","modified_gmt":"2026-04-20T06:25:08","slug":"gtechniq-w6-iron-250ml-plyn-do-felg-i-osadow-metalicznych","status":"publish","type":"product","link":"https:\/\/liquidmaster.pl\/en\/gtechniq-w6-iron-250ml-plyn-do-felg-i-osadow-metalicznych\/","title":{"rendered":"Gtechniq W6 Iron 250ml \u2013 rim and metal deposits cleaning fluid"},"content":{"rendered":"<p>W6 Iron is a product designed to remove metallic deposits that conventional cleaners can&#039;t remove. Its special formula dissolves brake pad carbon deposits that are strongly bonded to the rim without damaging the rim surface. Compared to acid-based cleaners, it&#039;s completely safe for paintwork.<\/p>\n<p>Simply spray W6 onto the surface you want to clean and wait 5-10 minutes. During this time, the iron particles from the pads will simply dissolve. Then, rinse the product off with a hose or pressure washer to prevent the product from drying out.<\/p>\n<p>Simple steps to help you get the best results<\/p>\n<li>Use in well-ventilated rooms, away from sunlight, as it is a very strong product with an intense, unpleasant smell.<\/li>\n<li>Remove loose dirt with a pressure washer<\/li>\n<li>Spray W6 directly onto the surface and let it sit for 5-10 minutes. During this time, the dirt will be removed, creating a purple residue. Do not allow the product to dry on the surface.<\/li>\n<li>Rinse thoroughly and repeat if necessary. In extreme cases, you can use MF1<\/li>\n<p>Capacity 250 ml<\/p>\n<p>\u00a0<\/p>","protected":false},"excerpt":{"rendered":"<p>W6 Iron to \u015brodek do usuwania osad\u00f3w metalicznych, z kt\u00f3rymi nie radz\u0105 sobie konwecjonalne preparaty. Jego specjalna formu\u0142a rozpuszcza silnie zwi\u0105zany z felg\u0105 nagar z klock\u00f3w hamulcowych, nie uszkadzaj\u0105c powierzchni felgi. W por\u00f3wnaniu do preparat\u00f3w kwasowych jest ca\u0142kowicie bezpieczny dla lakieru. Wystarczy rozpyli\u0107 W6 na powierzchni\u0119, kt\u00f3r\u0105 chcemy wyczy\u015bci\u0107 i poczeka\u0107 5-10 minut. W tym&hellip;&nbsp;<a href=\"https:\/\/liquidmaster.pl\/en\/gtechniq-w6-iron-250ml-plyn-do-felg-i-osadow-metalicznych\/\" rel=\"bookmark\">Read More \u00bb<span class=\"screen-reader-text\">Gtechniq W6 Iron 250ml \u2013 rim and metal deposits cleaning fluid<\/span><\/a><\/p>","protected":false},"featured_media":1849634,"comment_status":"open","ping_status":"open","template":"","meta":{"neve_meta_sidebar":"","neve_meta_container":"","neve_meta_enable_content_width":"","neve_meta_content_width":0,"neve_meta_title_alignment":"","neve_meta_author_avatar":"","neve_post_elements_order":"","neve_meta_disable_header":"","neve_meta_disable_footer":"","neve_meta_disable_title":"","_themeisle_gutenberg_block_has_review":false},"product_brand":[],"product_cat":[744,743,733],"product_tag":[940],"class_list":{"0":"post-1808809","1":"product","2":"type-product","3":"status-publish","4":"has-post-thumbnail","6":"product_cat-deironizacja","7":"product_cat-dekontaminacja","8":"product_cat-na-zewnatrz","9":"product_tag-gtechniq","11":"first","12":"instock","13":"taxable","14":"shipping-taxable","15":"purchasable","16":"product-type-simple"},"_links":{"self":[{"href":"https:\/\/liquidmaster.pl\/en\/wp-json\/wp\/v2\/product\/1808809","targetHints":{"allow":["GET"]}}],"collection":[{"href":"https:\/\/liquidmaster.pl\/en\/wp-json\/wp\/v2\/product"}],"about":[{"href":"https:\/\/liquidmaster.pl\/en\/wp-json\/wp\/v2\/types\/product"}],"replies":[{"embeddable":true,"href":"https:\/\/liquidmaster.pl\/en\/wp-json\/wp\/v2\/comments?post=1808809"}],"wp:featuredmedia":[{"embeddable":true,"href":"https:\/\/liquidmaster.pl\/en\/wp-json\/wp\/v2\/media\/1849634"}],"wp:attachment":[{"href":"https:\/\/liquidmaster.pl\/en\/wp-json\/wp\/v2\/media?parent=1808809"}],"wp:term":[{"taxonomy":"product_brand","embeddable":true,"href":"https:\/\/liquidmaster.pl\/en\/wp-json\/wp\/v2\/product_brand?post=1808809"},{"taxonomy":"product_cat","embeddable":true,"href":"https:\/\/liquidmaster.pl\/en\/wp-json\/wp\/v2\/product_cat?post=1808809"},{"taxonomy":"product_tag","embeddable":true,"href":"https:\/\/liquidmaster.pl\/en\/wp-json\/wp\/v2\/product_tag?post=1808809"}],"curies":[{"name":"wp","href":"https:\/\/api.w.org\/{rel}","templated":true}]}}