{"id":1808807,"date":"2025-03-28T20:38:05","date_gmt":"2025-03-28T18:38:05","guid":{"rendered":"https:\/\/liquidmaster.pl\/gtechniq-w1-gwash-500ml-szampon-samochodowy\/"},"modified":"2026-04-19T03:32:21","modified_gmt":"2026-04-19T01:32:21","slug":"gtechniq-w1-gwash-500ml-szampon-samochodowy","status":"publish","type":"product","link":"https:\/\/liquidmaster.pl\/en\/gtechniq-w1-gwash-500ml-szampon-samochodowy\/","title":{"rendered":"Gtechniq W1 GWash 500ml &#8211; szampon samochodowy"},"content":{"rendered":"<p>GWash to mocno skoncentrowany, skuteczny szampon do mycia karoserii. Jest bezpieczny dla pow\u0142ok, posiada silne w\u0142a\u015bciwo\u015bci pieni\u0105ce a lekki wi\u015bniowy zapach sprawia, \u017ce mycie samochodu jest przyjemne.<\/p>\n<p>W stu procentach biodegradowalny, GWash wytwarza pian\u0119, kt\u00f3ra usuwa brud z lakieru pojazdu. Szampon nat\u0142uszcza cz\u0105steczki brudu, minimalizuj\u0105c \u015bcieranie powierzchni i maksymalizuj\u0105c po\u0142ysk.<\/p>\n<p>Simple steps to help you get the best results<\/p>\n<li>Przed myciem, sp\u0142ucz sw\u00f3j pojazd za pomoc\u0105 myjki ci\u015bnieniowej<\/li>\n<li>Dla lekkich zabrudze\u0144 u\u017cyj 2 nakr\u0119tek produktu na wiadro, 4 nakr\u0119tki w przypadku wi\u0119kszego brudu<\/li>\n<li>Zawsze rozpoczynaj mycie od g\u00f3rnych element\u00f3w, przechodz\u0105c do dolnych partii, p\u0142ucz\u0105c r\u0119kawic\u0119 w osobnym wiadrze, by usun\u0105\u0107 wszelki brud.<\/li>\n<li>Py\u0142 hamulcowy jest silnie rysuj\u0105cy, zalecamy mycie k\u00f3\u0142 osobn\u0105 r\u0119kawic\u0105<\/li>\n<li>Nigdy nie szoruj mocno miejsc zabrudzonych, pozw\u00f3l produktom zmi\u0119kczy\u0107 dan\u0105 powierzchni\u0119, oraz sp\u0142ukuj pojazd dok\u0142adnie by zmy\u0107 pozosta\u0142o\u015bci po szamponie<\/li>\n<li>Nigdy nie aplikuj detergent\u00f3w bezpo\u015brednio na pojazd, albo r\u0119kawic\u0119<\/li>\n<p>\nCapacity 500 ml<\/p>","protected":false},"excerpt":{"rendered":"<p>GWash to mocno skoncentrowany, skuteczny szampon do mycia karoserii. Jest bezpieczny dla pow\u0142ok, posiada silne w\u0142a\u015bciwo\u015bci pieni\u0105ce a lekki wi\u015bniowy zapach sprawia, \u017ce mycie samochodu jest przyjemne. W stu procentach biodegradowalny, GWash wytwarza pian\u0119, kt\u00f3ra usuwa brud z lakieru pojazdu. Szampon nat\u0142uszcza cz\u0105steczki brudu, minimalizuj\u0105c \u015bcieranie powierzchni i maksymalizuj\u0105c po\u0142ysk. Proste kroki, kt\u00f3re pomog\u0105 uzyska\u0107&hellip;&nbsp;<a href=\"https:\/\/liquidmaster.pl\/en\/gtechniq-w1-gwash-500ml-szampon-samochodowy\/\" rel=\"bookmark\">Read More \u00bb<span class=\"screen-reader-text\">Gtechniq W1 GWash 500ml &#8211; szampon samochodowy<\/span><\/a><\/p>","protected":false},"featured_media":1849632,"comment_status":"open","ping_status":"open","template":"","meta":{"neve_meta_sidebar":"","neve_meta_container":"","neve_meta_enable_content_width":"","neve_meta_content_width":0,"neve_meta_title_alignment":"","neve_meta_author_avatar":"","neve_post_elements_order":"","neve_meta_disable_header":"","neve_meta_disable_footer":"","neve_meta_disable_title":"","_themeisle_gutenberg_block_has_review":false},"product_brand":[],"product_cat":[734,733,740],"product_tag":[940],"class_list":{"0":"post-1808807","1":"product","2":"type-product","3":"status-publish","4":"has-post-thumbnail","6":"product_cat-mycie-i-osuszanie","7":"product_cat-na-zewnatrz","8":"product_cat-szampony-mycie-i-osuszanie","9":"product_tag-gtechniq","11":"first","12":"instock","13":"taxable","14":"shipping-taxable","15":"purchasable","16":"product-type-simple"},"_links":{"self":[{"href":"https:\/\/liquidmaster.pl\/en\/wp-json\/wp\/v2\/product\/1808807","targetHints":{"allow":["GET"]}}],"collection":[{"href":"https:\/\/liquidmaster.pl\/en\/wp-json\/wp\/v2\/product"}],"about":[{"href":"https:\/\/liquidmaster.pl\/en\/wp-json\/wp\/v2\/types\/product"}],"replies":[{"embeddable":true,"href":"https:\/\/liquidmaster.pl\/en\/wp-json\/wp\/v2\/comments?post=1808807"}],"wp:featuredmedia":[{"embeddable":true,"href":"https:\/\/liquidmaster.pl\/en\/wp-json\/wp\/v2\/media\/1849632"}],"wp:attachment":[{"href":"https:\/\/liquidmaster.pl\/en\/wp-json\/wp\/v2\/media?parent=1808807"}],"wp:term":[{"taxonomy":"product_brand","embeddable":true,"href":"https:\/\/liquidmaster.pl\/en\/wp-json\/wp\/v2\/product_brand?post=1808807"},{"taxonomy":"product_cat","embeddable":true,"href":"https:\/\/liquidmaster.pl\/en\/wp-json\/wp\/v2\/product_cat?post=1808807"},{"taxonomy":"product_tag","embeddable":true,"href":"https:\/\/liquidmaster.pl\/en\/wp-json\/wp\/v2\/product_tag?post=1808807"}],"curies":[{"name":"wp","href":"https:\/\/api.w.org\/{rel}","templated":true}]}}