{"id":1808803,"date":"2025-03-28T20:36:49","date_gmt":"2025-03-28T18:36:49","guid":{"rendered":"https:\/\/liquidmaster.pl\/gtechniq-mf5-power-40x40cm-mikrofibra-do-szyb\/"},"modified":"2026-04-19T03:32:20","modified_gmt":"2026-04-19T01:32:20","slug":"gtechniq-mf5-power-40x40cm-mikrofibra-do-szyb","status":"publish","type":"product","link":"https:\/\/liquidmaster.pl\/en\/gtechniq-mf5-power-40x40cm-mikrofibra-do-szyb\/","title":{"rendered":"Gtechniq MF5 Power 40x40cm \u2013 microfiber for windows"},"content":{"rendered":"<p>\u015aciereczka do szyb MF5 Power Glass cloth firmy Gtechniq jest doskona\u0142a do czyszczenia szyb.<\/p>\n<p>Mocny splot rybiej \u0142uski usuwa nawet mikroskopijny brud z powierzchni okien, zapewniaj\u0105c idealne krystalicznie czyste wyko\u0144czenie.<\/p>\n<p>MF5 s\u0105 idealne do u\u017cytku z G6 Perfect Glass.<\/p>","protected":false},"excerpt":{"rendered":"<p>\u015aciereczka do szyb MF5 Power Glass cloth firmy Gtechniq jest doskona\u0142a do czyszczenia szyb. Mocny splot rybiej \u0142uski usuwa nawet mikroskopijny brud z powierzchni okien, zapewniaj\u0105c idealne krystalicznie czyste wyko\u0144czenie. MF5 s\u0105 idealne do u\u017cytku z G6 Perfect Glass.<\/p>","protected":false},"featured_media":1849623,"comment_status":"open","ping_status":"open","template":"","meta":{"neve_meta_sidebar":"","neve_meta_container":"","neve_meta_enable_content_width":"","neve_meta_content_width":0,"neve_meta_title_alignment":"","neve_meta_author_avatar":"","neve_post_elements_order":"","neve_meta_disable_header":"","neve_meta_disable_footer":"","neve_meta_disable_title":"","_themeisle_gutenberg_block_has_review":false},"product_brand":[],"product_cat":[757,758,798],"product_tag":[940],"class_list":{"0":"post-1808803","1":"product","2":"type-product","3":"status-publish","4":"has-post-thumbnail","6":"product_cat-akcesoria","7":"product_cat-mikrofibry-i-reczniki","8":"product_cat-uniwersalne","9":"product_tag-gtechniq","11":"first","12":"instock","13":"taxable","14":"shipping-taxable","15":"purchasable","16":"product-type-simple"},"_links":{"self":[{"href":"https:\/\/liquidmaster.pl\/en\/wp-json\/wp\/v2\/product\/1808803","targetHints":{"allow":["GET"]}}],"collection":[{"href":"https:\/\/liquidmaster.pl\/en\/wp-json\/wp\/v2\/product"}],"about":[{"href":"https:\/\/liquidmaster.pl\/en\/wp-json\/wp\/v2\/types\/product"}],"replies":[{"embeddable":true,"href":"https:\/\/liquidmaster.pl\/en\/wp-json\/wp\/v2\/comments?post=1808803"}],"wp:featuredmedia":[{"embeddable":true,"href":"https:\/\/liquidmaster.pl\/en\/wp-json\/wp\/v2\/media\/1849623"}],"wp:attachment":[{"href":"https:\/\/liquidmaster.pl\/en\/wp-json\/wp\/v2\/media?parent=1808803"}],"wp:term":[{"taxonomy":"product_brand","embeddable":true,"href":"https:\/\/liquidmaster.pl\/en\/wp-json\/wp\/v2\/product_brand?post=1808803"},{"taxonomy":"product_cat","embeddable":true,"href":"https:\/\/liquidmaster.pl\/en\/wp-json\/wp\/v2\/product_cat?post=1808803"},{"taxonomy":"product_tag","embeddable":true,"href":"https:\/\/liquidmaster.pl\/en\/wp-json\/wp\/v2\/product_tag?post=1808803"}],"curies":[{"name":"wp","href":"https:\/\/api.w.org\/{rel}","templated":true}]}}