{"id":1808799,"date":"2025-03-28T20:36:49","date_gmt":"2025-03-28T18:36:49","guid":{"rendered":"https:\/\/liquidmaster.pl\/gtechniq-mf1-zeror-40x40cm-mikrofibra-do-aplikacji-powlok\/"},"modified":"2026-04-19T03:32:19","modified_gmt":"2026-04-19T01:32:19","slug":"gtechniq-mf1-zeror-40x40cm-mikrofibra-do-aplikacji-powlok","status":"publish","type":"product","link":"https:\/\/liquidmaster.pl\/en\/gtechniq-mf1-zeror-40x40cm-mikrofibra-do-aplikacji-powlok\/","title":{"rendered":"Gtechniq MF1 ZeroR 40x40cm \u2013 microfiber for applying coatings"},"content":{"rendered":"<p>MF1 ZeroR is a microfiber cloth specifically designed for applying coatings. It has a delicate microfiber structure and is the perfect size for removing excess product. These microfibers are used by our specialists at the authorized Gtechniq ADN detailing network. When using the MF1 ZeroR, remember to frequently change sides to prevent any contaminants that may adhere to the coating or paintwork.<\/p>\n<p>MF1 is also helpful when working with other products, such as interior cleaning and protection. It can be used to remove excess leather or dashboard sealant, or to clean the steering wheel or other car parts. To ensure long-lasting use, it&#039;s recommended to wash our microfiber cloths separately and without fabric softeners.<\/p>\n<p>Colors may vary.<\/p>\n<p>Size: 40\u00d740 cm<br \/>\nWeight: 300 grams<br \/>\nComposition: 70% polyester, 30% polyamide,<\/p>","protected":false},"excerpt":{"rendered":"<p>MF1 ZeroR to mikrofibra opracowana specjalnie do aplikacji pow\u0142ok. Posiada delikatn\u0105 struktur\u0119 mikrow\u0142\u00f3kien i idealny rozmiar do docierania nadmiaru preparatu. To w\u0142a\u015bnie tych mikrofibr u\u017cywaj\u0105 nasi specjali\u015bci z autoryzowanej sieci detailer\u00f3w Gtechniq ADN. Przy korzystaniu z MF1 ZeroR nale\u017cy tylko pami\u0119ta\u0107 o cz\u0119stej zmianie stron, tak by ewentualne zanieczyszczenia, jakie przywieraj\u0105, nie mia\u0142y wp\u0142ywu na&hellip;&nbsp;<a href=\"https:\/\/liquidmaster.pl\/en\/gtechniq-mf1-zeror-40x40cm-mikrofibra-do-aplikacji-powlok\/\" rel=\"bookmark\">Read More \u00bb<span class=\"screen-reader-text\">Gtechniq MF1 ZeroR 40x40cm \u2013 microfiber for applying coatings<\/span><\/a><\/p>","protected":false},"featured_media":1849618,"comment_status":"open","ping_status":"open","template":"","meta":{"neve_meta_sidebar":"","neve_meta_container":"","neve_meta_enable_content_width":"","neve_meta_content_width":0,"neve_meta_title_alignment":"","neve_meta_author_avatar":"","neve_post_elements_order":"","neve_meta_disable_header":"","neve_meta_disable_footer":"","neve_meta_disable_title":"","_themeisle_gutenberg_block_has_review":false},"product_brand":[],"product_cat":[757,758,798],"product_tag":[940],"class_list":{"0":"post-1808799","1":"product","2":"type-product","3":"status-publish","4":"has-post-thumbnail","6":"product_cat-akcesoria","7":"product_cat-mikrofibry-i-reczniki","8":"product_cat-uniwersalne","9":"product_tag-gtechniq","11":"first","12":"instock","13":"taxable","14":"shipping-taxable","15":"purchasable","16":"product-type-simple"},"_links":{"self":[{"href":"https:\/\/liquidmaster.pl\/en\/wp-json\/wp\/v2\/product\/1808799","targetHints":{"allow":["GET"]}}],"collection":[{"href":"https:\/\/liquidmaster.pl\/en\/wp-json\/wp\/v2\/product"}],"about":[{"href":"https:\/\/liquidmaster.pl\/en\/wp-json\/wp\/v2\/types\/product"}],"replies":[{"embeddable":true,"href":"https:\/\/liquidmaster.pl\/en\/wp-json\/wp\/v2\/comments?post=1808799"}],"wp:featuredmedia":[{"embeddable":true,"href":"https:\/\/liquidmaster.pl\/en\/wp-json\/wp\/v2\/media\/1849618"}],"wp:attachment":[{"href":"https:\/\/liquidmaster.pl\/en\/wp-json\/wp\/v2\/media?parent=1808799"}],"wp:term":[{"taxonomy":"product_brand","embeddable":true,"href":"https:\/\/liquidmaster.pl\/en\/wp-json\/wp\/v2\/product_brand?post=1808799"},{"taxonomy":"product_cat","embeddable":true,"href":"https:\/\/liquidmaster.pl\/en\/wp-json\/wp\/v2\/product_cat?post=1808799"},{"taxonomy":"product_tag","embeddable":true,"href":"https:\/\/liquidmaster.pl\/en\/wp-json\/wp\/v2\/product_tag?post=1808799"}],"curies":[{"name":"wp","href":"https:\/\/api.w.org\/{rel}","templated":true}]}}