{"id":1808797,"date":"2025-03-28T20:36:27","date_gmt":"2025-03-28T18:36:27","guid":{"rendered":"https:\/\/liquidmaster.pl\/gtechniq-m1-all-metal-polish-100ml-pasta-polerska-do-metalu\/"},"modified":"2026-04-18T04:44:31","modified_gmt":"2026-04-18T02:44:31","slug":"gtechniq-m1-all-metal-polish-100ml-pasta-polerska-do-metalu","status":"publish","type":"product","link":"https:\/\/liquidmaster.pl\/en\/gtechniq-m1-all-metal-polish-100ml-pasta-polerska-do-metalu\/","title":{"rendered":"Gtechniq M1 All Metal Polish 100ml \u2013 metal polishing paste"},"content":{"rendered":"<p>Gtechniq M1 All Metal Polish przywraca g\u0142\u0119boki po\u0142ysk do ka\u017cdego rodzaju metalu.<\/p>\n<p>Mo\u017ce by\u0107 u\u017cywana do stali nierdzewnej, mosi\u0105dzu, miedzi, aluminium, z\u0142ota, srebra, oraz innych metali szlachetnych. Nie zawiera amoniak\u00f3w, mocnej chemii, czy innych, agresywnych materia\u0142\u00f3w \u015bciernych.<\/p>\n<p>Mo\u017cesz u\u017cywa\u0107 bez ryzyka zwi\u0105zanego z porysowaniem delikatnych powierzchni w wyniku polerowania.<\/p>\n<p>Proste kroki, aby uzyska\u0107 najlepsze wyniki<\/p>\n<li>Porz\u0105dnie wstrz\u0105\u015bnij przed u\u017cyciem<\/li>\n<li>Aplikuj M1 na elementy metalowe unikaj\u0105c ich nas\u0142onecznienia i przetrzyj za pomoc\u0105 MF1<\/li>\n<li>Usu\u0144 pozosta\u0142o\u015b\u0107 produktu<\/li>\n<li>Powt\u00f3rz w razie konieczno\u015bci<\/li>\n<li>Przechowuj w ch\u0142odnym i suchym pomieszczeniu<\/li>\n<p>Capacity 100 ml<\/p>\n<p>\u00a0<\/p>","protected":false},"excerpt":{"rendered":"<p>Gtechniq M1 All Metal Polish przywraca g\u0142\u0119boki po\u0142ysk do ka\u017cdego rodzaju metalu. Mo\u017ce by\u0107 u\u017cywana do stali nierdzewnej, mosi\u0105dzu, miedzi, aluminium, z\u0142ota, srebra, oraz innych metali szlachetnych. Nie zawiera amoniak\u00f3w, mocnej chemii, czy innych, agresywnych materia\u0142\u00f3w \u015bciernych. Mo\u017cesz u\u017cywa\u0107 bez ryzyka zwi\u0105zanego z porysowaniem delikatnych powierzchni w wyniku polerowania. Proste kroki, aby uzyska\u0107 najlepsze wyniki&hellip;&nbsp;<a href=\"https:\/\/liquidmaster.pl\/en\/gtechniq-m1-all-metal-polish-100ml-pasta-polerska-do-metalu\/\" rel=\"bookmark\">Read More \u00bb<span class=\"screen-reader-text\">Gtechniq M1 All Metal Polish 100ml \u2013 metal polishing paste<\/span><\/a><\/p>","protected":false},"featured_media":1849615,"comment_status":"open","ping_status":"open","template":"","meta":{"neve_meta_sidebar":"","neve_meta_container":"","neve_meta_enable_content_width":"","neve_meta_content_width":0,"neve_meta_title_alignment":"","neve_meta_author_avatar":"","neve_post_elements_order":"","neve_meta_disable_header":"","neve_meta_disable_footer":"","neve_meta_disable_title":"","_themeisle_gutenberg_block_has_review":false},"product_brand":[],"product_cat":[836,733,837],"product_tag":[940],"class_list":{"0":"post-1808797","1":"product","2":"type-product","3":"status-publish","4":"has-post-thumbnail","6":"product_cat-elementy-metalowe","7":"product_cat-na-zewnatrz","8":"product_cat-polerowanie-metalu","9":"product_tag-gtechniq","11":"first","12":"instock","13":"taxable","14":"shipping-taxable","15":"purchasable","16":"product-type-simple"},"_links":{"self":[{"href":"https:\/\/liquidmaster.pl\/en\/wp-json\/wp\/v2\/product\/1808797","targetHints":{"allow":["GET"]}}],"collection":[{"href":"https:\/\/liquidmaster.pl\/en\/wp-json\/wp\/v2\/product"}],"about":[{"href":"https:\/\/liquidmaster.pl\/en\/wp-json\/wp\/v2\/types\/product"}],"replies":[{"embeddable":true,"href":"https:\/\/liquidmaster.pl\/en\/wp-json\/wp\/v2\/comments?post=1808797"}],"wp:featuredmedia":[{"embeddable":true,"href":"https:\/\/liquidmaster.pl\/en\/wp-json\/wp\/v2\/media\/1849615"}],"wp:attachment":[{"href":"https:\/\/liquidmaster.pl\/en\/wp-json\/wp\/v2\/media?parent=1808797"}],"wp:term":[{"taxonomy":"product_brand","embeddable":true,"href":"https:\/\/liquidmaster.pl\/en\/wp-json\/wp\/v2\/product_brand?post=1808797"},{"taxonomy":"product_cat","embeddable":true,"href":"https:\/\/liquidmaster.pl\/en\/wp-json\/wp\/v2\/product_cat?post=1808797"},{"taxonomy":"product_tag","embeddable":true,"href":"https:\/\/liquidmaster.pl\/en\/wp-json\/wp\/v2\/product_tag?post=1808797"}],"curies":[{"name":"wp","href":"https:\/\/api.w.org\/{rel}","templated":true}]}}