{"id":1808795,"date":"2025-03-28T20:36:27","date_gmt":"2025-03-28T18:36:27","guid":{"rendered":"https:\/\/liquidmaster.pl\/gtechniq-hexagon-holder-stojak-na-powloki\/"},"modified":"2026-04-18T04:44:30","modified_gmt":"2026-04-18T02:44:30","slug":"gtechniq-hexagon-holder-stojak-na-powloki","status":"publish","type":"product","link":"https:\/\/liquidmaster.pl\/en\/gtechniq-hexagon-holder-stojak-na-powloki\/","title":{"rendered":"Gtechniq Hexagon Holder - Coating Stand"},"content":{"rendered":"<p style=\"text-align: left;\">The Coating Rack is designed to hold 1 x 15ml, 1 x 30ml, and 1 x 50ml bottle of Gtechniq Coatings. The Coating Rack is made from high-quality steel and has a matte red powder-coated finish. Each rack features a laser-etched Gtechniq logo and hexagonal design. The rack measures 150mm wide, 130mm deep, and 37mm high.<\/p>","protected":false},"excerpt":{"rendered":"<p>Stojak na pow\u0142ok\u0119 zosta\u0142 zaprojektowany tak, aby pomie\u015bci\u0107 1 x 15 ml, 1 x 30 ml i 1 x 50 ml butelk\u0119 pow\u0142ok Gtechniq. Stojak na pow\u0142oki wykonany jest z wysokiej jako\u015bci stali i ma matowe, czerwone wyko\u0144czenie malowane proszkowo. Ka\u017cdy uchwyt ma wyci\u0119te laserowo logo Gtechniq i sze\u015bciok\u0105tny wz\u00f3r. Uchwyt ma wymiary 150 mm&hellip;&nbsp;<a href=\"https:\/\/liquidmaster.pl\/en\/gtechniq-hexagon-holder-stojak-na-powloki\/\" rel=\"bookmark\">Read More \u00bb<span class=\"screen-reader-text\">Gtechniq Hexagon Holder - Coating Stand<\/span><\/a><\/p>","protected":false},"featured_media":1849612,"comment_status":"open","ping_status":"open","template":"","meta":{"neve_meta_sidebar":"","neve_meta_container":"","neve_meta_enable_content_width":"","neve_meta_content_width":0,"neve_meta_title_alignment":"","neve_meta_author_avatar":"","neve_post_elements_order":"","neve_meta_disable_header":"","neve_meta_disable_footer":"","neve_meta_disable_title":"","_themeisle_gutenberg_block_has_review":false},"product_brand":[],"product_cat":[757,811,856],"product_tag":[940],"class_list":{"0":"post-1808795","1":"product","2":"type-product","3":"status-publish","4":"has-post-thumbnail","6":"product_cat-akcesoria","7":"product_cat-pozostale-akcesoria","8":"product_cat-torby-i-organizery","9":"product_tag-gtechniq","11":"first","12":"outofstock","13":"taxable","14":"shipping-taxable","15":"purchasable","16":"product-type-simple"},"_links":{"self":[{"href":"https:\/\/liquidmaster.pl\/en\/wp-json\/wp\/v2\/product\/1808795","targetHints":{"allow":["GET"]}}],"collection":[{"href":"https:\/\/liquidmaster.pl\/en\/wp-json\/wp\/v2\/product"}],"about":[{"href":"https:\/\/liquidmaster.pl\/en\/wp-json\/wp\/v2\/types\/product"}],"replies":[{"embeddable":true,"href":"https:\/\/liquidmaster.pl\/en\/wp-json\/wp\/v2\/comments?post=1808795"}],"wp:featuredmedia":[{"embeddable":true,"href":"https:\/\/liquidmaster.pl\/en\/wp-json\/wp\/v2\/media\/1849612"}],"wp:attachment":[{"href":"https:\/\/liquidmaster.pl\/en\/wp-json\/wp\/v2\/media?parent=1808795"}],"wp:term":[{"taxonomy":"product_brand","embeddable":true,"href":"https:\/\/liquidmaster.pl\/en\/wp-json\/wp\/v2\/product_brand?post=1808795"},{"taxonomy":"product_cat","embeddable":true,"href":"https:\/\/liquidmaster.pl\/en\/wp-json\/wp\/v2\/product_cat?post=1808795"},{"taxonomy":"product_tag","embeddable":true,"href":"https:\/\/liquidmaster.pl\/en\/wp-json\/wp\/v2\/product_tag?post=1808795"}],"curies":[{"name":"wp","href":"https:\/\/api.w.org\/{rel}","templated":true}]}}