{"id":1808793,"date":"2025-03-28T20:36:27","date_gmt":"2025-03-28T18:36:27","guid":{"rendered":"https:\/\/liquidmaster.pl\/gtechniq-ap4-multipurpose-applicator-pad-aplikator-piankowy\/"},"modified":"2026-04-19T03:32:17","modified_gmt":"2026-04-19T01:32:17","slug":"gtechniq-ap4-multipurpose-applicator-pad-aplikator-piankowy","status":"publish","type":"product","link":"https:\/\/liquidmaster.pl\/en\/gtechniq-ap4-multipurpose-applicator-pad-aplikator-piankowy\/","title":{"rendered":"Gtechniq AP4 Multipurpose Applicator Pad \u2013 foam applicator"},"content":{"rendered":"<p style=\"text-align: left;\">Ten trwa\u0142y, uniwersalny aplikator o grubo\u015bci 7 cm wykonany jest z elastycznej pianki o otwartych kom\u00f3rkach, dzi\u0119ki czemu idealnie nadaje si\u0119 do nak\u0142adania r\u00f3\u017cnych \u015brodk\u00f3w czyszcz\u0105cych i dressing\u00f3w na opony, sk\u00f3r\u0119, szk\u0142o, winyl i gum\u0119.<\/p>","protected":false},"excerpt":{"rendered":"<p>Ten trwa\u0142y, uniwersalny aplikator o grubo\u015bci 7 cm wykonany jest z elastycznej pianki o otwartych kom\u00f3rkach, dzi\u0119ki czemu idealnie nadaje si\u0119 do nak\u0142adania r\u00f3\u017cnych \u015brodk\u00f3w czyszcz\u0105cych i dressing\u00f3w na opony, sk\u00f3r\u0119, szk\u0142o, winyl i gum\u0119.<\/p>","protected":false},"featured_media":1849610,"comment_status":"open","ping_status":"open","template":"","meta":{"neve_meta_sidebar":"","neve_meta_container":"","neve_meta_enable_content_width":"","neve_meta_content_width":0,"neve_meta_title_alignment":"","neve_meta_author_avatar":"","neve_post_elements_order":"","neve_meta_disable_header":"","neve_meta_disable_footer":"","neve_meta_disable_title":"","_themeisle_gutenberg_block_has_review":false},"product_brand":[],"product_cat":[757,786,797],"product_tag":[940],"class_list":{"0":"post-1808793","1":"product","2":"type-product","3":"status-publish","4":"has-post-thumbnail","6":"product_cat-akcesoria","7":"product_cat-aplikatory","8":"product_cat-aplikatory-do-woskow","9":"product_tag-gtechniq","11":"first","12":"instock","13":"taxable","14":"shipping-taxable","15":"purchasable","16":"product-type-simple"},"_links":{"self":[{"href":"https:\/\/liquidmaster.pl\/en\/wp-json\/wp\/v2\/product\/1808793","targetHints":{"allow":["GET"]}}],"collection":[{"href":"https:\/\/liquidmaster.pl\/en\/wp-json\/wp\/v2\/product"}],"about":[{"href":"https:\/\/liquidmaster.pl\/en\/wp-json\/wp\/v2\/types\/product"}],"replies":[{"embeddable":true,"href":"https:\/\/liquidmaster.pl\/en\/wp-json\/wp\/v2\/comments?post=1808793"}],"wp:featuredmedia":[{"embeddable":true,"href":"https:\/\/liquidmaster.pl\/en\/wp-json\/wp\/v2\/media\/1849610"}],"wp:attachment":[{"href":"https:\/\/liquidmaster.pl\/en\/wp-json\/wp\/v2\/media?parent=1808793"}],"wp:term":[{"taxonomy":"product_brand","embeddable":true,"href":"https:\/\/liquidmaster.pl\/en\/wp-json\/wp\/v2\/product_brand?post=1808793"},{"taxonomy":"product_cat","embeddable":true,"href":"https:\/\/liquidmaster.pl\/en\/wp-json\/wp\/v2\/product_cat?post=1808793"},{"taxonomy":"product_tag","embeddable":true,"href":"https:\/\/liquidmaster.pl\/en\/wp-json\/wp\/v2\/product_tag?post=1808793"}],"curies":[{"name":"wp","href":"https:\/\/api.w.org\/{rel}","templated":true}]}}