{"id":1808789,"date":"2025-03-28T20:36:04","date_gmt":"2025-03-28T18:36:04","guid":{"rendered":"https:\/\/liquidmaster.pl\/kindly-garage-hubble-bubble-500ml-szampon-do-mycia-samochodu\/"},"modified":"2026-04-20T08:25:02","modified_gmt":"2026-04-20T06:25:02","slug":"kindly-garage-hubble-bubble-500ml-szampon-do-mycia-samochodu","status":"publish","type":"product","link":"https:\/\/liquidmaster.pl\/en\/kindly-garage-hubble-bubble-500ml-szampon-do-mycia-samochodu\/","title":{"rendered":"Kindly Garage Hubble Bubble 500ml \u2013 Car Wash Shampoo"},"content":{"rendered":"<p>HUBBLE BUBBLE to uniwersalny szampon do mycia samochodu, stworzony do kompleksowej piel\u0119gnacji zewn\u0119trznej pojazdu. Jest to wszechstronny produkt, kt\u00f3ry doskonale radzi sobie z usuwaniem r\u00f3\u017cnego rodzaju zanieczyszcze\u0144, takich jak brud, kurz, b\u0142oto oraz osady drogowe z powierzchni lakieru, szyb, felg i element\u00f3w chromowanych. Dzi\u0119ki swojej zaawansowanej formule delikatnie, lecz skutecznie czy\u015bci karoseri\u0119, pozostawiaj\u0105c j\u0105 idealnie czyst\u0105 oraz l\u015bni\u0105c\u0105, nie uszkadzaj\u0105c przy tym warstwy woskowej ani pow\u0142ok ochronnych.<\/p>\n<p>Dzi\u0119ki HUBBLE BUBBLE mycie jest przyjemne i efektywne.<\/p>\n<p>REMEMBER BEFORE USE!<\/p>\n<li>Upewnij si\u0119, \u017ce powierzchnia pojazdu jest zimna.<\/li>\n<li>Wykonaj mycie wst\u0119pne, aby usun\u0105\u0107 lu\u017ane zabrudzenia.<\/li>\n<li>Shake the bottle before use.<\/li>\n<li>Stosuj rozcie\u0144czony. 30-40 ml szamponu na 10 litr\u00f3w letniej wody.<\/li>\n<li>Unikaj bezpo\u015bredniego s\u0142o\u0144ca podczas mycia.<\/li>\n<p>HOW TO USE:<\/p>\n<li>Nanie\u015b szampon g\u0105bk\u0105, zaczynaj\u0105c od g\u00f3rnych partii pojazdu.<\/li>\n<li>Po ka\u017cdym etapie p\u0142ucz g\u0105bk\u0119 w czystej wodzie.<\/li>\n<li>Myj samoch\u00f3d etapami, nie pozwalaj\u0105c, by szampon wysech\u0142.<\/li>\n<li>W razie potrzeby powt\u00f3rz czynno\u015b\u0107, a\u017c do uzyskania satysfakcjonuj\u0105cego efektu.<\/li>\n<p>Capacity: 500 ml<\/p>\n<p>\u00a0<\/p>","protected":false},"excerpt":{"rendered":"<p>HUBBLE BUBBLE to uniwersalny szampon do mycia samochodu, stworzony do kompleksowej piel\u0119gnacji zewn\u0119trznej pojazdu. Jest to wszechstronny produkt, kt\u00f3ry doskonale radzi sobie z usuwaniem r\u00f3\u017cnego rodzaju zanieczyszcze\u0144, takich jak brud, kurz, b\u0142oto oraz osady drogowe z powierzchni lakieru, szyb, felg i element\u00f3w chromowanych. Dzi\u0119ki swojej zaawansowanej formule delikatnie, lecz skutecznie czy\u015bci karoseri\u0119, pozostawiaj\u0105c j\u0105 idealnie&hellip;&nbsp;<a href=\"https:\/\/liquidmaster.pl\/en\/kindly-garage-hubble-bubble-500ml-szampon-do-mycia-samochodu\/\" rel=\"bookmark\">Read More \u00bb<span class=\"screen-reader-text\">Kindly Garage Hubble Bubble 500ml \u2013 Car Wash Shampoo<\/span><\/a><\/p>","protected":false},"featured_media":1849598,"comment_status":"open","ping_status":"open","template":"","meta":{"neve_meta_sidebar":"","neve_meta_container":"","neve_meta_enable_content_width":"","neve_meta_content_width":0,"neve_meta_title_alignment":"","neve_meta_author_avatar":"","neve_post_elements_order":"","neve_meta_disable_header":"","neve_meta_disable_footer":"","neve_meta_disable_title":"","_themeisle_gutenberg_block_has_review":false},"product_brand":[],"product_cat":[734,733,740],"product_tag":[1107],"class_list":{"0":"post-1808789","1":"product","2":"type-product","3":"status-publish","4":"has-post-thumbnail","6":"product_cat-mycie-i-osuszanie","7":"product_cat-na-zewnatrz","8":"product_cat-szampony-mycie-i-osuszanie","9":"product_tag-kindly-garage","11":"first","12":"instock","13":"taxable","14":"shipping-taxable","15":"purchasable","16":"product-type-simple"},"_links":{"self":[{"href":"https:\/\/liquidmaster.pl\/en\/wp-json\/wp\/v2\/product\/1808789","targetHints":{"allow":["GET"]}}],"collection":[{"href":"https:\/\/liquidmaster.pl\/en\/wp-json\/wp\/v2\/product"}],"about":[{"href":"https:\/\/liquidmaster.pl\/en\/wp-json\/wp\/v2\/types\/product"}],"replies":[{"embeddable":true,"href":"https:\/\/liquidmaster.pl\/en\/wp-json\/wp\/v2\/comments?post=1808789"}],"wp:featuredmedia":[{"embeddable":true,"href":"https:\/\/liquidmaster.pl\/en\/wp-json\/wp\/v2\/media\/1849598"}],"wp:attachment":[{"href":"https:\/\/liquidmaster.pl\/en\/wp-json\/wp\/v2\/media?parent=1808789"}],"wp:term":[{"taxonomy":"product_brand","embeddable":true,"href":"https:\/\/liquidmaster.pl\/en\/wp-json\/wp\/v2\/product_brand?post=1808789"},{"taxonomy":"product_cat","embeddable":true,"href":"https:\/\/liquidmaster.pl\/en\/wp-json\/wp\/v2\/product_cat?post=1808789"},{"taxonomy":"product_tag","embeddable":true,"href":"https:\/\/liquidmaster.pl\/en\/wp-json\/wp\/v2\/product_tag?post=1808789"}],"curies":[{"name":"wp","href":"https:\/\/api.w.org\/{rel}","templated":true}]}}