{"id":1808783,"date":"2025-03-28T20:34:47","date_gmt":"2025-03-28T18:34:47","guid":{"rendered":"https:\/\/liquidmaster.pl\/fx-protect-graphene-tire-gel-150ml-dressing-z-dodatkiem-grafenu\/"},"modified":"2026-04-18T04:44:27","modified_gmt":"2026-04-18T02:44:27","slug":"fx-protect-graphene-tire-gel-150ml-dressing-z-dodatkiem-grafenu","status":"publish","type":"product","link":"https:\/\/liquidmaster.pl\/en\/fx-protect-graphene-tire-gel-150ml-dressing-z-dodatkiem-grafenu\/","title":{"rendered":"FX Protect Graphene Tire Gel 150ml \u2013 Graphene-infused dressing"},"content":{"rendered":"<p>GRAPHENE TIRE GEL to wszechstronny i \u0142atwy w aplikacji preparat do zabezpieczania opon, element\u00f3w wykonanych z gumy, vinylu i plastiku. Zawiera nanozwi\u0105zki grafenu i krzemu.<\/p>\n<p>PROPERTIES<\/p>\n<ul>\n<li>Zawiera nanozwi\u0105zki grafenu i krzemu, dzi\u0119ki kt\u00f3rym zabezpieczona powierzchnia jest antystatyczna i hydrofobowa. Zapobiega to nadmiernemu brudzeniu powierzchni oraz u\u0142atwia regularne czyszczenie<\/li>\n<li>Unikalny sk\u0142adnik aktywny przenika g\u0142\u0119boko w struktur\u0119 powierzchni, gwarantuj\u0105c nie tylko d\u0142ugotrwa\u0142\u0105 ochron\u0119, ale tak\u017ce blask i g\u0142\u0119bi\u0119 koloru<\/li>\n<li>Wzbogacony o stabilizatory UV. Skutecznie op\u00f3\u017ania procesy blakni\u0119cia, p\u0119kania i starzenia si\u0119 zabezpieczonych powierzchni<\/li>\n<li>\u017belowa konsystencja sprawia, \u017ce preparat jest niezwykle wydajny, a tak\u017ce wyj\u0105tkowo \u0142atwy w aplikacji<\/li>\n<li>Bezpieczny dla ludzi i \u015brodowiska naturalnego. Nie zawiera akrylan\u00f3w, konserwant\u00f3w ani \u015brodk\u00f3w powierzchniowo czynnych<\/li>\n<li>Zapewnia niezawodn\u0105 ochron\u0119 przed korozj\u0105 gumy, skutecznie zapobiegaj\u0105c przedwczesnemu zu\u017cyciu i uszkodzeniom<\/li>\n<li>W zale\u017cno\u015bci od sposobu aplikacjii, mo\u017cliwe jest uzyskanie wyko\u0144czenia b\u0142yszcz\u0105cego lub satynowego<\/li>\n<li>Przyjemny zapach m\u0119skich perfum<\/li>\n<\/ul>\n<p>HOW TO USE<\/p>\n<p>Produkt gotowy do u\u017cycia. Wstrz\u0105sn\u0105\u0107 przed u\u017cyciem. Nanie\u015b\u0107 preparat na aplikator, a nast\u0119pnie dok\u0142adnie rozprowadzi\u0107 na zabezpieczanej powierzchni.<\/p>\n<p>Efekt b\u0142yszcz\u0105cy:<br \/>\nRozprowadzi\u0107 i pozostawi\u0107 do wyschni\u0119cia<\/p>\n<p>Efekt satynowy:<br \/>\nRozproawdzi\u0107, odczeka\u0107 chwil\u0119, a nast\u0119pnie nadmiar produktu wytrze\u0107 such\u0105 mikrofibr\u0105.<\/p>\n<p>W razie konieczno\u015bci powt\u00f3rzy\u0107 proces. Nie stosowa\u0107 na bie\u017cnikach opon.\u00a0 W celu zachowania d\u0142ugotrwa\u0142ego efektu zabezpieczenia, zalecane jest stosowanie niewielkiej ilo\u015bci preparatu jako warstwa uzupe\u0142niaj\u0105ca co 3-4 mycia.<\/p>\n<p>Pojemno\u015b\u0107 150 ml<\/p>\n<p>\nNie potrafisz si\u0119 zdecydowa\u0107?<\/p>\n<p>Przed zakupem \u015brodka do zabezpieczania opon w Twoim samochodzie, powiniene\u015b wzi\u0105\u0107 pod uwag\u0119 efekt jaki chcesz uzyska\u0107. Zapoznaj si\u0119 z przygotowan\u0105 przez nas tabel\u0105 por\u00f3wnawcz\u0105 naszych dw\u00f3ch preparat\u00f3w do zabezpieczania gumy:<\/p>\n<tr>\n\t\t\t\u00a0<\/p>\n<p>\t\t\tFXPROTECT<br \/>\n\t\t\tGraphene Tire Gel<\/p>\n<p>FXPROTECT<br \/>\n\t\t\tTire &#038; Rubber Protection<\/p>\n<\/tr>\n<tr>\n\t\t\tKonsystencja<br \/>\n\t\t\t\u017celowa<br \/>\n\t\t\tp\u0142ynna<br \/>\n\t\t<\/tr>\n<tr>\n\t\t\tTyp produktu<\/p>\n<p>\t\t\tsolvent-based sealant<\/p>\n<p>\t\t\twater based dressing<br \/>\n\t\t<\/tr>\n<tr>\n\t\t\tWydajno\u015b\u0107<br \/>\n\t\t\t**** (4\/5)<br \/>\n\t\t\t***** (5\/5)<br \/>\n\t\t<\/tr>\n<tr>\n\t\t\tEase of application<br \/>\n\t\t\t**** (4\/5)<br \/>\n\t\t\t***** (5\/5)<br \/>\n\t\t<\/tr>\n<tr>\n\t\t\tZawarto\u015b\u0107 grafenu<br \/>\n\t\t\ttak<br \/>\n\t\t\tnie<br \/>\n\t\t<\/tr>\n<tr>\n\t\t\tZawarto\u015b\u0107 nanocz\u0105steczek krzemu<br \/>\n\t\t\ttak<br \/>\n\t\t\ttak<br \/>\n\t\t<\/tr>\n<tr>\n\t\t\tOchrona przed korozj\u0105 gumy<br \/>\n\t\t\ttak<br \/>\n\t\t\tnie<br \/>\n\t\t<\/tr>\n<tr>\n\t\t\tOchrona UV<br \/>\n\t\t\ttak<br \/>\n\t\t\tnie<br \/>\n\t\t<\/tr>\n<tr>\n\t\t\tCzas ochrony<br \/>\n\t\t\t2-3 miesi\u0105ce<br \/>\n\t\t\t3-4 tygodnie<br \/>\n\t\t<\/tr>\n<tr>\n\t\t\tApplication<br \/>\n\t\t\topony, guma, winyl, plastik<br \/>\n\t\t\topony, guma<br \/>\n\t\t<\/tr>\n<tr>\n\t\t\tWyko\u0144czenie powierzchni<br \/>\n\t\t\tpo\u0142ysk \/ satyna<br \/>\n\t\t\tsatyna \/ naturalny<br \/>\n\t\t<\/tr>\n<tr>\n\t\t\tZapach<br \/>\n\t\t\tm\u0119skie perfumy<br \/>\n\t\t\tczekolada<br \/>\n\t\t<\/tr>\n<p>\u00a0<\/p>","protected":false},"excerpt":{"rendered":"<p>GRAPHENE TIRE GEL to wszechstronny i \u0142atwy w aplikacji preparat do zabezpieczania opon, element\u00f3w wykonanych z gumy, vinylu i plastiku. Zawiera nanozwi\u0105zki grafenu i krzemu. W\u0141A\u015aCIWO\u015aCI Zawiera nanozwi\u0105zki grafenu i krzemu, dzi\u0119ki kt\u00f3rym zabezpieczona powierzchnia jest antystatyczna i hydrofobowa. Zapobiega to nadmiernemu brudzeniu powierzchni oraz u\u0142atwia regularne czyszczenie Unikalny sk\u0142adnik aktywny przenika g\u0142\u0119boko w struktur\u0119&hellip;&nbsp;<a href=\"https:\/\/liquidmaster.pl\/en\/fx-protect-graphene-tire-gel-150ml-dressing-z-dodatkiem-grafenu\/\" rel=\"bookmark\">Read More \u00bb<span class=\"screen-reader-text\">FX Protect Graphene Tire Gel 150ml \u2013 Graphene-infused dressing<\/span><\/a><\/p>","protected":false},"featured_media":1849588,"comment_status":"open","ping_status":"open","template":"","meta":{"neve_meta_sidebar":"","neve_meta_container":"","neve_meta_enable_content_width":"","neve_meta_content_width":0,"neve_meta_title_alignment":"","neve_meta_author_avatar":"","neve_post_elements_order":"","neve_meta_disable_header":"","neve_meta_disable_footer":"","neve_meta_disable_title":"","_themeisle_gutenberg_block_has_review":false},"product_brand":[],"product_cat":[765,745,733],"product_tag":[299],"class_list":{"0":"post-1808783","1":"product","2":"type-product","3":"status-publish","4":"has-post-thumbnail","6":"product_cat-dressingi","7":"product_cat-kola-i-opony","8":"product_cat-na-zewnatrz","9":"product_tag-fx-protect","11":"first","12":"instock","13":"taxable","14":"shipping-taxable","15":"purchasable","16":"product-type-simple"},"_links":{"self":[{"href":"https:\/\/liquidmaster.pl\/en\/wp-json\/wp\/v2\/product\/1808783","targetHints":{"allow":["GET"]}}],"collection":[{"href":"https:\/\/liquidmaster.pl\/en\/wp-json\/wp\/v2\/product"}],"about":[{"href":"https:\/\/liquidmaster.pl\/en\/wp-json\/wp\/v2\/types\/product"}],"replies":[{"embeddable":true,"href":"https:\/\/liquidmaster.pl\/en\/wp-json\/wp\/v2\/comments?post=1808783"}],"wp:featuredmedia":[{"embeddable":true,"href":"https:\/\/liquidmaster.pl\/en\/wp-json\/wp\/v2\/media\/1849588"}],"wp:attachment":[{"href":"https:\/\/liquidmaster.pl\/en\/wp-json\/wp\/v2\/media?parent=1808783"}],"wp:term":[{"taxonomy":"product_brand","embeddable":true,"href":"https:\/\/liquidmaster.pl\/en\/wp-json\/wp\/v2\/product_brand?post=1808783"},{"taxonomy":"product_cat","embeddable":true,"href":"https:\/\/liquidmaster.pl\/en\/wp-json\/wp\/v2\/product_cat?post=1808783"},{"taxonomy":"product_tag","embeddable":true,"href":"https:\/\/liquidmaster.pl\/en\/wp-json\/wp\/v2\/product_tag?post=1808783"}],"curies":[{"name":"wp","href":"https:\/\/api.w.org\/{rel}","templated":true}]}}