{"id":1808781,"date":"2025-03-28T20:34:47","date_gmt":"2025-03-28T18:34:47","guid":{"rendered":"https:\/\/liquidmaster.pl\/autoglym-super-resin-polish-1l-mleczko-do-polerowania-z-woskiem\/"},"modified":"2026-04-18T04:44:27","modified_gmt":"2026-04-18T02:44:27","slug":"autoglym-super-resin-polish-1l-mleczko-do-polerowania-z-woskiem","status":"publish","type":"product","link":"https:\/\/liquidmaster.pl\/en\/autoglym-super-resin-polish-1l-mleczko-do-polerowania-z-woskiem\/","title":{"rendered":"Autoglym Super Resin Polish 1L \u2013 polishing milk with wax"},"content":{"rendered":"<p>A legend in the world of car care, used to remove minor scratches and scuffs and to restore the shine of all types of paintwork.<\/p>\n<p>The famous bottle can be found in garages worldwide, having been lovingly used on everything from superfast cars to priceless classics to family cars. It not only restores shine to dull surfaces but is also ideal for removing minor scratches and scuffs on both new and old paintwork. Use every few months as needed to maintain a brilliant shine. Unbeatable, four-time winner of the &quot;Detailing World&#039;s Polish of the Year&quot; award.<\/p>\n<p>Usage:<\/p>\n<li>Wash and dry the varnish.<\/li>\n<li>Shake well and pour a small amount onto the polishing applicator.<\/li>\n<li>Apply a thin layer to the paint using overlapping circular motions to ensure even coverage. Increase pressure on any marks, scratches, or dull spots. Allow to dry. Do not apply to unpainted rubber or plastic trim.<\/li>\n<li>Polish with &quot;Hi-Tech Finishing Cloth&quot;.<\/li>\n<li>Stand to the side and admire the resulting shine.<\/li>\n<p>Capacity 500 ml<\/p>","protected":false},"excerpt":{"rendered":"<p>Legenda w \u015bwiecie piel\u0119gnacji samochodu, stosowany do usuwania drobnych zadrapa\u0144 i rys oraz do przywr\u00f3cenia po\u0142ysku wszystkich rodzaj\u00f3w lakier\u00f3w. S\u0142ynna butelka mo\u017ce by\u0107 znaleziona w gara\u017cach na ca\u0142ym \u015bwiecie, by\u0142a z mi\u0142o\u015bci\u0105 stosowana na wszystkim pocz\u0105wszy od superszybkich samochod\u00f3w, bezcennych klasykach a\u017c do aut rodzinnych. Nie tylko przywraca po\u0142ysk matowym powierzchniom ale ponadto jest idealny&hellip;&nbsp;<a href=\"https:\/\/liquidmaster.pl\/en\/autoglym-super-resin-polish-1l-mleczko-do-polerowania-z-woskiem\/\" rel=\"bookmark\">Read More \u00bb<span class=\"screen-reader-text\">Autoglym Super Resin Polish 1L \u2013 polishing milk with wax<\/span><\/a><\/p>","protected":false},"featured_media":1849586,"comment_status":"open","ping_status":"open","template":"","meta":{"neve_meta_sidebar":"","neve_meta_container":"","neve_meta_enable_content_width":"","neve_meta_content_width":0,"neve_meta_title_alignment":"","neve_meta_author_avatar":"","neve_post_elements_order":"","neve_meta_disable_header":"","neve_meta_disable_footer":"","neve_meta_disable_title":"","_themeisle_gutenberg_block_has_review":false},"product_brand":[],"product_cat":[809,733,808],"product_tag":[265],"class_list":{"0":"post-1808781","1":"product","2":"type-product","3":"status-publish","4":"has-post-thumbnail","6":"product_cat-all-in-one-aio","7":"product_cat-na-zewnatrz","8":"product_cat-przygotowanie-lakieru","9":"product_tag-autoglym","11":"first","12":"instock","13":"taxable","14":"shipping-taxable","15":"purchasable","16":"product-type-simple"},"_links":{"self":[{"href":"https:\/\/liquidmaster.pl\/en\/wp-json\/wp\/v2\/product\/1808781","targetHints":{"allow":["GET"]}}],"collection":[{"href":"https:\/\/liquidmaster.pl\/en\/wp-json\/wp\/v2\/product"}],"about":[{"href":"https:\/\/liquidmaster.pl\/en\/wp-json\/wp\/v2\/types\/product"}],"replies":[{"embeddable":true,"href":"https:\/\/liquidmaster.pl\/en\/wp-json\/wp\/v2\/comments?post=1808781"}],"wp:featuredmedia":[{"embeddable":true,"href":"https:\/\/liquidmaster.pl\/en\/wp-json\/wp\/v2\/media\/1849586"}],"wp:attachment":[{"href":"https:\/\/liquidmaster.pl\/en\/wp-json\/wp\/v2\/media?parent=1808781"}],"wp:term":[{"taxonomy":"product_brand","embeddable":true,"href":"https:\/\/liquidmaster.pl\/en\/wp-json\/wp\/v2\/product_brand?post=1808781"},{"taxonomy":"product_cat","embeddable":true,"href":"https:\/\/liquidmaster.pl\/en\/wp-json\/wp\/v2\/product_cat?post=1808781"},{"taxonomy":"product_tag","embeddable":true,"href":"https:\/\/liquidmaster.pl\/en\/wp-json\/wp\/v2\/product_tag?post=1808781"}],"curies":[{"name":"wp","href":"https:\/\/api.w.org\/{rel}","templated":true}]}}