{"id":1808779,"date":"2025-03-28T20:34:25","date_gmt":"2025-03-28T18:34:25","guid":{"rendered":"https:\/\/liquidmaster.pl\/autoglym-rapid-aqua-wax-500ml-wosk-w-plynie\/"},"modified":"2026-04-19T03:32:13","modified_gmt":"2026-04-19T01:32:13","slug":"autoglym-rapid-aqua-wax-500ml-wosk-w-plynie","status":"publish","type":"product","link":"https:\/\/liquidmaster.pl\/en\/autoglym-rapid-aqua-wax-500ml-wosk-w-plynie\/","title":{"rendered":"Autoglym Rapid Aqua Wax 500ml \u2013 liquid wax"},"content":{"rendered":"<p>The fastest way to long-lasting shine.<\/p>\n<p>&quot;Rapid Aqua Wax&quot; is the best-kept secret in car care. Our carnauba-based wax can be applied directly to a wet vehicle immediately after washing, quickly giving you a beautiful hard wax finish. It can be used to protect all exterior surfaces, including paint, plastic, rubber, and glass, leaving you with a car you&#039;ll be incredibly proud of. Winner of the 2015 &quot;Best Buy&quot; award in the Auto Express wet wax group test, it contains genuine carnauba wax.<\/p>\n<p>Usage:<\/p>\n<li>Wash your vehicle with Autoglym Shampoo and leave it wet.<\/li>\n<li>Shake well and apply Rapid Aqua Wax sparingly to all exterior surfaces, except the windshield. Two or three sprays per panel are sufficient.<\/li>\n<li>To spread the wax, use a clean microfiber cloth until an even coating is created on all surfaces.<\/li>\n<li>Then polish to a shine with a second, clean, dry microfiber cloth.<\/li>\n<p>For use on motorcycle bodywork and trim, apply the product directly to a cloth and wipe the desired surface. Do not apply to motorcycle tires or drivetrain controls.<\/p>\n<p>Capacity 500 ml<\/p>","protected":false},"excerpt":{"rendered":"<p>Najszybsza droga do d\u0142ugotrwa\u0142ego po\u0142ysku. Produkt \u201eRapid Aqua Wax\u201d jest najbardziej strze\u017con\u0105 tajemnic\u0105 w piel\u0119gnacji samochod\u00f3w. Nasz wosk na bazie wosku carnauba mo\u017ce by\u0107 stosowany bezpo\u015brednio na mokry pojazd od razu po myciu, w kr\u00f3tkim czasie daj\u0105c tobie przepi\u0119kne wyko\u0144czenie twardego wosku. Mo\u017ce by\u0107 stosowany do ochrony wszystkich powierzchni zewn\u0119trznych m. in. lakieru, plastiku, gumy&hellip;&nbsp;<a href=\"https:\/\/liquidmaster.pl\/en\/autoglym-rapid-aqua-wax-500ml-wosk-w-plynie\/\" rel=\"bookmark\">Read More \u00bb<span class=\"screen-reader-text\">Autoglym Rapid Aqua Wax 500ml \u2013 liquid wax<\/span><\/a><\/p>","protected":false},"featured_media":1849576,"comment_status":"open","ping_status":"open","template":"","meta":{"neve_meta_sidebar":"","neve_meta_container":"","neve_meta_enable_content_width":"","neve_meta_content_width":0,"neve_meta_title_alignment":"","neve_meta_author_avatar":"","neve_post_elements_order":"","neve_meta_disable_header":"","neve_meta_disable_footer":"","neve_meta_disable_title":"","_themeisle_gutenberg_block_has_review":false},"product_brand":[],"product_cat":[733,766,788],"product_tag":[265],"class_list":{"0":"post-1808779","1":"product","2":"type-product","3":"status-publish","4":"has-post-thumbnail","6":"product_cat-na-zewnatrz","7":"product_cat-ochrona-lakieru","8":"product_cat-woski","9":"product_tag-autoglym","11":"first","12":"instock","13":"taxable","14":"shipping-taxable","15":"purchasable","16":"product-type-simple"},"_links":{"self":[{"href":"https:\/\/liquidmaster.pl\/en\/wp-json\/wp\/v2\/product\/1808779","targetHints":{"allow":["GET"]}}],"collection":[{"href":"https:\/\/liquidmaster.pl\/en\/wp-json\/wp\/v2\/product"}],"about":[{"href":"https:\/\/liquidmaster.pl\/en\/wp-json\/wp\/v2\/types\/product"}],"replies":[{"embeddable":true,"href":"https:\/\/liquidmaster.pl\/en\/wp-json\/wp\/v2\/comments?post=1808779"}],"wp:featuredmedia":[{"embeddable":true,"href":"https:\/\/liquidmaster.pl\/en\/wp-json\/wp\/v2\/media\/1849576"}],"wp:attachment":[{"href":"https:\/\/liquidmaster.pl\/en\/wp-json\/wp\/v2\/media?parent=1808779"}],"wp:term":[{"taxonomy":"product_brand","embeddable":true,"href":"https:\/\/liquidmaster.pl\/en\/wp-json\/wp\/v2\/product_brand?post=1808779"},{"taxonomy":"product_cat","embeddable":true,"href":"https:\/\/liquidmaster.pl\/en\/wp-json\/wp\/v2\/product_cat?post=1808779"},{"taxonomy":"product_tag","embeddable":true,"href":"https:\/\/liquidmaster.pl\/en\/wp-json\/wp\/v2\/product_tag?post=1808779"}],"curies":[{"name":"wp","href":"https:\/\/api.w.org\/{rel}","templated":true}]}}